{"id":23765,"date":"2023-01-02T13:55:46","date_gmt":"2023-01-02T12:55:46","guid":{"rendered":"https:\/\/www.brikol.sk\/produkt\/kanten-fix-retuschierstifte-stk\/"},"modified":"2023-01-02T13:55:46","modified_gmt":"2023-01-02T12:55:46","slug":"kanten-fix-retuschierstifte-stk","status":"publish","type":"product","link":"https:\/\/www.brikol.sk\/de\/produkt\/kanten-fix-retuschierstifte-stk\/","title":{"rendered":"Kanten-Fix Retuschierstifte \/ Stk."},"content":{"rendered":"<p>Kanten-Fix Lack- und Pulverbeschichtungs-Retuschierstift RAL K\u00f6 243. Je nach Spezialisierung k\u00f6nnen diese Lackstifte auf lackierten Oberfl\u00e4chen aus Eisen, Aluminium und Holz sowie auf Laminaten, PVC, Kunststofffolien, Stein, Keramik und Glas verwendet werden. Mit ihnen lassen sich besch\u00e4digte Pulverbeschichtungen auf Metalloberfl\u00e4chen, Kratzer an M\u00f6beln, B\u00f6den und Kunststoff-Fensterprofilen, Durchschliffe, Kantenschnitte und abgeriebene Ecken leicht reparieren oder fehlende Farben und Oberfl\u00e4chenstrukturen nachzeichnen.  <\/p>\n<p>Anwendungsbereiche<\/p>\n<p>Zur Ausbesserung kleinerer Sch\u00e4den an Lacken, Pulverbeschichtungen und Komaxit auf Metallkonstruktionen in RAL-Farbt\u00f6nen. Geeignet f\u00fcr den Innen- und Au\u00dfenbereich. <\/p>\n<p><a href=\"https:\/\/www.brikol.sk\/wp-content\/uploads\/2022\/12\/Navod-na-pouzitie-Technicky-list.pdf\">Gebrauchsanweisung \u2013 Technisches Datenblatt<\/a><\/p>\n","protected":false},"excerpt":{"rendered":"<p>Kanten-Fix Lack- und Pulverbeschichtungs-Retuschierstift RAL K\u00f6 243. Je nach Spezialisierung k\u00f6nnen diese Lackstifte auf lackierten Oberfl\u00e4chen aus Eisen, Aluminium und Holz sowie auf Laminaten, PVC, Kunststofffolien, Stein, Keramik und Glas verwendet werden. Mit ihnen lassen sich besch\u00e4digte Pulverbeschichtungen auf Metalloberfl\u00e4chen, Kratzer an M\u00f6beln, B\u00f6den und Kunststoff-Fensterprofilen, Durchschliffe, Kantenschnitte und abgeriebene Ecken leicht reparieren oder fehlende Farben und Oberfl\u00e4chenstrukturen nachzeichnen. <\/p>\n<p>Anwendungsbereiche: Zur Ausbesserung kleinerer Sch\u00e4den an Lacken, Pulverbeschichtungen und Komaxit auf Metallkonstruktionen in RAL-Farbt\u00f6nen, geeignet f\u00fcr den Innen- und Au\u00dfenbereich.<\/p>\n<p><a href=\"https:\/\/www.brikol.sk\/wp-content\/uploads\/2022\/12\/Navod-na-pouzitie-Technicky-list.pdf\">Gebrauchsanweisung \u2013 Technisches Datenblatt<\/a><\/p>\n<p>https:\/\/youtu.be\/ck-a8Pr74g4<\/p>\n","protected":false},"featured_media":13070,"comment_status":"open","ping_status":"closed","template":"","meta":[],"product_cat":[188,186],"product_tag":[],"_links":{"self":[{"href":"https:\/\/www.brikol.sk\/de\/wp-json\/wp\/v2\/product\/23765"}],"collection":[{"href":"https:\/\/www.brikol.sk\/de\/wp-json\/wp\/v2\/product"}],"about":[{"href":"https:\/\/www.brikol.sk\/de\/wp-json\/wp\/v2\/types\/product"}],"replies":[{"embeddable":true,"href":"https:\/\/www.brikol.sk\/de\/wp-json\/wp\/v2\/comments?post=23765"}],"wp:featuredmedia":[{"embeddable":true,"href":"https:\/\/www.brikol.sk\/de\/wp-json\/wp\/v2\/media\/13070"}],"wp:attachment":[{"href":"https:\/\/www.brikol.sk\/de\/wp-json\/wp\/v2\/media?parent=23765"}],"wp:term":[{"taxonomy":"product_cat","embeddable":true,"href":"https:\/\/www.brikol.sk\/de\/wp-json\/wp\/v2\/product_cat?post=23765"},{"taxonomy":"product_tag","embeddable":true,"href":"https:\/\/www.brikol.sk\/de\/wp-json\/wp\/v2\/product_tag?post=23765"}],"curies":[{"name":"wp","href":"https:\/\/api.w.org\/{rel}","templated":true}]}}