{"id":24336,"date":"2025-08-05T13:18:10","date_gmt":"2025-08-05T11:18:10","guid":{"rendered":"https:\/\/www.brikol.sk\/produkt\/priesvitna-sietovina-proti-hmyzu\/"},"modified":"2026-03-27T12:05:41","modified_gmt":"2026-03-27T11:05:41","slug":"fliegengitter-schwarz-transparent-160cm","status":"publish","type":"product","link":"https:\/\/www.brikol.sk\/de\/produkt\/fliegengitter-schwarz-transparent-160cm\/","title":{"rendered":"Transparente Fliegengitter 160 cm \/ Meter \u2013 hohe Lichtdurchl\u00e4ssigkeit"},"content":{"rendered":"<div class=\"product-short-description\">\n<p data-start=\"570\" data-end=\"747\">Das transparente Fliegengitter in Schwarz 160 cm ist die ideale L\u00f6sung, wenn Sie Ihr Zuhause vor Insekten sch\u00fctzen m\u00f6chten, ohne dabei Licht und Sicht nach drau\u00dfen zu verlieren.<\/p>\n<p data-start=\"749\" data-end=\"967\">\ud83d\udc49 Obwohl das Gewebe schwarz ist, wirkt es nach der Montage nahezu durchsichtig.<br data-start=\"829\" data-end=\"832\" \/>Dank der feinen Struktur der Fasern bleibt die Sicht nach drau\u00dfen klar und der Raum deutlich heller als bei klassischen Fliegengittern.<\/p>\n<p data-start=\"969\" data-end=\"1103\">Im Vergleich zu hellen oder dichteren Netzen reduziert dieses Gewebe die optische Barriere und sorgt f\u00fcr ein nat\u00fcrlicheres Raumgef\u00fchl.<\/p>\n<p data-start=\"1110\" data-end=\"1294\"><strong data-start=\"1110\" data-end=\"1123\">Vorteile:<\/strong><br data-start=\"1123\" data-end=\"1126\" \/>\u2714 wirkt optisch nahezu transparent<br data-start=\"1160\" data-end=\"1163\" \/>\u2714 deutlich mehr Licht im Innenraum<br data-start=\"1197\" data-end=\"1200\" \/>\u2714 bessere Sicht nach drau\u00dfen<br data-start=\"1228\" data-end=\"1231\" \/>\u2714 unauff\u00e4lliges, feines Gewebe<br data-start=\"1261\" data-end=\"1264\" \/>\u2714 UV-best\u00e4ndig und langlebig<\/p>\n<p data-start=\"1301\" data-end=\"1359\"><strong data-start=\"1301\" data-end=\"1325\">Verkauf \/ Lieferung:<\/strong><br data-start=\"1325\" data-end=\"1328\" \/>Der Verkauf erfolgt pro Meter<\/p>\n<p data-start=\"1361\" data-end=\"1380\">1 St\u00fcck = 1 Meter<\/p>\n<p data-start=\"1382\" data-end=\"1462\">Wir liefern die Ware am St\u00fcck entsprechend der bestellten L\u00e4nge (sofern m\u00f6glich)<\/p>\n<p data-start=\"1464\" data-end=\"1567\">Maximale L\u00e4nge in einem St\u00fcck: 30 m<br data-start=\"1499\" data-end=\"1502\" \/>L\u00e4ngere Bestellungen werden aufgeteilt (z. B. 40 m = 30 m + 10 m)<\/p>\n<p data-start=\"1569\" data-end=\"1608\">\ud83d\udc49 Beispiel: 4 St\u00fcck = 4 Meter am St\u00fcck<\/p>\n<p data-start=\"1615\" data-end=\"1770\"><strong data-start=\"1615\" data-end=\"1636\">Technische Daten:<\/strong><br data-start=\"1636\" data-end=\"1639\" \/>\u2022 Breite: 160 cm<br data-start=\"1655\" data-end=\"1658\" \/>\u2022 Farbe: schwarz<br data-start=\"1674\" data-end=\"1677\" \/>\u2022 Typ: transparentes Fliegengitter<br data-start=\"1711\" data-end=\"1714\" \/>\u2022 Verwendung: Fenster und T\u00fcren<br data-start=\"1745\" data-end=\"1748\" \/>\u2022 Verkauf: pro Meter<\/p>\n<p data-start=\"1777\" data-end=\"1898\">\ud83d\udc49 <strong data-start=\"1780\" data-end=\"1796\">Praxis-Tipp:<\/strong><br data-start=\"1796\" data-end=\"1799\" \/>Schwarze Fliegengitter bieten die beste Durchsicht nach au\u00dfen \u2013 deutlich besser als helle Varianten<\/p>\n<div class=\"p-short-description\" data-testid=\"productCardShortDescr\">\n<p><strong>Videon\u00e1vod na v\u00fdmenu sie\u0165oviny:<\/strong><span style=\"color: #000080;\"><strong> <a style=\"color: #000080;\" href=\"https:\/\/www.youtube.com\/watch?v=LL8OxADOhLU\">TU<\/a><\/strong><\/span><\/p>\n<p>&nbsp;<\/p>\n<\/div>\n<\/div>\n","protected":false},"excerpt":{"rendered":"<p data-start=\"3546\" data-end=\"3647\">Transparentes Fliegengitter schwarz 160 cm \/ Meter. Nahezu unsichtbar mit hoher Lichtdurchl\u00e4ssigkeit.<\/p>\n<div class=\"p-short-description\" data-testid=\"productCardShortDescr\">\n<p>&nbsp;<\/p>\n<\/div>\n","protected":false},"featured_media":25026,"comment_status":"open","ping_status":"closed","template":"","meta":[],"product_cat":[182,183],"product_tag":[],"_links":{"self":[{"href":"https:\/\/www.brikol.sk\/de\/wp-json\/wp\/v2\/product\/24336"}],"collection":[{"href":"https:\/\/www.brikol.sk\/de\/wp-json\/wp\/v2\/product"}],"about":[{"href":"https:\/\/www.brikol.sk\/de\/wp-json\/wp\/v2\/types\/product"}],"replies":[{"embeddable":true,"href":"https:\/\/www.brikol.sk\/de\/wp-json\/wp\/v2\/comments?post=24336"}],"wp:featuredmedia":[{"embeddable":true,"href":"https:\/\/www.brikol.sk\/de\/wp-json\/wp\/v2\/media\/25026"}],"wp:attachment":[{"href":"https:\/\/www.brikol.sk\/de\/wp-json\/wp\/v2\/media?parent=24336"}],"wp:term":[{"taxonomy":"product_cat","embeddable":true,"href":"https:\/\/www.brikol.sk\/de\/wp-json\/wp\/v2\/product_cat?post=24336"},{"taxonomy":"product_tag","embeddable":true,"href":"https:\/\/www.brikol.sk\/de\/wp-json\/wp\/v2\/product_tag?post=24336"}],"curies":[{"name":"wp","href":"https:\/\/api.w.org\/{rel}","templated":true}]}}