{"id":24365,"date":"2024-06-25T09:59:04","date_gmt":"2024-06-25T07:59:04","guid":{"rendered":"https:\/\/www.brikol.sk\/produkt\/roh-pre-okenne-siete\/"},"modified":"2026-03-27T12:13:51","modified_gmt":"2026-03-27T11:13:51","slug":"eckverbinder-fliegengitter-fenster","status":"publish","type":"product","link":"https:\/\/www.brikol.sk\/de\/produkt\/eckverbinder-fliegengitter-fenster\/","title":{"rendered":"Eckverbinder f\u00fcr Fliegengitter Fensterrahmen"},"content":{"rendered":"<p data-start=\"374\" data-end=\"511\">Der Eckverbinder f\u00fcr Fliegengitter Fensterrahmen dient zur stabilen Verbindung der einzelnen Profile im Rahmen von Insektenschutzgittern.<\/p>\n<p data-start=\"513\" data-end=\"626\">Er wird in die Rahmenprofile eingesetzt und sorgt daf\u00fcr, dass der Rahmen fest zusammenh\u00e4lt und seine Form beh\u00e4lt.<\/p>\n<p data-start=\"628\" data-end=\"713\">\ud83d\udc49 Ideal f\u00fcr die Reparatur besch\u00e4digter Fliegengitter oder beim Neubau eines Rahmens.<\/p>\n<p data-start=\"715\" data-end=\"831\">Wenn sich der Rahmen lockert, wackelt oder auseinandergeht, liegt das Problem h\u00e4ufig an einem defekten Eckverbinder.<\/p>\n<p data-start=\"833\" data-end=\"913\">Der Austausch ist einfach und kann ohne spezielles Werkzeug durchgef\u00fchrt werden.<\/p>\n<p data-start=\"920\" data-end=\"1083\"><strong data-start=\"920\" data-end=\"933\">Vorteile:<\/strong><br data-start=\"933\" data-end=\"936\" \/>\u2714 stabile Verbindung der Rahmenprofile<br data-start=\"974\" data-end=\"977\" \/>\u2714 einfache und schnelle Montage<br data-start=\"1008\" data-end=\"1011\" \/>\u2714 geeignet f\u00fcr Reparatur und Neubau<br data-start=\"1046\" data-end=\"1049\" \/>\u2714 langlebiges Kunststoffmaterial<\/p>\n<p data-start=\"1090\" data-end=\"1193\"><strong data-start=\"1090\" data-end=\"1104\">Anwendung:<\/strong><br data-start=\"1104\" data-end=\"1107\" \/>Der Eckverbinder wird in die Profile eingesetzt und verbindet diese im rechten Winkel.<\/p>\n<p data-start=\"1200\" data-end=\"1355\"><strong data-start=\"1200\" data-end=\"1221\">Technische Daten:<\/strong><br data-start=\"1221\" data-end=\"1224\" \/>\u2022 Verwendung: Fliegengitter Fenster<br data-start=\"1259\" data-end=\"1262\" \/>\u2022 Typ: Eckverbinder<br data-start=\"1281\" data-end=\"1284\" \/>\u2022 Farben:<br data-start=\"1293\" data-end=\"1296\" \/>\u2013 wei\u00df<br data-start=\"1302\" data-end=\"1305\" \/>\u2013 hellbraun<br data-start=\"1316\" data-end=\"1319\" \/>\u2013 dunkelbraun<br data-start=\"1332\" data-end=\"1335\" \/>\u2022 Verkauf: 1 St\u00fcck<\/p>\n<p data-start=\"1362\" data-end=\"1481\">\ud83d\udc49 <strong data-start=\"1365\" data-end=\"1381\">Praxis-Tipp:<\/strong><br data-start=\"1381\" data-end=\"1384\" \/>Beim Austausch empfehlen wir, alle Ecken zu pr\u00fcfen, um die Stabilit\u00e4t des Rahmens sicherzustellen<\/p>\n","protected":false},"excerpt":{"rendered":"<p data-start=\"2806\" data-end=\"2887\">Eckverbinder f\u00fcr Fliegengitter Fenster. F\u00fcr stabile Verbindung der Rahmenprofile.<\/p>\n","protected":false},"featured_media":19104,"comment_status":"open","ping_status":"closed","template":"","meta":[],"product_cat":[182,184],"product_tag":[],"_links":{"self":[{"href":"https:\/\/www.brikol.sk\/de\/wp-json\/wp\/v2\/product\/24365"}],"collection":[{"href":"https:\/\/www.brikol.sk\/de\/wp-json\/wp\/v2\/product"}],"about":[{"href":"https:\/\/www.brikol.sk\/de\/wp-json\/wp\/v2\/types\/product"}],"replies":[{"embeddable":true,"href":"https:\/\/www.brikol.sk\/de\/wp-json\/wp\/v2\/comments?post=24365"}],"wp:featuredmedia":[{"embeddable":true,"href":"https:\/\/www.brikol.sk\/de\/wp-json\/wp\/v2\/media\/19104"}],"wp:attachment":[{"href":"https:\/\/www.brikol.sk\/de\/wp-json\/wp\/v2\/media?parent=24365"}],"wp:term":[{"taxonomy":"product_cat","embeddable":true,"href":"https:\/\/www.brikol.sk\/de\/wp-json\/wp\/v2\/product_cat?post=24365"},{"taxonomy":"product_tag","embeddable":true,"href":"https:\/\/www.brikol.sk\/de\/wp-json\/wp\/v2\/product_tag?post=24365"}],"curies":[{"name":"wp","href":"https:\/\/api.w.org\/{rel}","templated":true}]}}