{"id":24369,"date":"2024-05-20T13:52:39","date_gmt":"2024-05-20T11:52:39","guid":{"rendered":"https:\/\/www.brikol.sk\/produkt\/pet-sietovina-120-cm\/"},"modified":"2026-03-27T12:16:49","modified_gmt":"2026-03-27T11:16:49","slug":"fliegengitter-pet-120cm","status":"publish","type":"product","link":"https:\/\/www.brikol.sk\/de\/produkt\/fliegengitter-pet-120cm\/","title":{"rendered":"PET Fliegengitter 120 cm \/ Meter \u2013 extra rei\u00dffest f\u00fcr Haustiere"},"content":{"rendered":"<div class=\"product-short-description\">\n<div class=\"p-short-description\" data-testid=\"productCardShortDescr\">\n<p data-start=\"495\" data-end=\"635\">Das PET Fliegengitter 120 cm ist eine verst\u00e4rkte Variante des klassischen Fliegengitters und wurde speziell f\u00fcr h\u00f6here Belastung entwickelt.<\/p>\n<p data-start=\"637\" data-end=\"747\">\ud83d\udc49 Ideal f\u00fcr Haushalte mit Katzen oder Hunden, bei denen herk\u00f6mmliche Fliegengitter schnell besch\u00e4digt werden.<\/p>\n<p data-start=\"749\" data-end=\"927\">Das Gewebe ist deutlich rei\u00dffester und widerstandsf\u00e4higer gegen\u00fcber Krallen, Druck und t\u00e4glicher Nutzung. Dadurch eignet es sich besonders f\u00fcr T\u00fcren oder h\u00e4ufig genutzte Fenster.<\/p>\n<p data-start=\"929\" data-end=\"1021\">Im Vergleich zu normalen Fliegengittern bietet PET-Gewebe eine deutlich l\u00e4ngere Lebensdauer.<\/p>\n<p data-start=\"1028\" data-end=\"1235\"><strong data-start=\"1028\" data-end=\"1041\">Vorteile:<\/strong><br data-start=\"1041\" data-end=\"1044\" \/>\u2714 extra rei\u00dffest und stabil<br data-start=\"1071\" data-end=\"1074\" \/>\u2714 ideal f\u00fcr Haushalte mit Haustieren<br data-start=\"1110\" data-end=\"1113\" \/>\u2714 widerstandsf\u00e4hig gegen Krallen und Druck<br data-start=\"1155\" data-end=\"1158\" \/>\u2714 l\u00e4ngere Lebensdauer als Standardgewebe<br data-start=\"1198\" data-end=\"1201\" \/>\u2714 geeignet f\u00fcr Fenster und T\u00fcren<\/p>\n<p data-start=\"1242\" data-end=\"1300\"><strong data-start=\"1242\" data-end=\"1266\">Verkauf \/ Lieferung:<\/strong><br data-start=\"1266\" data-end=\"1269\" \/>Der Verkauf erfolgt pro Meter<\/p>\n<p data-start=\"1302\" data-end=\"1321\">1 St\u00fcck = 1 Meter<\/p>\n<p data-start=\"1323\" data-end=\"1403\">Wir liefern die Ware am St\u00fcck entsprechend der bestellten L\u00e4nge (sofern m\u00f6glich)<\/p>\n<p data-start=\"1405\" data-end=\"1508\">Maximale L\u00e4nge in einem St\u00fcck: 30 m<br data-start=\"1440\" data-end=\"1443\" \/>L\u00e4ngere Bestellungen werden aufgeteilt (z. B. 40 m = 30 m + 10 m)<\/p>\n<p data-start=\"1510\" data-end=\"1549\">\ud83d\udc49 Beispiel: 4 St\u00fcck = 4 Meter am St\u00fcck<\/p>\n<p data-start=\"1556\" data-end=\"1694\"><strong data-start=\"1556\" data-end=\"1577\">Technische Daten:<\/strong><br data-start=\"1577\" data-end=\"1580\" \/>\u2022 Breite: 120 cm<br data-start=\"1596\" data-end=\"1599\" \/>\u2022 Typ: PET Fliegengitter (verst\u00e4rkt)<br data-start=\"1635\" data-end=\"1638\" \/>\u2022 Verwendung: Fenster und T\u00fcren<br data-start=\"1669\" data-end=\"1672\" \/>\u2022 Verkauf: pro Meter<\/p>\n<p data-start=\"1701\" data-end=\"1823\">\ud83d\udc49 <strong data-start=\"1704\" data-end=\"1720\">Praxis-Tipp:<\/strong><br data-start=\"1720\" data-end=\"1723\" \/>Empfohlen f\u00fcr Balkont\u00fcren oder stark beanspruchte Stellen, wo normales Fliegengitter nicht ausreicht<\/p>\n<p><strong>Videon\u00e1vod na v\u00fdmenu sie\u0165oviny:<\/strong><strong> <a href=\"https:\/\/www.youtube.com\/watch?v=LL8OxADOhLU\"><span style=\"color: #000080;\">TU<\/span><\/a><\/strong><\/p>\n<p>&nbsp;<\/p>\n<\/div>\n<\/div>\n","protected":false},"excerpt":{"rendered":"<p data-start=\"3355\" data-end=\"3428\">PET Fliegengitter 120 cm \/ Meter. Extra rei\u00dffest und ideal f\u00fcr Haustiere.<\/p>\n","protected":false},"featured_media":18861,"comment_status":"open","ping_status":"closed","template":"","meta":[],"product_cat":[182,183],"product_tag":[],"_links":{"self":[{"href":"https:\/\/www.brikol.sk\/de\/wp-json\/wp\/v2\/product\/24369"}],"collection":[{"href":"https:\/\/www.brikol.sk\/de\/wp-json\/wp\/v2\/product"}],"about":[{"href":"https:\/\/www.brikol.sk\/de\/wp-json\/wp\/v2\/types\/product"}],"replies":[{"embeddable":true,"href":"https:\/\/www.brikol.sk\/de\/wp-json\/wp\/v2\/comments?post=24369"}],"wp:featuredmedia":[{"embeddable":true,"href":"https:\/\/www.brikol.sk\/de\/wp-json\/wp\/v2\/media\/18861"}],"wp:attachment":[{"href":"https:\/\/www.brikol.sk\/de\/wp-json\/wp\/v2\/media?parent=24369"}],"wp:term":[{"taxonomy":"product_cat","embeddable":true,"href":"https:\/\/www.brikol.sk\/de\/wp-json\/wp\/v2\/product_cat?post=24369"},{"taxonomy":"product_tag","embeddable":true,"href":"https:\/\/www.brikol.sk\/de\/wp-json\/wp\/v2\/product_tag?post=24369"}],"curies":[{"name":"wp","href":"https:\/\/api.w.org\/{rel}","templated":true}]}}