{"id":24413,"date":"2023-10-25T19:01:06","date_gmt":"2023-10-25T17:01:06","guid":{"rendered":"https:\/\/www.brikol.sk\/produkt\/otocny-drziak-na-sietku-proti-hmyzu-ks\/"},"modified":"2026-03-27T13:40:24","modified_gmt":"2026-03-27T12:40:24","slug":"drehhalter-fliegengitter","status":"publish","type":"product","link":"https:\/\/www.brikol.sk\/de\/produkt\/drehhalter-fliegengitter\/","title":{"rendered":"Drehhalter f\u00fcr Fliegengitter Fenster \/ St\u00fcck"},"content":{"rendered":"<div id=\"otocny-hacik\">\n<p data-start=\"345\" data-end=\"460\">Der Drehhalter f\u00fcr Fliegengitter Fenster dient zur sicheren Befestigung von festen Insektenschutzrahmen am Fenster.<\/p>\n<p data-start=\"462\" data-end=\"529\">\ud83d\udc49 Ideal, wenn das Fliegengitter nicht richtig h\u00e4lt oder sich l\u00f6st.<\/p>\n<p data-start=\"531\" data-end=\"709\">Der Halter wird am Aluminiumrahmen angenietet und durch Drehen hinter die Fensterdichtung geklemmt. Dadurch wird das Fliegengitter stabil fixiert, ohne den Rahmen zu besch\u00e4digen.<\/p>\n<p data-start=\"711\" data-end=\"798\">Dank verschiedener Gr\u00f6\u00dfen ist der Drehhalter f\u00fcr unterschiedliche Profiltypen geeignet.<\/p>\n<p data-start=\"805\" data-end=\"998\"><strong data-start=\"805\" data-end=\"818\">Vorteile<\/strong><br data-start=\"818\" data-end=\"821\" \/>\u2714 sichere Befestigung des Fliegengitters<br data-start=\"861\" data-end=\"864\" \/>\u2714 einfache Bedienung durch Drehmechanismus<br data-start=\"906\" data-end=\"909\" \/>\u2714 geeignet f\u00fcr verschiedene Profilst\u00e4rken<br data-start=\"950\" data-end=\"953\" \/>\u2714 langlebiges Material<br data-start=\"975\" data-end=\"978\" \/>\u2714 einfache Montage<\/p>\n<p data-start=\"1005\" data-end=\"1112\"><strong data-start=\"1005\" data-end=\"1019\">Anwendung:<\/strong><br data-start=\"1019\" data-end=\"1022\" \/>Der Halter wird am Rahmen befestigt und durch Drehen hinter die Fensterdichtung eingehakt.<\/p>\n<p data-start=\"1119\" data-end=\"1304\"><strong data-start=\"1119\" data-end=\"1140\">Technische Daten:<\/strong><br data-start=\"1140\" data-end=\"1143\" \/>\u2022 Typ: Drehhalter<br data-start=\"1160\" data-end=\"1163\" \/>\u2022 Verwendung: Fliegengitter Fenster<br data-start=\"1198\" data-end=\"1201\" \/>\u2022 Gr\u00f6\u00dfen: 9 mm \/ 12 mm \/ 15 mm<br data-start=\"1231\" data-end=\"1234\" \/>\u2022 Farben: wei\u00df, dunkelbraun<br data-start=\"1261\" data-end=\"1264\" \/>\u2022 Montage: Nieten<br data-start=\"1281\" data-end=\"1284\" \/>\u2022 Verkauf: 1 St\u00fcck<\/p>\n<p data-start=\"1311\" data-end=\"1424\">\ud83d\udc49 <strong data-start=\"1314\" data-end=\"1330\">Praxis-Tipp:<\/strong><br data-start=\"1330\" data-end=\"1333\" \/>Vor dem Kauf die ben\u00f6tigte H\u00f6he messen, damit der Halter richtig hinter die Dichtung greift<\/p>\n<p><span style=\"text-decoration: underline;\"><strong>N\u00e1vod na zameranie<\/strong><\/span><\/p>\n<p><span style=\"color: #ed1c24;\"><a style=\"color: #ed1c24;\" href=\"https:\/\/www.brikol.sk\/wp-content\/uploads\/2023\/02\/Navod-na-zameranie-vysky-otocneho-drziaka.pdf\">N\u00e1vod na zameranie v\u00fd\u0161ky oto\u010dn\u00e9ho dr\u017eiaka<\/a><\/span><\/p>\n<p><a href=\"https:\/\/www.youtube.com\/watch?v=4QgE_UjN5W0\"><strong>N\u00e1vod na v\u00fdmenu h\u00e1\u010dika<\/strong><\/a><\/p>\n<div class=\"oSioSc\">\n<div id=\"tw-target\">\n<div id=\"kAz1tf\" class=\"g9WsWb\">\n<div id=\"tw-target-text-container\" class=\"tw-ta-container hide-focus-ring tw-nfl\" tabindex=\"0\">\n<p class=\"tw-data-text tw-text-large XcVN5d tw-ta\" dir=\"ltr\" data-placeholder=\"P\u0159eklad\">\n<\/div>\n<\/div>\n<\/div>\n<\/div>\n<\/div>\n","protected":false},"excerpt":{"rendered":"<p data-start=\"311\" data-end=\"509\">Drehhalter f\u00fcr Fliegengitter Fenster in Gr\u00f6\u00dfen 9, 12 und 15 mm. Sorgt f\u00fcr festen Halt des Rahmens im Fenster \u2013 ideal bei lockerer oder herausfallender Fliegengitter. Einfache Montage mit Nieten.<\/p>\n<p>&nbsp;<\/p>\n","protected":false},"featured_media":17255,"comment_status":"open","ping_status":"closed","template":"","meta":[],"product_cat":[182,184],"product_tag":[],"_links":{"self":[{"href":"https:\/\/www.brikol.sk\/de\/wp-json\/wp\/v2\/product\/24413"}],"collection":[{"href":"https:\/\/www.brikol.sk\/de\/wp-json\/wp\/v2\/product"}],"about":[{"href":"https:\/\/www.brikol.sk\/de\/wp-json\/wp\/v2\/types\/product"}],"replies":[{"embeddable":true,"href":"https:\/\/www.brikol.sk\/de\/wp-json\/wp\/v2\/comments?post=24413"}],"wp:featuredmedia":[{"embeddable":true,"href":"https:\/\/www.brikol.sk\/de\/wp-json\/wp\/v2\/media\/17255"}],"wp:attachment":[{"href":"https:\/\/www.brikol.sk\/de\/wp-json\/wp\/v2\/media?parent=24413"}],"wp:term":[{"taxonomy":"product_cat","embeddable":true,"href":"https:\/\/www.brikol.sk\/de\/wp-json\/wp\/v2\/product_cat?post=24413"},{"taxonomy":"product_tag","embeddable":true,"href":"https:\/\/www.brikol.sk\/de\/wp-json\/wp\/v2\/product_tag?post=24413"}],"curies":[{"name":"wp","href":"https:\/\/api.w.org\/{rel}","templated":true}]}}