{"id":24434,"date":"2023-08-09T09:43:12","date_gmt":"2023-08-09T07:43:12","guid":{"rendered":"https:\/\/www.brikol.sk\/produkt\/zaistovacia-guma-na-uchytenie-sietoviny-do-ramu-sietky-proti-hmyzu\/"},"modified":"2023-08-09T09:43:12","modified_gmt":"2023-08-09T07:43:12","slug":"zaistovacia-guma-na-uchytenie-sietoviny-do-ramu-sietky-proti-hmyzu","status":"publish","type":"product","link":"https:\/\/www.brikol.sk\/de\/produkt\/zaistovacia-guma-na-uchytenie-sietoviny-do-ramu-sietky-proti-hmyzu\/","title":{"rendered":"Zais\u0165ovacia guma transparentn\u00e1"},"content":{"rendered":"<p>Zais\u0165ovacia guma s priemerom 4 mm alebo 5,75mm sl\u00fa\u017ei na uchytenie a napnutie sie\u0165oviny do r\u00e1mu sie\u0165ky proti hmyzu TRANSPARENTN\u00c1<\/p>\n","protected":false},"excerpt":{"rendered":"<p>Zais\u0165ovacia guma sl\u00fa\u017ei na uchytenie a napnutie sie\u0165oviny do r\u00e1mu sie\u0165ky proti hmyzu TRANSPARENTN\u00c1<\/p>\n","protected":false},"featured_media":16635,"comment_status":"open","ping_status":"closed","template":"","meta":[],"product_cat":[182,184],"product_tag":[],"_links":{"self":[{"href":"https:\/\/www.brikol.sk\/de\/wp-json\/wp\/v2\/product\/24434"}],"collection":[{"href":"https:\/\/www.brikol.sk\/de\/wp-json\/wp\/v2\/product"}],"about":[{"href":"https:\/\/www.brikol.sk\/de\/wp-json\/wp\/v2\/types\/product"}],"replies":[{"embeddable":true,"href":"https:\/\/www.brikol.sk\/de\/wp-json\/wp\/v2\/comments?post=24434"}],"wp:featuredmedia":[{"embeddable":true,"href":"https:\/\/www.brikol.sk\/de\/wp-json\/wp\/v2\/media\/16635"}],"wp:attachment":[{"href":"https:\/\/www.brikol.sk\/de\/wp-json\/wp\/v2\/media?parent=24434"}],"wp:term":[{"taxonomy":"product_cat","embeddable":true,"href":"https:\/\/www.brikol.sk\/de\/wp-json\/wp\/v2\/product_cat?post=24434"},{"taxonomy":"product_tag","embeddable":true,"href":"https:\/\/www.brikol.sk\/de\/wp-json\/wp\/v2\/product_tag?post=24434"}],"curies":[{"name":"wp","href":"https:\/\/api.w.org\/{rel}","templated":true}]}}