{"id":24509,"date":"2023-03-03T11:47:55","date_gmt":"2023-03-03T10:47:55","guid":{"rendered":"https:\/\/www.brikol.sk\/produkt\/svorka-na-komprimovane-pasky\/"},"modified":"2023-03-03T11:47:55","modified_gmt":"2023-03-03T10:47:55","slug":"svorka-na-komprimovane-pasky","status":"publish","type":"product","link":"https:\/\/www.brikol.sk\/de\/produkt\/svorka-na-komprimovane-pasky\/","title":{"rendered":"Svorka na komprimovan\u00e9 p\u00e1sky"},"content":{"rendered":"<div class=\"popisObsah\">\n<div class=\"popisObsah\">\n<p>Svorka na komprimovan\u00e9 p\u00e1sky<\/p>\n<p>Svorka zabezpe\u010duje kr\u00e1tkodob\u00e9 udr\u017eanie origin\u00e1lneho n\u00e1vinu pou\u017e\u00edvan\u00fdch komprimovan\u00fdch p\u00e1sok. P\u00f4sob\u00ed proti vysunutiu \u010dast\u00ed p\u00e1sky a eliminuje deform\u00e1ciu n\u00e1vinu, \u010d\u00edm umo\u017e\u0148uje jeho \u010fal\u0161ie bezprobl\u00e9mov\u00e9 pou\u017eitie.<\/p>\n<p><strong><span style=\"font-size: 100%;\">\u0160pecifik\u00e1cia<\/span><\/strong><\/p>\n<ul>\n<li><span style=\"font-size: 100%;\">pre p\u00e1sky do \u0161\u00edrky 30 mm<\/span><\/li>\n<\/ul>\n<p><strong><span style=\"font-size: 100%;\">Prednosti<\/span><\/strong><\/p>\n<ul>\n<li><span style=\"font-size: 100%;\">na opakovan\u00e9 pou\u017eitie<\/span><\/li>\n<li><span style=\"font-size: 100%;\">manipul\u00e1cia mo\u017en\u00e1 jednou rukou<\/span><\/li>\n<li><span style=\"font-size: 100%;\">zabr\u00e1ni samovo\u013enej expanzii komprima\u010dn\u00fdch p\u00e1sok<\/span><\/li>\n<\/ul>\n<p><span style=\"font-size: 75%;\">Tovar je na externom sklade jeho expedovanie je do 2 &#8211; 3 pracovn\u00fdch dn\u00ed<\/span><\/p>\n<\/div>\n<\/div>\n<p>&nbsp;<\/p>\n<p>&nbsp;<\/p>\n<p>&nbsp;<\/p>\n","protected":false},"excerpt":{"rendered":"<p>Svorka zabezpe\u010duje kr\u00e1tkodob\u00e9 udr\u017eanie origin\u00e1lneho n\u00e1vinu pou\u017e\u00edvan\u00fdch komprimovan\u00fdch p\u00e1sok. P\u00f4sob\u00ed proti vysunutiu \u010dast\u00ed p\u00e1sky a eliminuje deform\u00e1ciu n\u00e1vinu, \u010d\u00edm umo\u017e\u0148uje jeho \u010fal\u0161ie bezprobl\u00e9mov\u00e9 pou\u017eitie.<\/p>\n","protected":false},"featured_media":15030,"comment_status":"open","ping_status":"closed","template":"","meta":[],"product_cat":[239],"product_tag":[],"_links":{"self":[{"href":"https:\/\/www.brikol.sk\/de\/wp-json\/wp\/v2\/product\/24509"}],"collection":[{"href":"https:\/\/www.brikol.sk\/de\/wp-json\/wp\/v2\/product"}],"about":[{"href":"https:\/\/www.brikol.sk\/de\/wp-json\/wp\/v2\/types\/product"}],"replies":[{"embeddable":true,"href":"https:\/\/www.brikol.sk\/de\/wp-json\/wp\/v2\/comments?post=24509"}],"wp:featuredmedia":[{"embeddable":true,"href":"https:\/\/www.brikol.sk\/de\/wp-json\/wp\/v2\/media\/15030"}],"wp:attachment":[{"href":"https:\/\/www.brikol.sk\/de\/wp-json\/wp\/v2\/media?parent=24509"}],"wp:term":[{"taxonomy":"product_cat","embeddable":true,"href":"https:\/\/www.brikol.sk\/de\/wp-json\/wp\/v2\/product_cat?post=24509"},{"taxonomy":"product_tag","embeddable":true,"href":"https:\/\/www.brikol.sk\/de\/wp-json\/wp\/v2\/product_tag?post=24509"}],"curies":[{"name":"wp","href":"https:\/\/api.w.org\/{rel}","templated":true}]}}