{"id":24511,"date":"2023-03-03T11:24:42","date_gmt":"2023-03-03T10:24:42","guid":{"rendered":"https:\/\/www.brikol.sk\/produkt\/noznice-na-pasky-a-folie\/"},"modified":"2023-03-03T11:24:42","modified_gmt":"2023-03-03T10:24:42","slug":"noznice-na-pasky-a-folie","status":"publish","type":"product","link":"https:\/\/www.brikol.sk\/de\/produkt\/noznice-na-pasky-a-folie\/","title":{"rendered":"No\u017enice na p\u00e1sky a f\u00f3lie \/ ks"},"content":{"rendered":"<div><strong>No\u017enice na p\u00e1sky a f\u00f3lie<\/strong><\/div>\n<div><\/div>\n<div class=\"popisObsah\">No\u017enice na p\u00e1sky a f\u00f3lie ur\u010den\u00e9 na pohodln\u00e9 strihanie komprima\u010dn\u00fdch p\u00e1sok typu TP600, TP652 a \u010fal\u0161\u00edch.<\/div>\n<p><strong><span style=\"font-size: 120%;\">Prednosti<\/span><\/strong><\/p>\n<ul>\n<li>prec\u00edzny dizajn<\/li>\n<li>dlh\u00e1 \u017eivotnos\u0165<\/li>\n<\/ul>\n<p><span style=\"font-size: 75%;\">Tovar na externom sklade jeho expedovanie do 2 &#8211; 3 pracovn\u00fdch dn\u00ed<\/span><\/p>\n<p>&nbsp;<\/p>\n<p>&nbsp;<\/p>\n<p>&nbsp;<\/p>\n","protected":false},"excerpt":{"rendered":"<p>No\u017enice ur\u010den\u00e9 na pohodln\u00e9 strihanie komprima\u010dn\u00fdch p\u00e1sok typu TP600, TP652 a \u010fal\u0161\u00edch.<\/p>\n","protected":false},"featured_media":15015,"comment_status":"open","ping_status":"closed","template":"","meta":[],"product_cat":[239],"product_tag":[],"_links":{"self":[{"href":"https:\/\/www.brikol.sk\/de\/wp-json\/wp\/v2\/product\/24511"}],"collection":[{"href":"https:\/\/www.brikol.sk\/de\/wp-json\/wp\/v2\/product"}],"about":[{"href":"https:\/\/www.brikol.sk\/de\/wp-json\/wp\/v2\/types\/product"}],"replies":[{"embeddable":true,"href":"https:\/\/www.brikol.sk\/de\/wp-json\/wp\/v2\/comments?post=24511"}],"wp:featuredmedia":[{"embeddable":true,"href":"https:\/\/www.brikol.sk\/de\/wp-json\/wp\/v2\/media\/15015"}],"wp:attachment":[{"href":"https:\/\/www.brikol.sk\/de\/wp-json\/wp\/v2\/media?parent=24511"}],"wp:term":[{"taxonomy":"product_cat","embeddable":true,"href":"https:\/\/www.brikol.sk\/de\/wp-json\/wp\/v2\/product_cat?post=24511"},{"taxonomy":"product_tag","embeddable":true,"href":"https:\/\/www.brikol.sk\/de\/wp-json\/wp\/v2\/product_tag?post=24511"}],"curies":[{"name":"wp","href":"https:\/\/api.w.org\/{rel}","templated":true}]}}