{"id":24512,"date":"2023-03-03T11:12:50","date_gmt":"2023-03-03T10:12:50","guid":{"rendered":"https:\/\/www.brikol.sk\/produkt\/aplikacny-valcek\/"},"modified":"2023-03-03T11:12:50","modified_gmt":"2023-03-03T10:12:50","slug":"aplikacny-valcek","status":"publish","type":"product","link":"https:\/\/www.brikol.sk\/de\/produkt\/aplikacny-valcek\/","title":{"rendered":"Aplika\u010dn\u00fd val\u010dek"},"content":{"rendered":"<div class=\"popisObsah\">\n<p><strong>Aplika\u010dn\u00fd val\u010dek<\/strong><\/p>\n<p>Aplika\u010dn\u00fd val\u010dek ur\u010den\u00fd na dokonal\u00e9 pritla\u010denie p\u00e1sok a f\u00f3li\u00ed na podkladov\u00fa plochu.<\/p>\n<p>Drobnos\u0165 ktor\u00e1 odli\u0161uje priemerne a vyoko kvalitne preveden\u00fa aplik\u00e1ciu butylov\u00fdch a bitumenov\u00fdch f\u00f3li\u00ed a p\u00e1siek.<\/p>\n<p>Pou\u017eit\u00edm val\u010deku a pritla\u010den\u00edm butylovej p\u00e1sky k podkladu d\u00f4jde k vytvoreniu perfektn\u00e9ho spoja.<\/p>\n<h2><span style=\"font-size: 80%;\">Prednosti\u00a0<\/span><\/h2>\n<ul>\n<li>dlh\u00e1 \u017eivotnos\u0165<\/li>\n<li>ve\u013emi n\u00edzka hmotnos\u0165<\/li>\n<\/ul>\n<\/div>\n<p><span style=\"font-size: 75%;\">Tovar na externom sklade jeho expedovanie do 2 &#8211; 3 pracovn\u00fdch dn\u00ed<\/span><\/p>\n<p>&nbsp;<\/p>\n<p>&nbsp;<\/p>\n<p>&nbsp;<\/p>\n<p>&nbsp;<\/p>\n","protected":false},"excerpt":{"rendered":"<p>Val\u010dek ur\u010den\u00fd na dokonal\u00e9 pritla\u010denie p\u00e1sok a f\u00f3li\u00ed na podkladov\u00fa plochu.<\/p>\n","protected":false},"featured_media":15010,"comment_status":"open","ping_status":"closed","template":"","meta":[],"product_cat":[239],"product_tag":[],"_links":{"self":[{"href":"https:\/\/www.brikol.sk\/de\/wp-json\/wp\/v2\/product\/24512"}],"collection":[{"href":"https:\/\/www.brikol.sk\/de\/wp-json\/wp\/v2\/product"}],"about":[{"href":"https:\/\/www.brikol.sk\/de\/wp-json\/wp\/v2\/types\/product"}],"replies":[{"embeddable":true,"href":"https:\/\/www.brikol.sk\/de\/wp-json\/wp\/v2\/comments?post=24512"}],"wp:featuredmedia":[{"embeddable":true,"href":"https:\/\/www.brikol.sk\/de\/wp-json\/wp\/v2\/media\/15010"}],"wp:attachment":[{"href":"https:\/\/www.brikol.sk\/de\/wp-json\/wp\/v2\/media?parent=24512"}],"wp:term":[{"taxonomy":"product_cat","embeddable":true,"href":"https:\/\/www.brikol.sk\/de\/wp-json\/wp\/v2\/product_cat?post=24512"},{"taxonomy":"product_tag","embeddable":true,"href":"https:\/\/www.brikol.sk\/de\/wp-json\/wp\/v2\/product_tag?post=24512"}],"curies":[{"name":"wp","href":"https:\/\/api.w.org\/{rel}","templated":true}]}}