{"id":24515,"date":"2023-03-03T10:23:54","date_gmt":"2023-03-03T09:23:54","guid":{"rendered":"https:\/\/www.brikol.sk\/produkt\/pur-cistic\/"},"modified":"2023-03-03T10:23:54","modified_gmt":"2023-03-03T09:23:54","slug":"pur-cistic","status":"publish","type":"product","link":"https:\/\/www.brikol.sk\/de\/produkt\/pur-cistic\/","title":{"rendered":"PUR \u010cisti\u010d"},"content":{"rendered":"<p>Ur\u010den\u00fd na \u010distenie <strong>aplika\u010dn\u00fdch pi\u0161tol\u00ed<\/strong> na PUR peny, <strong>odstr\u00e1nenie \u010derstvej peny alebo polyuret\u00e1nov\u00e9ho lepidla.<\/strong> Odstra\u0148uje aj paraf\u00edn, plastick\u00e9 mazivo, olej a pod..<\/p>\n<h2><span style=\"font-size: 80%;\">Balenie<\/span><\/h2>\n<ul>\n<li>plechov\u00e1 d\u00f3za s obsahom 500 ml<\/li>\n<li>12 mesiacov &#8211; doba skladovania<\/li>\n<\/ul>\n<h2><span style=\"font-size: 80%;\">Prednosti<\/span><\/h2>\n<ul>\n<li>jednoduch\u00e1 aplik\u00e1cia<\/li>\n<li>so z\u00e1vitom na pi\u0161to\u013e aj s klasickou sprejovou tryskou<\/li>\n<\/ul>\n<p><span style=\"text-decoration: underline;\"><strong><span style=\"font-size: 130%;\">Na stiahnutie<\/span> <\/strong><\/span><\/p>\n<p><a href=\"https:\/\/www.brikol.sk\/wp-content\/uploads\/2023\/03\/Technicky-list-10.pdf\">Technick\u00fd list<\/a><\/p>\n<p><a href=\"https:\/\/www.brikol.sk\/wp-content\/uploads\/2023\/03\/Bezpecnostny-list-10.pdf\">Bezpe\u010dnostn\u00fd list<\/a><\/p>\n<p><a href=\"https:\/\/www.brikol.sk\/wp-content\/uploads\/2023\/03\/Vyhlasenie-o-parametroch-4.pdf\">Vyhl\u00e1senie o parametroch<\/a><\/p>\n<p><span style=\"font-size: 75%;\">Tovar na externom sklade jeho expedovanie do 2 &#8211; 3 pracovn\u00fdch dn\u00ed<\/span><\/p>\n<p>&nbsp;<\/p>\n<p>&nbsp;<\/p>\n","protected":false},"excerpt":{"rendered":"<p>Ur\u010den\u00fd na \u010distenie <strong>aplika\u010dn\u00fdch pi\u0161tol\u00ed<\/strong> na PUR peny, <strong>odstr\u00e1nenie \u010derstvej peny alebo polyuret\u00e1nov\u00e9ho lepidla.<\/strong> Odstra\u0148uje aj paraf\u00edn, plastick\u00e9 mazivo, olej a pod..<\/p>\n","protected":false},"featured_media":14985,"comment_status":"open","ping_status":"closed","template":"","meta":[],"product_cat":[239],"product_tag":[],"_links":{"self":[{"href":"https:\/\/www.brikol.sk\/de\/wp-json\/wp\/v2\/product\/24515"}],"collection":[{"href":"https:\/\/www.brikol.sk\/de\/wp-json\/wp\/v2\/product"}],"about":[{"href":"https:\/\/www.brikol.sk\/de\/wp-json\/wp\/v2\/types\/product"}],"replies":[{"embeddable":true,"href":"https:\/\/www.brikol.sk\/de\/wp-json\/wp\/v2\/comments?post=24515"}],"wp:featuredmedia":[{"embeddable":true,"href":"https:\/\/www.brikol.sk\/de\/wp-json\/wp\/v2\/media\/14985"}],"wp:attachment":[{"href":"https:\/\/www.brikol.sk\/de\/wp-json\/wp\/v2\/media?parent=24515"}],"wp:term":[{"taxonomy":"product_cat","embeddable":true,"href":"https:\/\/www.brikol.sk\/de\/wp-json\/wp\/v2\/product_cat?post=24515"},{"taxonomy":"product_tag","embeddable":true,"href":"https:\/\/www.brikol.sk\/de\/wp-json\/wp\/v2\/product_tag?post=24515"}],"curies":[{"name":"wp","href":"https:\/\/api.w.org\/{rel}","templated":true}]}}