{"id":24516,"date":"2023-03-03T10:00:05","date_gmt":"2023-03-03T09:00:05","guid":{"rendered":"https:\/\/www.brikol.sk\/produkt\/ohnuvzdorna-polyuretanova-pena\/"},"modified":"2023-03-03T10:00:05","modified_gmt":"2023-03-03T09:00:05","slug":"ohnuvzdorna-polyuretanova-pena","status":"publish","type":"product","link":"https:\/\/www.brikol.sk\/de\/produkt\/ohnuvzdorna-polyuretanova-pena\/","title":{"rendered":"PUR pena protipo\u017eiarna"},"content":{"rendered":"<p><strong>Oh\u0148uvzdorn\u00e1 polyuret\u00e1nov\u00e1 pena<\/strong><\/p>\n<p><strong><span style=\"font-size: 115%;\">Nullifire FF197<\/span><\/strong><span style=\"font-size: 100%;\"> je upraven\u00e1, j<\/span>ednozlo\u017ekov\u00e1, oh\u0148uvzdorn\u00e1 polyuret\u00e1nov\u00e1 pena. Syst\u00e9m tesnenia je ur\u010den\u00fd pre zachovanie po\u017eiarnej deliacej funkcie steny alebo stropu s po\u017eadovanou po\u017eiarnou odolnos\u0165ou kon\u0161trukcie v mieste \u0161p\u00e1ry.<\/p>\n<h2><span style=\"font-size: 80%;\">Pou\u017eitie<\/span><\/h2>\n<p>FF197 sa pou\u017e\u00edva na utesnenie line\u00e1rnych \u0161p\u00e1r vo v\u0161etk\u00fdch protipo\u017eiarnych \u010dastiach budov. Pena m\u00e1 v\u00fdborn\u00fa pri\u013enavos\u0165 na v\u00e4\u010d\u0161inu stavebn\u00fdch materi\u00e1lov. FF197 sa pou\u017e\u00edva na utesnenie \u0161p\u00e1r v bet\u00f3nov\u00fdch sten\u00e1ch a stropoch, \u010falej bet\u00f3nov\u00fdch sten\u00e1ch a dreven\u00fdch kon\u0161trukci\u00e1ch. Maxim\u00e1lna \u0161\u00edrka \u0161p\u00e1ry v stenovej a v stropnej kon\u0161trukcii je 40 mm.<\/p>\n<p><strong><span style=\"font-size: 115%;\">Balenie<\/span><\/strong><\/p>\n<ul>\n<li>plechov\u00e1 d\u00f3za s obsahom 880 ml<\/li>\n<\/ul>\n<h2><span style=\"font-size: 80%;\">Skladovanie<\/span><\/h2>\n<ul>\n<li>maxim\u00e1lne 12 mesiacov v suchu pri teplote +5 \u00b0C a\u017e +25 \u00b0C.<\/li>\n<\/ul>\n<h2><span style=\"font-size: 80%;\">Prednosti<\/span><\/h2>\n<ul>\n<li>Pre protipo\u017eiarnu pi\u0161to\u013eov\u00fa penu FF197 bolo vydan\u00e9 eur\u00f3pske technick\u00e9 schv\u00e1lenie ETA\u00a015\/0172<\/li>\n<li>Mo\u017en\u00e9 dosiahnu\u0165 po\u017eiarnu odolnos\u0165 tesnen\u00fdch \u0161p\u00e1r a\u017e 240 min\u00fat v stene aj v strope<\/li>\n<\/ul>\n<p><span style=\"text-decoration: underline;\"><strong><span style=\"font-size: 130%;\">Na stiahnutie<\/span> <\/strong><\/span><\/p>\n<p><a href=\"https:\/\/www.brikol.sk\/wp-content\/uploads\/2023\/03\/Technicky-list-9.pdf\">Technick\u00fd list<\/a><\/p>\n<p><a href=\"https:\/\/www.brikol.sk\/wp-content\/uploads\/2023\/03\/Bezpecnostny-list-9.pdf\">Bezpe\u010dnostn\u00fd list<\/a><\/p>\n<p><a href=\"https:\/\/www.brikol.sk\/wp-content\/uploads\/2023\/03\/ETA.pdf\">ETA<\/a><\/p>\n<p><a href=\"https:\/\/www.brikol.sk\/wp-content\/uploads\/2023\/03\/Vyhlasenie-o-parametroch-3.pdf\">Vyhl\u00e1senie o parametroch<\/a><\/p>\n<p><span style=\"font-size: 75%;\">Tovar na externom sklade jeho expedovanie do 2 &#8211; 3 pracovn\u00fdch dn\u00ed<\/span><\/p>\n<p>&nbsp;<\/p>\n<p>&nbsp;<\/p>\n","protected":false},"excerpt":{"rendered":"<p><strong>Nullifire FF197<\/strong> je upraven\u00e1, jednozlo\u017ekov\u00e1, oh\u0148uvzdorn\u00e1 polyuret\u00e1nov\u00e1 pena. Syst\u00e9m tesnenia je ur\u010den\u00fd pre zachovanie po\u017eiarnej deliacej funkcie steny alebo stropu s po\u017eadovanou po\u017eiarnou odolnos\u0165ou kon\u0161trukcie v mieste \u0161p\u00e1ry.<\/p>\n","protected":false},"featured_media":14945,"comment_status":"open","ping_status":"closed","template":"","meta":[],"product_cat":[239],"product_tag":[],"_links":{"self":[{"href":"https:\/\/www.brikol.sk\/de\/wp-json\/wp\/v2\/product\/24516"}],"collection":[{"href":"https:\/\/www.brikol.sk\/de\/wp-json\/wp\/v2\/product"}],"about":[{"href":"https:\/\/www.brikol.sk\/de\/wp-json\/wp\/v2\/types\/product"}],"replies":[{"embeddable":true,"href":"https:\/\/www.brikol.sk\/de\/wp-json\/wp\/v2\/comments?post=24516"}],"wp:featuredmedia":[{"embeddable":true,"href":"https:\/\/www.brikol.sk\/de\/wp-json\/wp\/v2\/media\/14945"}],"wp:attachment":[{"href":"https:\/\/www.brikol.sk\/de\/wp-json\/wp\/v2\/media?parent=24516"}],"wp:term":[{"taxonomy":"product_cat","embeddable":true,"href":"https:\/\/www.brikol.sk\/de\/wp-json\/wp\/v2\/product_cat?post=24516"},{"taxonomy":"product_tag","embeddable":true,"href":"https:\/\/www.brikol.sk\/de\/wp-json\/wp\/v2\/product_tag?post=24516"}],"curies":[{"name":"wp","href":"https:\/\/api.w.org\/{rel}","templated":true}]}}