{"id":24518,"date":"2023-03-03T09:17:45","date_gmt":"2023-03-03T08:17:45","guid":{"rendered":"https:\/\/www.brikol.sk\/produkt\/oknarska-pena-fm330\/"},"modified":"2023-03-03T09:17:45","modified_gmt":"2023-03-03T08:17:45","slug":"oknarska-pena-fm330","status":"publish","type":"product","link":"https:\/\/www.brikol.sk\/de\/produkt\/oknarska-pena-fm330\/","title":{"rendered":"Mont\u00e1\u017ena pena PERFECT ELASTIC FOAM PRO FM330"},"content":{"rendered":"<p><span style=\"font-size: 110%;\"><strong>Okn\u00e1rska pena FM330<\/strong><\/span> je unik\u00e1tnym produktom svojho druhu. Sl\u00fa\u017ei ako dlhodobo &#8220;elastick\u00fd&#8221;, tepelne a zvukovo izola\u010dn\u00fd materi\u00e1l. Ve\u013emi vhodn\u00e1 na mont\u00e1\u017e otvorov\u00fdch v\u00fdpln\u00ed okien a dver\u00ed a rovnako na vyplnenie a utesnenie dilata\u010dn\u00fdch \u0161p\u00e1r. V\u010faka svojej n\u00edzkej expanzii, pru\u017enosti a bielej farbe m\u00f4\u017ee by\u0165 pou\u017eit\u00e1 aj na dotes\u0148ovanie r\u00f4znych dilata\u010dn\u00fdch \u0161p\u00e1r &#8211; napr. medzi ETICS doskami.<\/p>\n<ul>\n<li>aplik\u00e1cia od -3 \u00b0C do +35 \u00b0C<\/li>\n<li>na d\u00e1vkovanie peny z d\u00f3zy je potrebn\u00e1 aplika\u010dn\u00e1 pi\u0161to\u013e, ktor\u00e1 nie je s\u00fa\u010das\u0165ou balenia<\/li>\n<\/ul>\n<h2><span style=\"font-size: 80%;\">Farba<\/span><\/h2>\n<ul>\n<li>biela<\/li>\n<\/ul>\n<h2><span style=\"font-size: 80%;\">Balenie\u00a0<\/span><\/h2>\n<ul>\n<li>plechov\u00e1 d\u00f3za s obsahom 880 ml<\/li>\n<li>24 mesiacov &#8211; doba skladovania<\/li>\n<\/ul>\n<h2><span style=\"font-size: 80%;\">Prednosti<\/span><\/h2>\n<ul>\n<li><span style=\"font-family: Arial;\">v\u00fddatnos\u0165 cca 17,5 m v \u0161p\u00e1re 3&#215;7 cm<\/span><\/li>\n<li><span style=\"font-family: Arial;\">pru\u017enos\u0165 a\u017e 35%\u00a0<\/span><span style=\"font-family: Arial;\"><br \/>\n<\/span><\/li>\n<li><span style=\"font-family: Arial;\">nedeformuje okenn\u00e9 r\u00e1my<\/span><\/li>\n<li><span style=\"font-family: Arial;\">\u0161pi\u010dkov\u00e9 tepeln\u00e9 a zvukovo izola\u010dn\u00e9 vlastnosti<\/span><\/li>\n<li><span style=\"font-family: Arial;\">celoro\u010dn\u00e9 pou\u017eitie<\/span><span style=\"font-family: Arial;\"><br \/>\n<\/span><\/li>\n<\/ul>\n<p><span style=\"text-decoration: underline;\"><strong><span style=\"font-size: 130%;\">Na stiahnutie<\/span> <\/strong><\/span><\/p>\n<p><a href=\"https:\/\/www.brikol.sk\/wp-content\/uploads\/2023\/03\/Technicky-list-6.pdf\">Technick\u00fd list<\/a><\/p>\n<p><a href=\"https:\/\/www.brikol.sk\/wp-content\/uploads\/2023\/03\/Bezpecnostny-list-6.pdf\">Bezpe\u010dnostn\u00fd list<\/a><\/p>\n<p><a href=\"https:\/\/www.brikol.sk\/wp-content\/uploads\/2023\/03\/Atest-Vzduchotesnot-vodotesnost.pdf\">Atest &#8211; Vzduchotesno\u0165, vodotesnos\u0165<\/a><\/p>\n<p><a href=\"https:\/\/www.brikol.sk\/wp-content\/uploads\/2023\/03\/Vyhlasenie-o-parametroch-2.pdf\">Vyhl\u00e1senie o parametroch<\/a><\/p>\n<p><span style=\"font-size: 75%;\">Tovar na externom sklade jeho expedovanie do 2 &#8211; 3 pracovn\u00fdch dn\u00ed<\/span><\/p>\n<p>&nbsp;<\/p>\n<p>&nbsp;<\/p>\n<p>&nbsp;<\/p>\n","protected":false},"excerpt":{"rendered":"<p><strong>Okn\u00e1rska pena FM330<\/strong> je unik\u00e1tnym produktom svojho druhu. Sl\u00fa\u017ei ako dlhodobo &#8220;elastick\u00fd&#8221;, tepelne a zvukovo izola\u010dn\u00fd materi\u00e1l. Ve\u013emi vhodn\u00e1 na mont\u00e1\u017e otvorov\u00fdch v\u00fdpln\u00ed okien a dver\u00ed a rovnako na vyplnenie a utesnenie dilata\u010dn\u00fdch \u0161p\u00e1r. V\u010faka svojej n\u00edzkej expanzii, pru\u017enosti a bielej farbe m\u00f4\u017ee by\u0165 pou\u017eit\u00e1 aj na dotes\u0148ovanie r\u00f4znych dilata\u010dn\u00fdch \u0161p\u00e1r &#8211; napr. medzi ETICS doskami.<\/p>\n","protected":false},"featured_media":14905,"comment_status":"open","ping_status":"closed","template":"","meta":[],"product_cat":[239],"product_tag":[],"_links":{"self":[{"href":"https:\/\/www.brikol.sk\/de\/wp-json\/wp\/v2\/product\/24518"}],"collection":[{"href":"https:\/\/www.brikol.sk\/de\/wp-json\/wp\/v2\/product"}],"about":[{"href":"https:\/\/www.brikol.sk\/de\/wp-json\/wp\/v2\/types\/product"}],"replies":[{"embeddable":true,"href":"https:\/\/www.brikol.sk\/de\/wp-json\/wp\/v2\/comments?post=24518"}],"wp:featuredmedia":[{"embeddable":true,"href":"https:\/\/www.brikol.sk\/de\/wp-json\/wp\/v2\/media\/14905"}],"wp:attachment":[{"href":"https:\/\/www.brikol.sk\/de\/wp-json\/wp\/v2\/media?parent=24518"}],"wp:term":[{"taxonomy":"product_cat","embeddable":true,"href":"https:\/\/www.brikol.sk\/de\/wp-json\/wp\/v2\/product_cat?post=24518"},{"taxonomy":"product_tag","embeddable":true,"href":"https:\/\/www.brikol.sk\/de\/wp-json\/wp\/v2\/product_tag?post=24518"}],"curies":[{"name":"wp","href":"https:\/\/api.w.org\/{rel}","templated":true}]}}