{"id":24519,"date":"2023-03-03T09:04:22","date_gmt":"2023-03-03T08:04:22","guid":{"rendered":"https:\/\/www.brikol.sk\/produkt\/low-expansion-foam\/"},"modified":"2023-03-03T09:04:22","modified_gmt":"2023-03-03T08:04:22","slug":"low-expansion-foam","status":"publish","type":"product","link":"https:\/\/www.brikol.sk\/de\/produkt\/low-expansion-foam\/","title":{"rendered":"Mont\u00e1\u017ena pena LOW EXPANSION FOAM FM355"},"content":{"rendered":"<p><span style=\"font-size: 110%;\"><strong>Kvalitn\u00e1 n\u00edzkoexpanzn\u00e1 pena<\/strong><\/span>, ktor\u00e1 sa vyzna\u010duje vysokou v\u00fddatnos\u0165ou, minim\u00e1lnou expanziou, skvelou \u0161trukt\u00farou, r\u00fdchlou dobou vytvrdnutia a aplika\u010dnou teplotou u\u017e od -10 \u00b0C. Vytvrdnut\u00e1 pena m\u00e1 vynikaj\u00face tepelne izola\u010dn\u00e9 vlastnosti.<\/p>\n<ul>\n<li>aplika\u010dn\u00e1 teplota od -10 \u00b0C do +35 \u00b0C<\/li>\n<li>na d\u00e1vkovanie peny z d\u00f3zy je potrebn\u00e1 aplika\u010dn\u00e1 pi\u0161to\u013e, ktor\u00e1 nie je s\u00fa\u010das\u0165ou balenia<\/li>\n<\/ul>\n<h2><span style=\"font-size: 80%;\">Farba<\/span><\/h2>\n<ul>\n<li>zelen\u00e1<\/li>\n<\/ul>\n<h2><span style=\"font-size: 80%;\">Balenie<\/span><\/h2>\n<ul>\n<li>plechov\u00e1 d\u00f3za s obsahom 880 ml<\/li>\n<li>15 mesiacov &#8211; doba skladovania<\/li>\n<\/ul>\n<h2><span style=\"font-size: 80%;\">Prednosti<\/span><\/h2>\n<ul>\n<li>v\u00fddatnos\u0165 a\u017e 17 m v \u0161p\u00e1re 3&#215;7 cm<\/li>\n<li>minim\u00e1lna postexpanzia a zmr\u0161tenie<\/li>\n<li>excelentn\u00e1 \u0161trukt\u00fara a vzh\u013ead<\/li>\n<li>celoro\u010dn\u00e9 pou\u017eitie od -10 \u00b0 C<\/li>\n<li>excelentn\u00fd akustick\u00fd izolant a\u017e do 60 dB<\/li>\n<\/ul>\n<p><span style=\"text-decoration: underline;\"><strong><span style=\"font-size: 130%;\">Na stiahnutie<\/span> <\/strong><\/span><\/p>\n<p><a href=\"https:\/\/www.brikol.sk\/wp-content\/uploads\/2023\/03\/Technicky-list-5.pdf\">Technick\u00fd list<\/a><\/p>\n<p><a href=\"https:\/\/www.brikol.sk\/wp-content\/uploads\/2023\/03\/Bezpecnostny-list-5.pdf\">Bezpe\u010dnostn\u00fd list<\/a><\/p>\n<p><a href=\"https:\/\/www.brikol.sk\/wp-content\/uploads\/2023\/03\/Vyhlasenie-o-parametroch-1.pdf\">Vyhl\u00e1senie o parametroch<\/a><\/p>\n<p><span style=\"font-size: 75%;\">Tovar na externom sklade jeho expedovanie do 2 &#8211; 3 pracovn\u00fdch dn\u00ed<\/span><\/p>\n<p>&nbsp;<\/p>\n<p>&nbsp;<\/p>\n<p>&nbsp;<\/p>\n","protected":false},"excerpt":{"rendered":"<p><strong>Kvalitn\u00e1 n\u00edzkoexpanzn\u00e1 pena<\/strong>, ktor\u00e1 sa vyzna\u010duje vysokou v\u00fddatnos\u0165ou, minim\u00e1lnou expanziou, skvelou \u0161trukt\u00farou, r\u00fdchlou dobou vytvrdnutia a aplika\u010dnou teplotou u\u017e od -10 \u00b0C. Vytvrdnut\u00e1 pena m\u00e1 vynikaj\u00face tepelne izola\u010dn\u00e9 vlastnosti.<\/p>\n","protected":false},"featured_media":14880,"comment_status":"open","ping_status":"closed","template":"","meta":[],"product_cat":[239],"product_tag":[],"_links":{"self":[{"href":"https:\/\/www.brikol.sk\/de\/wp-json\/wp\/v2\/product\/24519"}],"collection":[{"href":"https:\/\/www.brikol.sk\/de\/wp-json\/wp\/v2\/product"}],"about":[{"href":"https:\/\/www.brikol.sk\/de\/wp-json\/wp\/v2\/types\/product"}],"replies":[{"embeddable":true,"href":"https:\/\/www.brikol.sk\/de\/wp-json\/wp\/v2\/comments?post=24519"}],"wp:featuredmedia":[{"embeddable":true,"href":"https:\/\/www.brikol.sk\/de\/wp-json\/wp\/v2\/media\/14880"}],"wp:attachment":[{"href":"https:\/\/www.brikol.sk\/de\/wp-json\/wp\/v2\/media?parent=24519"}],"wp:term":[{"taxonomy":"product_cat","embeddable":true,"href":"https:\/\/www.brikol.sk\/de\/wp-json\/wp\/v2\/product_cat?post=24519"},{"taxonomy":"product_tag","embeddable":true,"href":"https:\/\/www.brikol.sk\/de\/wp-json\/wp\/v2\/product_tag?post=24519"}],"curies":[{"name":"wp","href":"https:\/\/api.w.org\/{rel}","templated":true}]}}