{"id":24526,"date":"2023-03-02T14:14:02","date_gmt":"2023-03-02T13:14:02","guid":{"rendered":"https:\/\/www.brikol.sk\/produkt\/illmod-trio-750\/"},"modified":"2023-03-02T14:14:02","modified_gmt":"2023-03-02T13:14:02","slug":"illmod-trio-750","status":"publish","type":"product","link":"https:\/\/www.brikol.sk\/de\/produkt\/illmod-trio-750\/","title":{"rendered":"Komprimovan\u00e1 p\u00e1ska ILLMOD TRIO 750"},"content":{"rendered":"<p><span style=\"font-size: 115%;\"><strong>Komprimovan\u00e1 p\u00e1ska ILLMOD TRIO 750<\/strong><\/span><\/p>\n<p><span style=\"font-size: 115%;\"><strong>ILLMOD TRIO 750 p\u00e1ska<\/strong><\/span>, ktor\u00e1 sp\u013a\u0148a najvy\u0161\u0161ie n\u00e1roky na kvalitn\u00e9, trvanliv\u00e9 a r\u00fdchle utesnenie \u0161p\u00e1r, naviac ide o &#8220;zelen\u00fd produkt&#8221; bez emisi\u00ed. Multifunk\u010dn\u00e1 tesniaca p\u00e1ska ur\u010den\u00e1 najm\u00e4 pre utesnenie okenn\u00fdch \u0161k\u00e1r v prostred\u00ed:<\/p>\n<ul>\n<li>pas\u00edvna a n\u00edzkoenergetick\u00e1 v\u00fdstavba<\/li>\n<li>be\u017en\u00e1 v\u00fdstavba<\/li>\n<li>rekon\u0161trukcia<\/li>\n<li>zateplenie \u0161p\u00e1r<\/li>\n<li>aplika\u010dn\u00e1 teplota bez obmedzenia<\/li>\n<\/ul>\n<h2><span style=\"font-size: 80%;\">Farba<\/span><\/h2>\n<ul>\n<li>antracit<\/li>\n<li>interi\u00e9rov\u00e1\u00a0 strana : svetlo \u0161ed\u00e1 s integrovan\u00fdm zosilnen\u00edm tesnosti<\/li>\n<\/ul>\n<h2>Prednosti<\/h2>\n<ul>\n<li>komplexn\u00e9 utesnenie \u0161p\u00e1r<\/li>\n<li>ide\u00e1lna na dilata\u010dn\u00e9 \u0161p\u00e1ry<\/li>\n<li>\u0161irok\u00e9 mo\u017enosti vyu\u017eitia pre ve\u013ek\u00e9 rozp\u00e4tie \u0161p\u00e1r<\/li>\n<\/ul>\n<ul>\n<li>r\u00fdchla in\u0161tal\u00e1cia nez\u00e1visl\u00e1 na po\u010das\u00ed a teplote<\/li>\n<\/ul>\n<p><span style=\"text-decoration: underline;\"><strong><span style=\"font-size: 130%;\">Na stiahnutie<\/span> <\/strong><\/span><\/p>\n<p><a href=\"https:\/\/www.brikol.sk\/wp-content\/uploads\/2023\/03\/technicky.pdf\">Technick\u00fd<\/a><\/p>\n<p><a href=\"https:\/\/www.brikol.sk\/wp-content\/uploads\/2023\/03\/bezpecnostny-list-1.pdf\">Bezpe\u010dnostn\u00fd list<\/a><\/p>\n<p><a href=\"https:\/\/www.brikol.sk\/wp-content\/uploads\/2023\/03\/certifikat.pdf\">Certifik\u00e1t<\/a><\/p>\n<p><a href=\"https:\/\/www.brikol.sk\/wp-content\/uploads\/2023\/03\/atest-Sucinitel-difuzneho-odporu.pdf\">Atest &#8211; S\u00fa\u010dinite\u013e dif\u00fazneho odporu<\/a><\/p>\n<p><a href=\"https:\/\/www.brikol.sk\/wp-content\/uploads\/2023\/03\/atest-vodotesnost_skarova-prievzdusnost_stavebne_teleso.pdf\">\u0160k\u00e1rov\u00e1 prievzdu\u0161nos\u0165 stavebn\u00e9 teleso<\/a><\/p>\n<p><a href=\"https:\/\/www.brikol.sk\/wp-content\/uploads\/2023\/03\/atest-Tepelna-vodivost.pdf\">Atest &#8211; Tepeln\u00e1 vodivos\u0165<\/a><\/p>\n<p><a href=\"https:\/\/www.brikol.sk\/wp-content\/uploads\/2023\/03\/vyhlasenie-o-parametroch-2.pdf\">Vyhl\u00e1senie o parametroch<\/a><\/p>\n<p><a href=\"https:\/\/www.brikol.sk\/wp-content\/uploads\/2023\/03\/atest-vodotesnost-1050.pdf\">Atest &#8211; vodotesnos\u0165 1050<\/a><\/p>\n<p><a href=\"https:\/\/www.brikol.sk\/wp-content\/uploads\/2023\/03\/kategorie-pouzitia.pdf\">Kateg\u00f3rie pou\u017eitia<\/a><\/p>\n<p><a href=\"https:\/\/www.brikol.sk\/wp-content\/uploads\/2023\/03\/atest-vodotesnost_skarova-prievzdusnost_stavebne_teleso.pdf\">Atest &#8211; vodotesnos\u0165<\/a><\/p>\n<p><a href=\"https:\/\/www.brikol.sk\/wp-content\/uploads\/2023\/03\/atest-vzduchova-nepriezvucnost.pdf\">Atest &#8211; vzduchov\u00e1 nepriezvu\u010dnos\u0165<\/a><\/p>\n<p><span style=\"text-decoration: underline;\"><span style=\"font-size: 120%;\"><strong>Video<\/strong><\/span><\/span><\/p>\n<p><a href=\"https:\/\/www.youtube.com\/watch?v=2SE2QxzpxLM\" target=\"_blank\" rel=\"noopener\">https:\/\/www.youtube.com\/watch?v=2SE2QxzpxLM<\/a><\/p>\n<p><span style=\"font-size: 75%;\">Tovar na externom sklade jeho expedovanie do 2 &#8211; 3 pracovn\u00fdch dn\u00ed<\/span><\/p>\n<p>&nbsp;<\/p>\n<p>&nbsp;<\/p>\n<p>&nbsp;<\/p>\n","protected":false},"excerpt":{"rendered":"<p><strong>ILLMOD TRIO 750 p\u00e1ska<\/strong>, ktor\u00e1 sp\u013a\u0148a najvy\u0161\u0161ie n\u00e1roky na kvalitn\u00e9, trvanliv\u00e9 a r\u00fdchle utesnenie \u0161p\u00e1r, naviac ide o &#8220;zelen\u00fd produkt&#8221; bez emisi\u00ed.<\/p>\n","protected":false},"featured_media":14780,"comment_status":"open","ping_status":"closed","template":"","meta":[],"product_cat":[239],"product_tag":[],"_links":{"self":[{"href":"https:\/\/www.brikol.sk\/de\/wp-json\/wp\/v2\/product\/24526"}],"collection":[{"href":"https:\/\/www.brikol.sk\/de\/wp-json\/wp\/v2\/product"}],"about":[{"href":"https:\/\/www.brikol.sk\/de\/wp-json\/wp\/v2\/types\/product"}],"replies":[{"embeddable":true,"href":"https:\/\/www.brikol.sk\/de\/wp-json\/wp\/v2\/comments?post=24526"}],"wp:featuredmedia":[{"embeddable":true,"href":"https:\/\/www.brikol.sk\/de\/wp-json\/wp\/v2\/media\/14780"}],"wp:attachment":[{"href":"https:\/\/www.brikol.sk\/de\/wp-json\/wp\/v2\/media?parent=24526"}],"wp:term":[{"taxonomy":"product_cat","embeddable":true,"href":"https:\/\/www.brikol.sk\/de\/wp-json\/wp\/v2\/product_cat?post=24526"},{"taxonomy":"product_tag","embeddable":true,"href":"https:\/\/www.brikol.sk\/de\/wp-json\/wp\/v2\/product_tag?post=24526"}],"curies":[{"name":"wp","href":"https:\/\/api.w.org\/{rel}","templated":true}]}}