{"id":24531,"date":"2023-03-02T13:41:15","date_gmt":"2023-03-02T12:41:15","guid":{"rendered":"https:\/\/www.brikol.sk\/produkt\/komprimacna-paska\/"},"modified":"2023-03-02T13:41:15","modified_gmt":"2023-03-02T12:41:15","slug":"komprimacna-paska","status":"publish","type":"product","link":"https:\/\/www.brikol.sk\/de\/produkt\/komprimacna-paska\/","title":{"rendered":"Komprimovan\u00e1 p\u00e1ska ILLMOD 600 MAX"},"content":{"rendered":"<div class=\"popisObsah\">\n<p><strong>ILLMOD 600 MAX<\/strong> unik\u00e1tna komprima\u010dn\u00e1 p\u00e1ska, ktor\u00e1 je schopn\u00e1 utesni\u0165 \u0161irok\u00fa \u0161k\u00e1lu \u0161p\u00e1r len s dvomi rozmermi p\u00e1sky. P\u00e1ska je vynikaj\u00faci tepeln\u00fd izolant, je vodotesn\u00e1 a odoln\u00e1 poveternostn\u00fdm vplyvom.<\/p>\n<ul>\n<li>vhodn\u00e1 do exteri\u00e9ru<\/li>\n<li>aplika\u010dn\u00e1 teplota bez obmedzenia<\/li>\n<\/ul>\n<h2><span style=\"font-size: 80%;\">Farba<\/span><\/h2>\n<ul>\n<li>antracit (\u010dierna)<\/li>\n<\/ul>\n<h2><span style=\"font-size: 80%;\">Prednosti<\/span><\/h2>\n<ul>\n<li style=\"list-style-type: none;\">\n<ul>\n<li>len dva rozmery p\u00e1sky<\/li>\n<li>pre \u0161p\u00e1ry 5 &#8211; 15 mm alebo 10 \u2013 24 mm<\/li>\n<li>aplik\u00e1cia za akejko\u013evek teploty<\/li>\n<li>odoln\u00e1 UV a poveternostn\u00fdm vplyvom<\/li>\n<li>skvel\u00fd zvukov\u00fd izolant<\/li>\n<li>v\u00fdborne prep\u00fa\u0161\u0165a vzdu\u0161n\u00fa vlhkos\u0165<\/li>\n<li>r\u00fdchla, jednoduch\u00e1 a \u010dist\u00e1 aplik\u00e1cia<\/li>\n<li>vodotesn\u00e1 do 600Pa<\/li>\n<li>vysoko \u0161etrn\u00e1 k u\u017e\u00edvate\u013eovi a \u017eivotn\u00e9mu prostrediu<\/li>\n<li>minim\u00e1lny odpa<\/li>\n<\/ul>\n<\/li>\n<\/ul>\n<\/div>\n<p><span style=\"text-decoration: underline;\"><strong><span style=\"font-size: 130%;\">Na stiahnutie<\/span> <\/strong><\/span><\/p>\n<p><a href=\"https:\/\/www.brikol.sk\/wp-content\/uploads\/2023\/03\/Technicky-list-3.pdf\">Technick\u00fd list<\/a><\/p>\n<p><a href=\"https:\/\/www.brikol.sk\/wp-content\/uploads\/2023\/03\/Bezpecnostny-list-2.pdf\">Bezpe\u010dnostn\u00fd list<\/a><\/p>\n<p><a href=\"https:\/\/www.brikol.sk\/wp-content\/uploads\/2023\/03\/Certifikat-1.pdf\">Certifikat<\/a><\/p>\n<p><a href=\"https:\/\/www.brikol.sk\/wp-content\/uploads\/2023\/03\/Atest-vodotesnost-5-15-mm.pdf\">Atest vodotesnos\u0165 5-15 mm<\/a><\/p>\n<p><a href=\"https:\/\/www.brikol.sk\/wp-content\/uploads\/2023\/03\/Atest-vodotesnost-10-24-mm-1.pdf\">Atest vodotesnos\u0165 10-24 mm-1<\/a><\/p>\n<p><a href=\"https:\/\/www.brikol.sk\/wp-content\/uploads\/2023\/03\/Vyhlasenie-o-zhode.pdf\">Vyhl\u00e1senie o zhode<\/a><\/p>\n<p><span style=\"font-size: 75%;\">Tovar na externom sklade jeho expedovanie do 2 &#8211; 3 pracovn\u00fdch dn\u00ed<\/span><\/p>\n","protected":false},"excerpt":{"rendered":"<p><strong>ILLMOD 600 MAX<\/strong> unik\u00e1tna komprima\u010dn\u00e1 p\u00e1ska, ktor\u00e1 je schopn\u00e1 utesni\u0165 \u0161irok\u00fa \u0161k\u00e1lu \u0161p\u00e1r len s dvomi rozmermi p\u00e1sky. P\u00e1ska je vynikaj\u00faci tepeln\u00fd izolant, je vodotesn\u00e1 a odoln\u00e1 poveternostn\u00fdm vplyvom.<\/p>\n","protected":false},"featured_media":14720,"comment_status":"open","ping_status":"closed","template":"","meta":[],"product_cat":[239],"product_tag":[],"_links":{"self":[{"href":"https:\/\/www.brikol.sk\/de\/wp-json\/wp\/v2\/product\/24531"}],"collection":[{"href":"https:\/\/www.brikol.sk\/de\/wp-json\/wp\/v2\/product"}],"about":[{"href":"https:\/\/www.brikol.sk\/de\/wp-json\/wp\/v2\/types\/product"}],"replies":[{"embeddable":true,"href":"https:\/\/www.brikol.sk\/de\/wp-json\/wp\/v2\/comments?post=24531"}],"wp:featuredmedia":[{"embeddable":true,"href":"https:\/\/www.brikol.sk\/de\/wp-json\/wp\/v2\/media\/14720"}],"wp:attachment":[{"href":"https:\/\/www.brikol.sk\/de\/wp-json\/wp\/v2\/media?parent=24531"}],"wp:term":[{"taxonomy":"product_cat","embeddable":true,"href":"https:\/\/www.brikol.sk\/de\/wp-json\/wp\/v2\/product_cat?post=24531"},{"taxonomy":"product_tag","embeddable":true,"href":"https:\/\/www.brikol.sk\/de\/wp-json\/wp\/v2\/product_tag?post=24531"}],"curies":[{"name":"wp","href":"https:\/\/api.w.org\/{rel}","templated":true}]}}