{"id":24548,"date":"2023-02-22T09:09:49","date_gmt":"2023-02-22T08:09:49","guid":{"rendered":"https:\/\/www.brikol.sk\/produkt\/koncovka-spodneho-profilu-ks\/"},"modified":"2026-03-26T11:14:22","modified_gmt":"2026-03-26T10:14:22","slug":"endkappe-isotra-unterprofil-silonfuehrung-verstellbar","status":"publish","type":"product","link":"https:\/\/www.brikol.sk\/de\/produkt\/endkappe-isotra-unterprofil-silonfuehrung-verstellbar\/","title":{"rendered":"Endkappe f\u00fcr Isotra Unterleiste \u2013 Abschlusskappe \/ Stk."},"content":{"rendered":"<div class=\"tab tab-1\">\n<div class=\"text\">\n<div id=\"koncovka-spodneho-profilu-isotra\">\n<p data-path-to-node=\"5\"><b data-path-to-node=\"5\" data-index-in-node=\"14\">Produktbeschreibung: Endkappe f\u00fcr das Unterprofil (Leiste) von Isotra Innenjalousien<\/b> Diese Endkappe f\u00fcr das Unterprofil von Isotra Innenjalousien ist mit einer \u00d6se ausgestattet, durch die der seitliche F\u00fchrungssilon der Jalousie verl\u00e4uft. Die Aufgabe der Endkappe besteht darin, die F\u00fchrung des Unterprofils bei der Handhabung der Jalousie zu verbessern, um ein reibungsloses Senken und Heben der Jalousie zu gew\u00e4hrleisten.<\/p>\n<p data-path-to-node=\"6\"><b data-path-to-node=\"6\" data-index-in-node=\"0\">Produkteigenschaften:<\/b><\/p>\n<ul data-path-to-node=\"7\">\n<li>\n<p data-path-to-node=\"7,0,0\"><b data-path-to-node=\"7,0,0\" data-index-in-node=\"0\">Verstellbare \u00d6se:<\/b> Die \u00d6se kann in drei Positionen versetzt werden \u2013 einfach herausziehen und in einer anderen \u00d6ffnung der Endkappe platzieren.<\/p>\n<\/li>\n<li>\n<p data-path-to-node=\"7,1,0\"><b data-path-to-node=\"7,1,0\" data-index-in-node=\"0\">Universalit\u00e4t:<\/b> Die Kunststoff-Endkappe ist sowohl f\u00fcr die rechte als auch f\u00fcr die linke Seite verwendbar.<\/p>\n<\/li>\n<li>\n<p data-path-to-node=\"7,2,0\"><b data-path-to-node=\"7,2,0\" data-index-in-node=\"0\">Farbauswahl:<\/b> Erh\u00e4ltlich in verschiedenen Farben: Wei\u00df, Hellbraun, Dunkelbraun und Grau.<\/p>\n<\/li>\n<\/ul>\n<\/div>\n<\/div>\n<\/div>\n","protected":false},"excerpt":{"rendered":"<p>Endkappe f\u00fcr die Unterleiste von Isotra Innenjalousien mit verstellbarer Silonf\u00fchrungs-\u00d6se (3 Positionen). Gew\u00e4hrleistet ein reibungsloses Heben und Senken der Jalousie. Universell f\u00fcr Links und Rechts einsetzbar. Verf\u00fcgbar in Wei\u00df, Hellbraun, Dunkelbraun und Grau. Verkauf pro St\u00fcck (Stk.).<\/p>\n","protected":false},"featured_media":14425,"comment_status":"closed","ping_status":"closed","template":"","meta":[],"product_cat":[227,190],"product_tag":[],"_links":{"self":[{"href":"https:\/\/www.brikol.sk\/de\/wp-json\/wp\/v2\/product\/24548"}],"collection":[{"href":"https:\/\/www.brikol.sk\/de\/wp-json\/wp\/v2\/product"}],"about":[{"href":"https:\/\/www.brikol.sk\/de\/wp-json\/wp\/v2\/types\/product"}],"replies":[{"embeddable":true,"href":"https:\/\/www.brikol.sk\/de\/wp-json\/wp\/v2\/comments?post=24548"}],"wp:featuredmedia":[{"embeddable":true,"href":"https:\/\/www.brikol.sk\/de\/wp-json\/wp\/v2\/media\/14425"}],"wp:attachment":[{"href":"https:\/\/www.brikol.sk\/de\/wp-json\/wp\/v2\/media?parent=24548"}],"wp:term":[{"taxonomy":"product_cat","embeddable":true,"href":"https:\/\/www.brikol.sk\/de\/wp-json\/wp\/v2\/product_cat?post=24548"},{"taxonomy":"product_tag","embeddable":true,"href":"https:\/\/www.brikol.sk\/de\/wp-json\/wp\/v2\/product_tag?post=24548"}],"curies":[{"name":"wp","href":"https:\/\/api.w.org\/{rel}","templated":true}]}}