{"id":24554,"date":"2023-02-21T14:59:46","date_gmt":"2023-02-21T13:59:46","guid":{"rendered":"https:\/\/www.brikol.sk\/produkt\/gulickova-snura-retiazka-42-mm-m\/"},"modified":"2026-03-27T09:34:23","modified_gmt":"2026-03-27T08:34:23","slug":"kugelkette-42-mm-fuer-rollos-brikol","status":"publish","type":"product","link":"https:\/\/www.brikol.sk\/de\/produkt\/kugelkette-42-mm-fuer-rollos-brikol\/","title":{"rendered":"Kugelkette 4,2 mm wei\u00df \u2013 Meterware f\u00fcr Rollos &#038; Plissees"},"content":{"rendered":"<p data-start=\"322\" data-end=\"538\">Die Kugelkette 4,2 mm wei\u00df ist ein Ersatzteil zur Bedienung von Rollos, Doppelrollos (Tag &amp; Nacht) und Plissees. Sie dient zur Steuerung des Mechanismus und erm\u00f6glicht ein gleichm\u00e4\u00dfiges Auf- und Abrollen des Stoffes.<\/p>\n<p data-start=\"540\" data-end=\"787\">Wenn sich Ihr Rollo schwer bedienen l\u00e4sst, die Kette rei\u00dft oder besch\u00e4digt ist, liegt das Problem meist an einer abgenutzten Kugelkette. Die Kugelkette ist besonders einfach zu ersetzen und kann individuell auf die gew\u00fcnschte L\u00e4nge gek\u00fcrzt werden.<\/p>\n<p data-start=\"789\" data-end=\"936\">Vorteile:<br \/>\n\u2714 einfache und schnelle Montage<br data-start=\"830\" data-end=\"833\" \/>\u2714 individuell k\u00fcrzbar<br data-start=\"854\" data-end=\"857\" \/>\u2714 langlebiges Kunststoffmaterial<br data-start=\"889\" data-end=\"892\" \/>\u2714 kompatibel mit den meisten Rollosystemen<\/p>\n<p data-start=\"938\" data-end=\"1139\">Bestellung:<br \/>\n1 St\u00fcck = 1 Meter<br data-start=\"967\" data-end=\"970\" \/>Bei Bestellung von 5 St\u00fcck erhalten Sie 5 Meter am St\u00fcck. Bei gr\u00f6\u00dferen Mengen kann die Kette geteilt geliefert werden. Wir empfehlen, die L\u00e4nge mit Reserve zu bestellen.<\/p>\n<p data-start=\"1141\" data-end=\"1244\">Technische Daten:<br \/>\nDurchmesser Kugel: 4,2 mm<br data-start=\"1184\" data-end=\"1187\" \/>Farbe: wei\u00df<br data-start=\"1198\" data-end=\"1201\" \/>Material: Kunststoff<br data-start=\"1221\" data-end=\"1224\" \/>Verkauf: Meterware<\/p>\n<p data-start=\"1246\" data-end=\"1353\">Wichtig: Zum Verbinden der Kette ben\u00f6tigen Sie eine Verbinder (Kupplung) \u2013 nicht im Lieferumfang enthalten.<\/p>\n<p data-start=\"1355\" data-end=\"1443\">Praxis-Tipp: Beim Austausch der Kette lohnt es sich, auch den Mechanismus zu \u00fcberpr\u00fcfen.<\/p>\n","protected":false},"excerpt":{"rendered":"<p data-start=\"2284\" data-end=\"2389\">Kugelkette 4,2 mm wei\u00df \u2013 Meterware f\u00fcr Rollos und Plissees. Einfach austauschbar und individuell k\u00fcrzbar.<\/p>\n","protected":false},"featured_media":14420,"comment_status":"open","ping_status":"closed","template":"","meta":[],"product_cat":[229],"product_tag":[],"_links":{"self":[{"href":"https:\/\/www.brikol.sk\/de\/wp-json\/wp\/v2\/product\/24554"}],"collection":[{"href":"https:\/\/www.brikol.sk\/de\/wp-json\/wp\/v2\/product"}],"about":[{"href":"https:\/\/www.brikol.sk\/de\/wp-json\/wp\/v2\/types\/product"}],"replies":[{"embeddable":true,"href":"https:\/\/www.brikol.sk\/de\/wp-json\/wp\/v2\/comments?post=24554"}],"wp:featuredmedia":[{"embeddable":true,"href":"https:\/\/www.brikol.sk\/de\/wp-json\/wp\/v2\/media\/14420"}],"wp:attachment":[{"href":"https:\/\/www.brikol.sk\/de\/wp-json\/wp\/v2\/media?parent=24554"}],"wp:term":[{"taxonomy":"product_cat","embeddable":true,"href":"https:\/\/www.brikol.sk\/de\/wp-json\/wp\/v2\/product_cat?post=24554"},{"taxonomy":"product_tag","embeddable":true,"href":"https:\/\/www.brikol.sk\/de\/wp-json\/wp\/v2\/product_tag?post=24554"}],"curies":[{"name":"wp","href":"https:\/\/api.w.org\/{rel}","templated":true}]}}