{"id":24627,"date":"2021-12-16T09:07:03","date_gmt":"2021-12-16T08:07:03","guid":{"rendered":"https:\/\/www.brikol.sk\/produkt\/spojovacia-retiazka-zavazi-vertikaly-127-m\/"},"modified":"2026-03-26T13:39:36","modified_gmt":"2026-03-26T12:39:36","slug":"verbindungskette-vertikaljalousie-127mm","status":"publish","type":"product","link":"https:\/\/www.brikol.sk\/de\/produkt\/verbindungskette-vertikaljalousie-127mm\/","title":{"rendered":"Verbindungskette f\u00fcr Lamellengewichte Vertikaljalousie 127 mm \/ m"},"content":{"rendered":"<p data-start=\"309\" data-end=\"417\">Verbindungskette f\u00fcr Lamellengewichte Vertikaljalousie 127 mm, geeignet f\u00fcr Stofflamellen mit Breite 127 mm.<\/p>\n<p data-start=\"419\" data-end=\"594\">Diese Verbindungskette verbindet die einzelnen Lamellengewichte miteinander und sorgt daf\u00fcr, dass sich alle Lamellen gleichm\u00e4\u00dfig bewegen und in der richtigen Position bleiben.<\/p>\n<p data-start=\"596\" data-end=\"696\">Ohne Verbindungskette k\u00f6nnen sich die Lamellen unkontrolliert pohybova\u0165, kr\u00fati\u0165 alebo sa rozch\u00e1dza\u0165.<\/p>\n<p data-start=\"698\" data-end=\"802\">\ud83d\udc49 Wichtig: Diese Verbindungskette ist f\u00fcr Lamellenbreite 127 mm bestimmt \u2013 bitte vor Bestellung pr\u00fcfen.<\/p>\n<p data-start=\"804\" data-end=\"942\">Die Kette wird seitlich in die \u00d6sen der Lamellengewichte eingeklipst und verbindet die gesamte Vertikaljalousie zu einer stabilen Einheit.<\/p>\n<p data-start=\"944\" data-end=\"1087\">\u2714 geeignet f\u00fcr Lamellenbreite 127 mm<br data-start=\"980\" data-end=\"983\" \/>\u2714 sorgt f\u00fcr gleichm\u00e4\u00dfige Bewegung der Lamellen<br data-start=\"1029\" data-end=\"1032\" \/>\u2714 einfache Montage ohne Werkzeug<br data-start=\"1064\" data-end=\"1067\" \/>\u2714 flexibel k\u00fcrzbar<\/p>\n<p data-start=\"1089\" data-end=\"1151\">\ud83d\udccf Verkauf nach Metern:<br data-start=\"1112\" data-end=\"1115\" \/>1 St\u00fcck = 1 Meter Verbindungskette<\/p>\n<p data-start=\"1153\" data-end=\"1299\">\u2022 Bei Bestellung von 5 St\u00fcck erhalten Sie 5 Meter am St\u00fcck<br data-start=\"1211\" data-end=\"1214\" \/>\u2022 Bei Bestellungen \u00fcber 100 m kann die Kette aus praktischen Gr\u00fcnden geteilt werden<\/p>\n<p data-start=\"1301\" data-end=\"1359\">\ud83d\udc49 Die L\u00e4nge kann nach der Montage einfach gek\u00fcrzt werden.<\/p>\n<p data-start=\"1361\" data-end=\"1441\">\ud83d\udc49 <strong data-start=\"1364\" data-end=\"1441\">F\u00fcr vollst\u00e4ndige Funktion empfehlen wir passende Lamellengewichte 127 mm.<\/strong><\/p>\n","protected":false},"excerpt":{"rendered":"<p data-start=\"2505\" data-end=\"2598\">Verbindungskette Vertikaljalousie 127 mm \/ m.<br data-start=\"2550\" data-end=\"2553\" \/>Sorgt f\u00fcr gleichm\u00e4\u00dfige Bewegung der Lamellen.<\/p>\n","protected":false},"featured_media":24930,"comment_status":"closed","ping_status":"closed","template":"","meta":[],"product_cat":[196],"product_tag":[],"_links":{"self":[{"href":"https:\/\/www.brikol.sk\/de\/wp-json\/wp\/v2\/product\/24627"}],"collection":[{"href":"https:\/\/www.brikol.sk\/de\/wp-json\/wp\/v2\/product"}],"about":[{"href":"https:\/\/www.brikol.sk\/de\/wp-json\/wp\/v2\/types\/product"}],"replies":[{"embeddable":true,"href":"https:\/\/www.brikol.sk\/de\/wp-json\/wp\/v2\/comments?post=24627"}],"wp:featuredmedia":[{"embeddable":true,"href":"https:\/\/www.brikol.sk\/de\/wp-json\/wp\/v2\/media\/24930"}],"wp:attachment":[{"href":"https:\/\/www.brikol.sk\/de\/wp-json\/wp\/v2\/media?parent=24627"}],"wp:term":[{"taxonomy":"product_cat","embeddable":true,"href":"https:\/\/www.brikol.sk\/de\/wp-json\/wp\/v2\/product_cat?post=24627"},{"taxonomy":"product_tag","embeddable":true,"href":"https:\/\/www.brikol.sk\/de\/wp-json\/wp\/v2\/product_tag?post=24627"}],"curies":[{"name":"wp","href":"https:\/\/api.w.org\/{rel}","templated":true}]}}