{"id":24628,"date":"2021-12-16T08:39:24","date_gmt":"2021-12-16T07:39:24","guid":{"rendered":"https:\/\/www.brikol.sk\/produkt\/vozik-vertikaly\/"},"modified":"2026-03-26T13:41:24","modified_gmt":"2026-03-26T12:41:24","slug":"laufwagen-vertikaljalousie-kunststoff-distanz","status":"publish","type":"product","link":"https:\/\/www.brikol.sk\/de\/produkt\/laufwagen-vertikaljalousie-kunststoff-distanz\/","title":{"rendered":"Laufwagen Vertikaljalousie f\u00fcr Kunststoff-Distanz \/ St\u00fcck"},"content":{"rendered":"<p data-start=\"330\" data-end=\"442\">Laufwagen Vertikaljalousie f\u00fcr Kunststoff-Distanz, geeignet f\u00fcr den oberen Schienenprofil von Vertikaljalousien.<\/p>\n<p data-start=\"444\" data-end=\"599\">Dieser Laufwagen Vertikaljalousie dient zur Befestigung einzelner Lamellen im oberen Profil und erm\u00f6glicht deren gleichm\u00e4\u00dfige Bewegung entlang der Schiene.<\/p>\n<p data-start=\"601\" data-end=\"761\">Die Lamellen werden am integrierten Haken eingeh\u00e4ngt, wodurch ein stabiler Halt und eine reibungslose Funktion der gesamten Vertikaljalousie gew\u00e4hrleistet sind.<\/p>\n<p data-start=\"763\" data-end=\"862\">\ud83d\udc49 Wichtig: Dieses Modell ist f\u00fcr Kunststoff-Distanzsysteme bestimmt \u2013 bitte vor Bestellung pr\u00fcfen.<\/p>\n<p data-start=\"864\" data-end=\"939\">Ein falscher Laufwagen kann nicht korrekt in die Schiene eingesetzt werden.<\/p>\n<p data-start=\"941\" data-end=\"1077\">\u2714 geeignet f\u00fcr Vertikaljalousien<br data-start=\"973\" data-end=\"976\" \/>\u2714 kompatibel mit Kunststoff-Distanz<br data-start=\"1011\" data-end=\"1014\" \/>\u2714 mit Haken zur Befestigung der Lamellen<br data-start=\"1054\" data-end=\"1057\" \/>\u2714 einfache Montage<\/p>\n<p data-start=\"1079\" data-end=\"1226\">Technische Parameter:<br data-start=\"1100\" data-end=\"1103\" \/>\u2022 Breite: 41 mm<br data-start=\"1118\" data-end=\"1121\" \/>\u2022 H\u00f6he: 15 mm (ohne Haken)<br data-start=\"1147\" data-end=\"1150\" \/>\u2022 H\u00f6he: 32 mm (mit Haken)<br data-start=\"1175\" data-end=\"1178\" \/>\u2022 Tiefe: 9 mm<br data-start=\"1191\" data-end=\"1194\" \/>\u2022 Verwendung: Vertikaljalousie<\/p>\n<p data-start=\"1228\" data-end=\"1316\">\ud83d\udc49 <strong data-start=\"1231\" data-end=\"1316\">F\u00fcr vollst\u00e4ndige Reparatur empfehlen wir auch Lamellenhaken und Verbindungskette.<\/strong><\/p>\n","protected":false},"excerpt":{"rendered":"<p>Laufwagen Vertikaljalousie f\u00fcr Kunststoff Distanz \/ St\u00fcck.<br data-start=\"2428\" data-end=\"2431\" \/>Sorgt f\u00fcr reibungslose Bewegung der Lamellen.<\/p>\n","protected":false},"featured_media":20657,"comment_status":"closed","ping_status":"closed","template":"","meta":[],"product_cat":[196],"product_tag":[],"_links":{"self":[{"href":"https:\/\/www.brikol.sk\/de\/wp-json\/wp\/v2\/product\/24628"}],"collection":[{"href":"https:\/\/www.brikol.sk\/de\/wp-json\/wp\/v2\/product"}],"about":[{"href":"https:\/\/www.brikol.sk\/de\/wp-json\/wp\/v2\/types\/product"}],"replies":[{"embeddable":true,"href":"https:\/\/www.brikol.sk\/de\/wp-json\/wp\/v2\/comments?post=24628"}],"wp:featuredmedia":[{"embeddable":true,"href":"https:\/\/www.brikol.sk\/de\/wp-json\/wp\/v2\/media\/20657"}],"wp:attachment":[{"href":"https:\/\/www.brikol.sk\/de\/wp-json\/wp\/v2\/media?parent=24628"}],"wp:term":[{"taxonomy":"product_cat","embeddable":true,"href":"https:\/\/www.brikol.sk\/de\/wp-json\/wp\/v2\/product_cat?post=24628"},{"taxonomy":"product_tag","embeddable":true,"href":"https:\/\/www.brikol.sk\/de\/wp-json\/wp\/v2\/product_tag?post=24628"}],"curies":[{"name":"wp","href":"https:\/\/api.w.org\/{rel}","templated":true}]}}