{"id":24636,"date":"2021-10-05T13:38:26","date_gmt":"2021-10-05T11:38:26","guid":{"rendered":"https:\/\/www.brikol.sk\/produkt\/tycka-medziokennej-zaluzie\/"},"modified":"2026-03-26T11:51:15","modified_gmt":"2026-03-26T10:51:15","slug":"bedienstange-jalousie-4mm","status":"publish","type":"product","link":"https:\/\/www.brikol.sk\/de\/produkt\/bedienstange-jalousie-4mm\/","title":{"rendered":"Bedienstange f\u00fcr Zwischenfenster-Jalousie 4 mm \/ St\u00fcck"},"content":{"rendered":"<p data-start=\"353\" data-end=\"442\">Bedienstange f\u00fcr Zwischenfenster-Jalousien, geeignet f\u00fcr Jalousien mit Stange und Schnur.<\/p>\n<p data-start=\"444\" data-end=\"556\">Die Stange dient zur \u00dcbertragung der Drehbewegung und erm\u00f6glicht die Regulierung des Lichteinfalls im Innenraum.<\/p>\n<p data-start=\"558\" data-end=\"627\">Geeignet als Ersatzteil bei besch\u00e4digter oder fehlender Bedienstange.<\/p>\n<p data-start=\"629\" data-end=\"695\"><strong data-start=\"629\" data-end=\"695\">Durchmesser: 4 mm<br data-start=\"648\" data-end=\"651\" \/>L\u00e4nge: 60 mm bis 1200 mm (je nach Auswahl)<\/strong><\/p>\n<p data-start=\"697\" data-end=\"779\">Einfache Anwendung und kompatibel mit verschiedenen horizontalen Jalousiesystemen.<\/p>\n<p data-start=\"781\" data-end=\"922\">\u2714 geeignet f\u00fcr Zwischenfenster-Jalousien<br data-start=\"821\" data-end=\"824\" \/>\u2714 zur Steuerung des Lamellenwinkels<br data-start=\"859\" data-end=\"862\" \/>\u2714 einfache Montage und Handhabung<br data-start=\"895\" data-end=\"898\" \/>\u2714 langlebiges Material<\/p>\n<p data-start=\"924\" data-end=\"1062\">Technische Parameter:<br data-start=\"945\" data-end=\"948\" \/>\u2022 Durchmesser: 4 mm<br data-start=\"967\" data-end=\"970\" \/>\u2022 L\u00e4nge: 60 \u2013 1200 mm<br data-start=\"991\" data-end=\"994\" \/>\u2022 Verwendung: Bedienung von Jalousien<br data-start=\"1031\" data-end=\"1034\" \/>\u2022 Verkaufseinheit: 1 St\u00fcck<\/p>\n","protected":false},"excerpt":{"rendered":"<p>Bedienstange f\u00fcr Zwischenfenster-Jalousien 4 mm \/ St\u00fcck.<br data-start=\"1809\" data-end=\"1812\" \/>L\u00e4nge 60\u20131200 mm. Zur einfachen Steuerung der Lamellen.<\/p>\n<p><span style=\"color: #ff0000;\"><strong>Tento produk nie je mo\u017en\u00e9 zasiela\u0165 do Z-BOXU , pri doru\u010den\u00ed z\u00e1sielkovnou zvo\u013ete v\u00fddajn\u00e9 miesto.<\/strong><\/span><\/p>\n","protected":false},"featured_media":17435,"comment_status":"open","ping_status":"closed","template":"","meta":[],"product_cat":[190,189],"product_tag":[],"_links":{"self":[{"href":"https:\/\/www.brikol.sk\/de\/wp-json\/wp\/v2\/product\/24636"}],"collection":[{"href":"https:\/\/www.brikol.sk\/de\/wp-json\/wp\/v2\/product"}],"about":[{"href":"https:\/\/www.brikol.sk\/de\/wp-json\/wp\/v2\/types\/product"}],"replies":[{"embeddable":true,"href":"https:\/\/www.brikol.sk\/de\/wp-json\/wp\/v2\/comments?post=24636"}],"wp:featuredmedia":[{"embeddable":true,"href":"https:\/\/www.brikol.sk\/de\/wp-json\/wp\/v2\/media\/17435"}],"wp:attachment":[{"href":"https:\/\/www.brikol.sk\/de\/wp-json\/wp\/v2\/media?parent=24636"}],"wp:term":[{"taxonomy":"product_cat","embeddable":true,"href":"https:\/\/www.brikol.sk\/de\/wp-json\/wp\/v2\/product_cat?post=24636"},{"taxonomy":"product_tag","embeddable":true,"href":"https:\/\/www.brikol.sk\/de\/wp-json\/wp\/v2\/product_tag?post=24636"}],"curies":[{"name":"wp","href":"https:\/\/api.w.org\/{rel}","templated":true}]}}