{"id":24665,"date":"2021-08-17T14:26:49","date_gmt":"2021-08-17T12:26:49","guid":{"rendered":"https:\/\/www.brikol.sk\/produkt\/hruska-snury-biela\/"},"modified":"2026-03-26T12:07:51","modified_gmt":"2026-03-26T11:07:51","slug":"schnurgriff-jalousie","status":"publish","type":"product","link":"https:\/\/www.brikol.sk\/de\/produkt\/schnurgriff-jalousie\/","title":{"rendered":"Schnurgriff (Endst\u00fcck) f\u00fcr Jalousie \/ St\u00fcck"},"content":{"rendered":"<p data-start=\"178\" data-end=\"234\">Schnurgriff (Endst\u00fcck) f\u00fcr Zugschnur von Innenjalousien.<\/p>\n<p data-start=\"236\" data-end=\"373\">Er dient als Abschluss der Schnur und erm\u00f6glicht eine einfache und komfortable Bedienung beim Hochziehen und Herunterlassen der Jalousie.<\/p>\n<p data-start=\"375\" data-end=\"476\">Der Griff sorgt f\u00fcr besseren Halt und erleichtert die Handhabung der Zugschnur im t\u00e4glichen Gebrauch.<\/p>\n<p data-start=\"478\" data-end=\"543\">Geeignet als Ersatzteil bei besch\u00e4digtem oder fehlendem Endst\u00fcck.<\/p>\n<p data-start=\"545\" data-end=\"618\"><strong data-start=\"545\" data-end=\"618\">In folgenden Farben erh\u00e4ltlich: Wei\u00df, Silber, Ziegelbraun, Anthrazit.<\/strong><\/p>\n<p data-start=\"620\" data-end=\"753\">\u2714 passend f\u00fcr Zugschnur von Jalousien<br data-start=\"657\" data-end=\"660\" \/>\u2714 erleichtert das Hochziehen und Bedienen<br data-start=\"701\" data-end=\"704\" \/>\u2714 sorgt f\u00fcr besseren Griff<br data-start=\"730\" data-end=\"733\" \/>\u2714 einfache Montage<\/p>\n<p data-start=\"755\" data-end=\"948\">Technische Parameter:<br data-start=\"776\" data-end=\"779\" \/>\u2022 Verwendung: Endst\u00fcck f\u00fcr Zugschnur<br data-start=\"815\" data-end=\"818\" \/>\u2022 Material: Kunststoff<br data-start=\"840\" data-end=\"843\" \/>\u2022 Farben: Wei\u00df, Silber, Ziegelbraun, Anthrazit<br data-start=\"889\" data-end=\"892\" \/>\u2022 Einsatz: Innenjalousien<br data-start=\"917\" data-end=\"920\" \/>\u2022 Verkaufseinheit: 1 St\u00fcck<\/p>\n","protected":false},"excerpt":{"rendered":"<p>Schnurgriff (Endst\u00fcck) f\u00fcr Jalousie \/ St\u00fcck.<br data-start=\"2085\" data-end=\"2088\" \/>Erh\u00e4ltlich in Wei\u00df, Silber, Ziegelbraun und Anthrazit f\u00fcr komfortable Bedienung.<\/p>\n","protected":false},"featured_media":13790,"comment_status":"closed","ping_status":"closed","template":"","meta":[],"product_cat":[190,189],"product_tag":[],"_links":{"self":[{"href":"https:\/\/www.brikol.sk\/de\/wp-json\/wp\/v2\/product\/24665"}],"collection":[{"href":"https:\/\/www.brikol.sk\/de\/wp-json\/wp\/v2\/product"}],"about":[{"href":"https:\/\/www.brikol.sk\/de\/wp-json\/wp\/v2\/types\/product"}],"replies":[{"embeddable":true,"href":"https:\/\/www.brikol.sk\/de\/wp-json\/wp\/v2\/comments?post=24665"}],"wp:featuredmedia":[{"embeddable":true,"href":"https:\/\/www.brikol.sk\/de\/wp-json\/wp\/v2\/media\/13790"}],"wp:attachment":[{"href":"https:\/\/www.brikol.sk\/de\/wp-json\/wp\/v2\/media?parent=24665"}],"wp:term":[{"taxonomy":"product_cat","embeddable":true,"href":"https:\/\/www.brikol.sk\/de\/wp-json\/wp\/v2\/product_cat?post=24665"},{"taxonomy":"product_tag","embeddable":true,"href":"https:\/\/www.brikol.sk\/de\/wp-json\/wp\/v2\/product_tag?post=24665"}],"curies":[{"name":"wp","href":"https:\/\/api.w.org\/{rel}","templated":true}]}}