{"id":24674,"date":"2021-02-19T10:25:06","date_gmt":"2021-02-19T09:25:06","guid":{"rendered":"https:\/\/www.brikol.sk\/produkt\/rebricek-na-zaluzie\/"},"modified":"2026-03-26T15:05:05","modified_gmt":"2026-03-26T14:05:05","slug":"leiterband-jalousie-25mm","status":"publish","type":"product","link":"https:\/\/www.brikol.sk\/de\/produkt\/leiterband-jalousie-25mm\/","title":{"rendered":"Leiterband f\u00fcr Jalousie 25 mm Lamelle \/ Meter"},"content":{"rendered":"<p data-start=\"275\" data-end=\"367\">Leiterband f\u00fcr horizontale Innenjalousien, geeignet f\u00fcr Lamellen mit einer Breite von 25 mm.<\/p>\n<p data-start=\"369\" data-end=\"518\">Die Lamellen werden zwischen die einzelnen Stufen des Leiterbandes eingelegt und erm\u00f6glichen eine gleichm\u00e4\u00dfige F\u00fchrung sowie das Kippen der Lamellen.<\/p>\n<p data-start=\"520\" data-end=\"583\">Geeignet f\u00fcr vollverschattende (lichtundurchl\u00e4ssige) Jalousien.<\/p>\n<p data-start=\"585\" data-end=\"632\"><strong data-start=\"585\" data-end=\"632\">Ma\u00dfe Leiterband: 18 \u00d7 28 mm (H\u00f6he \u00d7 Breite)<\/strong><\/p>\n<p data-start=\"634\" data-end=\"714\"><strong data-start=\"634\" data-end=\"714\">Erh\u00e4ltlich in folgenden Farben: Wei\u00df, Dunkelbraun, Silber, Erle \/ Hellbraun.<\/strong><\/p>\n<p data-start=\"716\" data-end=\"724\">Montage:<\/p>\n<p data-start=\"726\" data-end=\"1087\">\u2022 Das Ende des Leiterbandes durch das obere Profil f\u00fchren und auf das Wickelrad aufsetzen<br data-start=\"815\" data-end=\"818\" \/>\u2022 Lamellen zwischen die einzelnen Stufen einlegen<br data-start=\"867\" data-end=\"870\" \/>\u2022 Erste Lamelle mit Halter fixieren<br data-start=\"905\" data-end=\"908\" \/>\u2022 Leiterband durch die untere Leiste f\u00fchren und zur\u00fcck zur unteren Lamelle<br data-start=\"982\" data-end=\"985\" \/>\u2022 Leiterband leicht spannen und fixieren<br data-start=\"1025\" data-end=\"1028\" \/>\u2022 Jalousie montieren und seitliche Abdeckkappen einsetzen<\/p>\n<p data-start=\"1089\" data-end=\"1099\">Lieferung:<\/p>\n<p data-start=\"1101\" data-end=\"1327\">Der Artikel wird als Meterware geliefert.<br data-start=\"1142\" data-end=\"1145\" \/>Bei Bestellung mehrerer St\u00fccke wird das Leiterband in einem St\u00fcck versendet (z. B. 5 St\u00fcck = 5 Meter).<br data-start=\"1247\" data-end=\"1250\" \/>Bei Bestellungen \u00fcber 100 m wird die Ware aus praktischen Gr\u00fcnden aufgeteilt.<\/p>\n<p data-start=\"1329\" data-end=\"1450\">\u2714 geeignet f\u00fcr 25 mm Lamellen<br data-start=\"1358\" data-end=\"1361\" \/>\u2714 gleichm\u00e4\u00dfige F\u00fchrung der Lamellen<br data-start=\"1396\" data-end=\"1399\" \/>\u2714 langlebiges Textilmaterial<br data-start=\"1427\" data-end=\"1430\" \/>\u2714 einfache Montage<\/p>\n<p data-start=\"1452\" data-end=\"1620\">Technische Parameter:<br data-start=\"1473\" data-end=\"1476\" \/>\u2022 Lamellenbreite: 25 mm<br data-start=\"1499\" data-end=\"1502\" \/>\u2022 Ma\u00dfe Leiterband: 18 \u00d7 28 mm<br data-start=\"1531\" data-end=\"1534\" \/>\u2022 Farben: Wei\u00df, Dunkelbraun, Silber, Erle \/ Hellbraun<br data-start=\"1587\" data-end=\"1590\" \/>\u2022 Verkaufseinheit: Meterware<\/p>\n","protected":false},"excerpt":{"rendered":"<p>Leiterband f\u00fcr Jalousie 25 mm \/ Meter.<br data-start=\"3142\" data-end=\"3145\" \/>In Wei\u00df, Dunkelbraun, Silber und Erle erh\u00e4ltlich. F\u00fcr gleichm\u00e4\u00dfige F\u00fchrung der Lamellen.<\/p>\n","protected":false},"featured_media":15440,"comment_status":"open","ping_status":"closed","template":"","meta":[],"product_cat":[225,226,227,228,190,189],"product_tag":[],"_links":{"self":[{"href":"https:\/\/www.brikol.sk\/de\/wp-json\/wp\/v2\/product\/24674"}],"collection":[{"href":"https:\/\/www.brikol.sk\/de\/wp-json\/wp\/v2\/product"}],"about":[{"href":"https:\/\/www.brikol.sk\/de\/wp-json\/wp\/v2\/types\/product"}],"replies":[{"embeddable":true,"href":"https:\/\/www.brikol.sk\/de\/wp-json\/wp\/v2\/comments?post=24674"}],"wp:featuredmedia":[{"embeddable":true,"href":"https:\/\/www.brikol.sk\/de\/wp-json\/wp\/v2\/media\/15440"}],"wp:attachment":[{"href":"https:\/\/www.brikol.sk\/de\/wp-json\/wp\/v2\/media?parent=24674"}],"wp:term":[{"taxonomy":"product_cat","embeddable":true,"href":"https:\/\/www.brikol.sk\/de\/wp-json\/wp\/v2\/product_cat?post=24674"},{"taxonomy":"product_tag","embeddable":true,"href":"https:\/\/www.brikol.sk\/de\/wp-json\/wp\/v2\/product_tag?post=24674"}],"curies":[{"name":"wp","href":"https:\/\/api.w.org\/{rel}","templated":true}]}}