{"id":24686,"date":"2020-04-02T11:19:02","date_gmt":"2020-04-02T09:19:02","guid":{"rendered":"https:\/\/www.brikol.sk\/produkt\/zakladna-cast-isotra\/"},"modified":"2026-03-26T12:15:11","modified_gmt":"2026-03-26T11:15:11","slug":"isotra-jalousie-grundteil-kettenfuehrung","status":"publish","type":"product","link":"https:\/\/www.brikol.sk\/de\/produkt\/isotra-jalousie-grundteil-kettenfuehrung\/","title":{"rendered":"Grundteil ISOTRA Jalousie mit Kettenf\u00fchrung \/ St\u00fcck"},"content":{"rendered":"<p data-start=\"245\" data-end=\"293\">Grundteil f\u00fcr Innenjalousien des Systems ISOTRA.<\/p>\n<p data-start=\"295\" data-end=\"508\">Das Bauteil enth\u00e4lt die F\u00fchrung der Kugelkette sowie das Kettenrad f\u00fcr die Bedienung der Jalousie. Es dient als zentrales Element des Steuermechanismus und erm\u00f6glicht die zuverl\u00e4ssige Funktion der Kettenbedienung.<\/p>\n<p data-start=\"510\" data-end=\"632\">Der Mechanismus hat die Form eines ausgeschnittenen Kreises und ist f\u00fcr eine pr\u00e4zise und gleichm\u00e4\u00dfige Steuerung ausgelegt.<\/p>\n<p data-start=\"634\" data-end=\"705\">Geeignet als Ersatzteil bei besch\u00e4digtem oder abgenutztem Originalteil.<\/p>\n<p data-start=\"707\" data-end=\"844\">\u2714 passend f\u00fcr ISOTRA Jalousien<br data-start=\"737\" data-end=\"740\" \/>\u2714 inklusive Kettenf\u00fchrung und Kettenrad<br data-start=\"779\" data-end=\"782\" \/>\u2714 zuverl\u00e4ssige Steuerung der Kugelkette<br data-start=\"821\" data-end=\"824\" \/>\u2714 einfache Montage<\/p>\n<p data-start=\"846\" data-end=\"1050\">Technische Parameter:<br data-start=\"867\" data-end=\"870\" \/>\u2022 Verwendung: Steuermechanismus Jalousie<br data-start=\"910\" data-end=\"913\" \/>\u2022 Kompatibilit\u00e4t: ISOTRA<br data-start=\"937\" data-end=\"940\" \/>\u2022 Bestandteil: Kettenf\u00fchrung + Kettenrad<br data-start=\"980\" data-end=\"983\" \/>\u2022 Form: kreisf\u00f6rmig (ausgeschnitten)<br data-start=\"1019\" data-end=\"1022\" \/>\u2022 Verkaufseinheit: 1 St\u00fcck<\/p>\n","protected":false},"excerpt":{"rendered":"<p>Grundteil ISOTRA Jalousie mit Kettenf\u00fchrung \/ St\u00fcck.<br data-start=\"2276\" data-end=\"2279\" \/>Mit Kettenrad f\u00fcr zuverl\u00e4ssige Steuerung der Kugelkette.<\/p>\n","protected":false},"featured_media":14175,"comment_status":"open","ping_status":"closed","template":"","meta":[],"product_cat":[227,190],"product_tag":[],"_links":{"self":[{"href":"https:\/\/www.brikol.sk\/de\/wp-json\/wp\/v2\/product\/24686"}],"collection":[{"href":"https:\/\/www.brikol.sk\/de\/wp-json\/wp\/v2\/product"}],"about":[{"href":"https:\/\/www.brikol.sk\/de\/wp-json\/wp\/v2\/types\/product"}],"replies":[{"embeddable":true,"href":"https:\/\/www.brikol.sk\/de\/wp-json\/wp\/v2\/comments?post=24686"}],"wp:featuredmedia":[{"embeddable":true,"href":"https:\/\/www.brikol.sk\/de\/wp-json\/wp\/v2\/media\/14175"}],"wp:attachment":[{"href":"https:\/\/www.brikol.sk\/de\/wp-json\/wp\/v2\/media?parent=24686"}],"wp:term":[{"taxonomy":"product_cat","embeddable":true,"href":"https:\/\/www.brikol.sk\/de\/wp-json\/wp\/v2\/product_cat?post=24686"},{"taxonomy":"product_tag","embeddable":true,"href":"https:\/\/www.brikol.sk\/de\/wp-json\/wp\/v2\/product_tag?post=24686"}],"curies":[{"name":"wp","href":"https:\/\/api.w.org\/{rel}","templated":true}]}}