{"id":24688,"date":"2020-03-23T17:03:24","date_gmt":"2020-03-23T16:03:24","guid":{"rendered":"https:\/\/www.brikol.sk\/produkt\/nastavovaci-kluc-gu-imbus-4-mm-torx-t15\/"},"modified":"2020-03-23T17:03:24","modified_gmt":"2020-03-23T16:03:24","slug":"nastavovaci-kluc-gu-imbus-4-mm-torx-t15","status":"publish","type":"product","link":"https:\/\/www.brikol.sk\/de\/produkt\/nastavovaci-kluc-gu-imbus-4-mm-torx-t15\/","title":{"rendered":"Nastavovac\u00ed k\u013e\u00fa\u010d GU imbus 4 mm \/torx T15 \/ ks"},"content":{"rendered":"<p>Nastavovac\u00ed k\u013e\u00fa\u010d GU z dlh\u0161ej strany 4 mm imbus z krat\u0161ej zahnutej strany torx T15. Nastavovac\u00ed k\u013e\u00fa\u010d sl\u00fa\u017ei na nastavenie (\u0161telovanie) v\u0161etk\u00fdch typov kovania. Pou\u017e\u00edva sa predov\u0161etk\u00fdm na nastavenie v\u00fd\u0161ky okna a sklopenia okna na vrchnej no\u017enici.<br \/>\nD\u013a\u017eka &#8211; 110 mm, \u0161\u00edrka &#8211; 100 mm, d\u013a\u017eka 2 &#8211; 30 mm<\/p>\n","protected":false},"excerpt":{"rendered":"<p>Nastavovac\u00ed k\u013e\u00fa\u010d GU z dlh\u0161ej strany 4 mm imbus z krat\u0161ej zahnutej strany torx T15. Nastavovac\u00ed k\u013e\u00fa\u010d sl\u00fa\u017ei na nastavenie (\u0161telovanie) v\u0161etk\u00fdch typov kovania. Pou\u017e\u00edva sa predov\u0161etk\u00fdm na nastavenie v\u00fd\u0161ky okna a sklopenia okna na vrchnej no\u017enici.<br \/>\nD\u013a\u017eka &#8211; 110 mm, \u0161\u00edrka &#8211; 100 mm, d\u013a\u017eka 2 &#8211; 30 mm<\/p>\n","protected":false},"featured_media":17475,"comment_status":"open","ping_status":"closed","template":"","meta":[],"product_cat":[233,188],"product_tag":[],"_links":{"self":[{"href":"https:\/\/www.brikol.sk\/de\/wp-json\/wp\/v2\/product\/24688"}],"collection":[{"href":"https:\/\/www.brikol.sk\/de\/wp-json\/wp\/v2\/product"}],"about":[{"href":"https:\/\/www.brikol.sk\/de\/wp-json\/wp\/v2\/types\/product"}],"replies":[{"embeddable":true,"href":"https:\/\/www.brikol.sk\/de\/wp-json\/wp\/v2\/comments?post=24688"}],"wp:featuredmedia":[{"embeddable":true,"href":"https:\/\/www.brikol.sk\/de\/wp-json\/wp\/v2\/media\/17475"}],"wp:attachment":[{"href":"https:\/\/www.brikol.sk\/de\/wp-json\/wp\/v2\/media?parent=24688"}],"wp:term":[{"taxonomy":"product_cat","embeddable":true,"href":"https:\/\/www.brikol.sk\/de\/wp-json\/wp\/v2\/product_cat?post=24688"},{"taxonomy":"product_tag","embeddable":true,"href":"https:\/\/www.brikol.sk\/de\/wp-json\/wp\/v2\/product_tag?post=24688"}],"curies":[{"name":"wp","href":"https:\/\/api.w.org\/{rel}","templated":true}]}}