{"id":24689,"date":"2020-03-21T16:40:06","date_gmt":"2020-03-21T15:40:06","guid":{"rendered":"https:\/\/www.brikol.sk\/produkt\/koncovka-spodneho-profilu-isotra-cira\/"},"modified":"2026-03-26T12:17:20","modified_gmt":"2026-03-26T11:17:20","slug":"endkappe-isotra-jalousie-unterprofil","status":"publish","type":"product","link":"https:\/\/www.brikol.sk\/de\/produkt\/endkappe-isotra-jalousie-unterprofil\/","title":{"rendered":"Endkappe Unterprofil ISOTRA transparent \/ St\u00fcck"},"content":{"rendered":"<p data-start=\"238\" data-end=\"318\">Transparente Endkappe f\u00fcr das Unterprofil von Innenjalousien des Systems ISOTRA.<\/p>\n<p data-start=\"320\" data-end=\"566\">Die Endkappe ist mit einer \u00d6se ausgestattet, durch die der seitliche F\u00fchrungsfaden (Silon) der Jalousie gef\u00fchrt wird. Sie sorgt f\u00fcr eine stabile F\u00fchrung des Unterprofils und erm\u00f6glicht ein gleichm\u00e4\u00dfiges Hochziehen und Herunterlassen der Jalousie.<\/p>\n<p data-start=\"568\" data-end=\"686\">Die Position der \u00d6se kann angepasst werden \u2013 sie l\u00e4sst sich einfach herausziehen und in eine andere \u00d6ffnung einsetzen.<\/p>\n<p data-start=\"688\" data-end=\"745\">Die Endkappe ist f\u00fcr die rechte und linke Seite geeignet.<\/p>\n<p data-start=\"747\" data-end=\"885\">\u2714 passend f\u00fcr ISOTRA Jalousien<br data-start=\"777\" data-end=\"780\" \/>\u2714 mit verstellbarer \u00d6se f\u00fcr F\u00fchrungsfaden<br data-start=\"821\" data-end=\"824\" \/>\u2714 sorgt f\u00fcr ruhige und stabile F\u00fchrung<br data-start=\"862\" data-end=\"865\" \/>\u2714 einfache Montage<\/p>\n<p data-start=\"887\" data-end=\"1072\">Technische Parameter:<br data-start=\"908\" data-end=\"911\" \/>\u2022 Material: Kunststoff (transparent)<br data-start=\"947\" data-end=\"950\" \/>\u2022 Verwendung: Unterprofil Jalousie<br data-start=\"984\" data-end=\"987\" \/>\u2022 Kompatibilit\u00e4t: ISOTRA<br data-start=\"1011\" data-end=\"1014\" \/>\u2022 Einsatz: links und rechts<br data-start=\"1041\" data-end=\"1044\" \/>\u2022 Verkaufseinheit: 1 St\u00fcck<\/p>\n","protected":false},"excerpt":{"rendered":"<p>Endkappe Unterprofil ISOTRA transparent \/ St\u00fcck.<br data-start=\"2202\" data-end=\"2205\" \/>Mit verstellbarer \u00d6se f\u00fcr F\u00fchrungsfaden f\u00fcr ruhige F\u00fchrung der Jalousie.<\/p>\n","protected":false},"featured_media":15585,"comment_status":"open","ping_status":"closed","template":"","meta":[],"product_cat":[227,190],"product_tag":[],"_links":{"self":[{"href":"https:\/\/www.brikol.sk\/de\/wp-json\/wp\/v2\/product\/24689"}],"collection":[{"href":"https:\/\/www.brikol.sk\/de\/wp-json\/wp\/v2\/product"}],"about":[{"href":"https:\/\/www.brikol.sk\/de\/wp-json\/wp\/v2\/types\/product"}],"replies":[{"embeddable":true,"href":"https:\/\/www.brikol.sk\/de\/wp-json\/wp\/v2\/comments?post=24689"}],"wp:featuredmedia":[{"embeddable":true,"href":"https:\/\/www.brikol.sk\/de\/wp-json\/wp\/v2\/media\/15585"}],"wp:attachment":[{"href":"https:\/\/www.brikol.sk\/de\/wp-json\/wp\/v2\/media?parent=24689"}],"wp:term":[{"taxonomy":"product_cat","embeddable":true,"href":"https:\/\/www.brikol.sk\/de\/wp-json\/wp\/v2\/product_cat?post=24689"},{"taxonomy":"product_tag","embeddable":true,"href":"https:\/\/www.brikol.sk\/de\/wp-json\/wp\/v2\/product_tag?post=24689"}],"curies":[{"name":"wp","href":"https:\/\/api.w.org\/{rel}","templated":true}]}}