{"id":24690,"date":"2020-02-28T09:33:44","date_gmt":"2020-02-28T08:33:44","guid":{"rendered":"https:\/\/www.brikol.sk\/produkt\/vedenie-silonu-pre-isoline-biele\/"},"modified":"2026-03-26T12:18:59","modified_gmt":"2026-03-26T11:18:59","slug":"silonfuehrung-isoline-jalousie","status":"publish","type":"product","link":"https:\/\/www.brikol.sk\/de\/produkt\/silonfuehrung-isoline-jalousie\/","title":{"rendered":"Silonf\u00fchrung f\u00fcr ISOLINE Jalousie wei\u00df \/ St\u00fcck"},"content":{"rendered":"<p data-start=\"226\" data-end=\"300\">Silonf\u00fchrung f\u00fcr den oberen Tr\u00e4ger von Innenjalousien des Systems ISOLINE.<\/p>\n<p data-start=\"302\" data-end=\"482\">Das Bauteil dient zum Schutz des F\u00fchrungsfadens (Silon) vor Abrieb im Metallprofil der Jalousie. Es reduziert die Reibung und sorgt f\u00fcr eine l\u00e4ngere Lebensdauer des F\u00fchrungsfadens.<\/p>\n<p data-start=\"484\" data-end=\"550\">Geeignet als Ersatzteil bei besch\u00e4digter oder abgenutzter F\u00fchrung.<\/p>\n<p data-start=\"552\" data-end=\"685\">\u2714 passend f\u00fcr ISOLINE Jalousien<br data-start=\"583\" data-end=\"586\" \/>\u2714 sch\u00fctzt den F\u00fchrungsfaden vor Abrieb<br data-start=\"624\" data-end=\"627\" \/>\u2714 reduziert Reibung im Metallprofil<br data-start=\"662\" data-end=\"665\" \/>\u2714 einfache Montage<\/p>\n<p data-start=\"687\" data-end=\"848\">Technische Parameter:<br data-start=\"708\" data-end=\"711\" \/>\u2022 Farbe: Wei\u00df<br data-start=\"724\" data-end=\"727\" \/>\u2022 Verwendung: F\u00fchrungsfaden (Silon)<br data-start=\"762\" data-end=\"765\" \/>\u2022 Montage: oberer Tr\u00e4ger<br data-start=\"789\" data-end=\"792\" \/>\u2022 Kompatibilit\u00e4t: ISOLINE<br data-start=\"817\" data-end=\"820\" \/>\u2022 Verkaufseinheit: 1 St\u00fcck<\/p>\n","protected":false},"excerpt":{"rendered":"<p>Silonf\u00fchrung f\u00fcr ISOLINE Jalousie wei\u00df \/ St\u00fcck.<br data-start=\"1831\" data-end=\"1834\" \/>Sch\u00fctzt den F\u00fchrungsfaden vor Abrieb im oberen Profil.<\/p>\n","protected":false},"featured_media":13250,"comment_status":"open","ping_status":"closed","template":"","meta":[],"product_cat":[226,190],"product_tag":[],"_links":{"self":[{"href":"https:\/\/www.brikol.sk\/de\/wp-json\/wp\/v2\/product\/24690"}],"collection":[{"href":"https:\/\/www.brikol.sk\/de\/wp-json\/wp\/v2\/product"}],"about":[{"href":"https:\/\/www.brikol.sk\/de\/wp-json\/wp\/v2\/types\/product"}],"replies":[{"embeddable":true,"href":"https:\/\/www.brikol.sk\/de\/wp-json\/wp\/v2\/comments?post=24690"}],"wp:featuredmedia":[{"embeddable":true,"href":"https:\/\/www.brikol.sk\/de\/wp-json\/wp\/v2\/media\/13250"}],"wp:attachment":[{"href":"https:\/\/www.brikol.sk\/de\/wp-json\/wp\/v2\/media?parent=24690"}],"wp:term":[{"taxonomy":"product_cat","embeddable":true,"href":"https:\/\/www.brikol.sk\/de\/wp-json\/wp\/v2\/product_cat?post=24690"},{"taxonomy":"product_tag","embeddable":true,"href":"https:\/\/www.brikol.sk\/de\/wp-json\/wp\/v2\/product_tag?post=24690"}],"curies":[{"name":"wp","href":"https:\/\/api.w.org\/{rel}","templated":true}]}}