{"id":24731,"date":"2018-01-17T17:46:41","date_gmt":"2018-01-17T16:46:41","guid":{"rendered":"https:\/\/www.brikol.sk\/produkt\/vesiak-lamely-vertikaly\/"},"modified":"2026-03-26T13:46:54","modified_gmt":"2026-03-26T12:46:54","slug":"lamellenhaken-vertikaljalousie-127mm","status":"publish","type":"product","link":"https:\/\/www.brikol.sk\/de\/produkt\/lamellenhaken-vertikaljalousie-127mm\/","title":{"rendered":"Lamellenhaken Vertikaljalousie 127 mm gerade \/ St\u00fcck"},"content":{"rendered":"<p data-start=\"351\" data-end=\"442\">Lamellenhaken Vertikaljalousie 127 mm gerade, geeignet f\u00fcr Stofflamellen mit Breite 127 mm.<\/p>\n<p data-start=\"444\" data-end=\"573\">Dieser Lamellenhaken Vertikaljalousie dient zur Befestigung der Stofflamellen am Laufwagen im oberen Profil der Vertikaljalousie.<\/p>\n<p data-start=\"575\" data-end=\"680\">Er sorgt f\u00fcr eine stabile Aufh\u00e4ngung der Lamellen und erm\u00f6glicht deren gleichm\u00e4\u00dfige Drehung und Bewegung.<\/p>\n<p data-start=\"682\" data-end=\"784\">\ud83d\udc49 Wenn Lamellen herunterfallen oder schief h\u00e4ngen, ist h\u00e4ufig dieser Haken besch\u00e4digt oder gebrochen.<\/p>\n<p data-start=\"786\" data-end=\"927\">\u2714 geeignet f\u00fcr Lamellenbreite 127 mm<br data-start=\"822\" data-end=\"825\" \/>\u2714 gerade Ausf\u00fchrung<br data-start=\"844\" data-end=\"847\" \/>\u2714 einfache Montage ohne Werkzeug<br data-start=\"879\" data-end=\"882\" \/>\u2714 kompatibel mit g\u00e4ngigen Vertikaljalousien<\/p>\n<p data-start=\"929\" data-end=\"1087\">Technische Parameter:<br data-start=\"950\" data-end=\"953\" \/>\u2022 Breite: 127 mm<br data-start=\"969\" data-end=\"972\" \/>\u2022 H\u00f6he: 14 mm<br data-start=\"985\" data-end=\"988\" \/>\u2022 Verwendung: Vertikaljalousie<br data-start=\"1018\" data-end=\"1021\" \/>\u2022 Funktion: Aufh\u00e4ngung der Lamellen<br data-start=\"1056\" data-end=\"1059\" \/>\u2022 Verkaufseinheit: 1 St\u00fcck<\/p>\n<p data-start=\"1089\" data-end=\"1170\">\ud83d\udc49 <strong data-start=\"1092\" data-end=\"1170\">In den meisten F\u00e4llen werden mehrere St\u00fcck ben\u00f6tigt (1 Haken pro Lamelle).<\/strong><\/p>\n<p data-start=\"1172\" data-end=\"1262\">\ud83d\udc49 <strong data-start=\"1175\" data-end=\"1262\">F\u00fcr vollst\u00e4ndige Funktion empfehlen wir auch Lamellengewichte und Verbindungskette.<\/strong><\/p>\n","protected":false},"excerpt":{"rendered":"<p>Lamellenhaken Vertikaljalousie 127 mm \/ St\u00fcck.<br data-start=\"2387\" data-end=\"2390\" \/>F\u00fcr stabile Befestigung der Lamellen.<\/p>\n","protected":false},"featured_media":24971,"comment_status":"closed","ping_status":"closed","template":"","meta":[],"product_cat":[196],"product_tag":[],"_links":{"self":[{"href":"https:\/\/www.brikol.sk\/de\/wp-json\/wp\/v2\/product\/24731"}],"collection":[{"href":"https:\/\/www.brikol.sk\/de\/wp-json\/wp\/v2\/product"}],"about":[{"href":"https:\/\/www.brikol.sk\/de\/wp-json\/wp\/v2\/types\/product"}],"replies":[{"embeddable":true,"href":"https:\/\/www.brikol.sk\/de\/wp-json\/wp\/v2\/comments?post=24731"}],"wp:featuredmedia":[{"embeddable":true,"href":"https:\/\/www.brikol.sk\/de\/wp-json\/wp\/v2\/media\/24971"}],"wp:attachment":[{"href":"https:\/\/www.brikol.sk\/de\/wp-json\/wp\/v2\/media?parent=24731"}],"wp:term":[{"taxonomy":"product_cat","embeddable":true,"href":"https:\/\/www.brikol.sk\/de\/wp-json\/wp\/v2\/product_cat?post=24731"},{"taxonomy":"product_tag","embeddable":true,"href":"https:\/\/www.brikol.sk\/de\/wp-json\/wp\/v2\/product_tag?post=24731"}],"curies":[{"name":"wp","href":"https:\/\/api.w.org\/{rel}","templated":true}]}}