{"id":24732,"date":"2018-01-17T17:46:41","date_gmt":"2018-01-17T16:46:41","guid":{"rendered":"https:\/\/www.brikol.sk\/produkt\/ramienko-na-zaluzie-127mm\/"},"modified":"2026-03-26T13:49:39","modified_gmt":"2026-03-26T12:49:39","slug":"lamellenhaken-127mm-u-aufnahme","status":"publish","type":"product","link":"https:\/\/www.brikol.sk\/de\/produkt\/lamellenhaken-127mm-u-aufnahme\/","title":{"rendered":"Lamellenhaken Vertikaljalousie 127 mm mit U-Aufnahme \/ St\u00fcck"},"content":{"rendered":"<p data-start=\"327\" data-end=\"426\">Lamellenhaken Vertikaljalousie 127 mm mit U-Aufnahme, geeignet f\u00fcr Stofflamellen mit Breite 127 mm.<\/p>\n<p data-start=\"428\" data-end=\"552\">Dieser Lamellenhaken Vertikaljalousie dient zur Befestigung der Lamellen am Laufwagen im oberen Profil der Vertikaljalousie.<\/p>\n<p data-start=\"554\" data-end=\"735\">Dank der U-f\u00f6rmigen Aufnahme wird die Lamelle sicher fixiert und bleibt stabil an ihrem Platz. Gleichzeitig erm\u00f6glicht der Haken eine gleichm\u00e4\u00dfige Drehung und Bewegung der Lamellen.<\/p>\n<p data-start=\"737\" data-end=\"833\">\ud83d\udc49 Wenn Lamellen herunterfallen, sich l\u00f6sen oder schief h\u00e4ngen, ist oft dieser Haken besch\u00e4digt.<\/p>\n<p data-start=\"835\" data-end=\"987\">\u2714 geeignet f\u00fcr Lamellenbreite 127 mm<br data-start=\"871\" data-end=\"874\" \/>\u2714 U-Aufnahme f\u00fcr sicheren Halt<br data-start=\"904\" data-end=\"907\" \/>\u2714 einfache Montage ohne Werkzeug<br data-start=\"939\" data-end=\"942\" \/>\u2714 kompatibel mit g\u00e4ngigen Vertikaljalousien<\/p>\n<p data-start=\"989\" data-end=\"1178\">Technische Parameter:<br data-start=\"1010\" data-end=\"1013\" \/>\u2022 Breite: 127 mm<br data-start=\"1029\" data-end=\"1032\" \/>\u2022 H\u00f6he: 10 mm<br data-start=\"1045\" data-end=\"1048\" \/>\u2022 H\u00f6he mit U-Aufnahme: 17 mm<br data-start=\"1076\" data-end=\"1079\" \/>\u2022 Verwendung: Vertikaljalousie<br data-start=\"1109\" data-end=\"1112\" \/>\u2022 Funktion: Aufh\u00e4ngung der Lamellen<br data-start=\"1147\" data-end=\"1150\" \/>\u2022 Verkaufseinheit: 1 St\u00fcck<\/p>\n<p data-start=\"1180\" data-end=\"1261\">\ud83d\udc49 <strong data-start=\"1183\" data-end=\"1261\">In den meisten F\u00e4llen werden mehrere St\u00fcck ben\u00f6tigt (1 Haken pro Lamelle).<\/strong><\/p>\n<p data-start=\"1263\" data-end=\"1353\">\ud83d\udc49 <strong data-start=\"1266\" data-end=\"1353\">F\u00fcr vollst\u00e4ndige Funktion empfehlen wir auch Lamellengewichte und Verbindungskette.<\/strong><\/p>\n","protected":false},"excerpt":{"rendered":"<p>Lamellenhaken 127 mm mit U-Aufnahme \/ St\u00fcck.<br data-start=\"2611\" data-end=\"2614\" \/>F\u00fcr sichere Befestigung der Lamellen.<\/p>\n","protected":false},"featured_media":24898,"comment_status":"closed","ping_status":"closed","template":"","meta":[],"product_cat":[196],"product_tag":[],"_links":{"self":[{"href":"https:\/\/www.brikol.sk\/de\/wp-json\/wp\/v2\/product\/24732"}],"collection":[{"href":"https:\/\/www.brikol.sk\/de\/wp-json\/wp\/v2\/product"}],"about":[{"href":"https:\/\/www.brikol.sk\/de\/wp-json\/wp\/v2\/types\/product"}],"replies":[{"embeddable":true,"href":"https:\/\/www.brikol.sk\/de\/wp-json\/wp\/v2\/comments?post=24732"}],"wp:featuredmedia":[{"embeddable":true,"href":"https:\/\/www.brikol.sk\/de\/wp-json\/wp\/v2\/media\/24898"}],"wp:attachment":[{"href":"https:\/\/www.brikol.sk\/de\/wp-json\/wp\/v2\/media?parent=24732"}],"wp:term":[{"taxonomy":"product_cat","embeddable":true,"href":"https:\/\/www.brikol.sk\/de\/wp-json\/wp\/v2\/product_cat?post=24732"},{"taxonomy":"product_tag","embeddable":true,"href":"https:\/\/www.brikol.sk\/de\/wp-json\/wp\/v2\/product_tag?post=24732"}],"curies":[{"name":"wp","href":"https:\/\/api.w.org\/{rel}","templated":true}]}}