{"id":24737,"date":"2018-01-17T17:46:41","date_gmt":"2018-01-17T16:46:41","guid":{"rendered":"https:\/\/www.brikol.sk\/produkt\/ovladacia-retiazka-vertikaly\/"},"modified":"2026-03-26T13:51:20","modified_gmt":"2026-03-26T12:51:20","slug":"steuerkette-vertikaljalousie-4-2mm","status":"publish","type":"product","link":"https:\/\/www.brikol.sk\/de\/produkt\/steuerkette-vertikaljalousie-4-2mm\/","title":{"rendered":"Steuerkette Vertikaljalousie 4,2 mm \/ m"},"content":{"rendered":"<p data-start=\"305\" data-end=\"385\">Steuerkette Vertikaljalousie 4,2 mm zur Bedienung und Drehung der Stofflamellen.<\/p>\n<p data-start=\"387\" data-end=\"509\">Diese Steuerkette Vertikaljalousie erm\u00f6glicht das Drehen der Lamellen und damit die Regulierung von Licht und Sichtschutz.<\/p>\n<p data-start=\"511\" data-end=\"636\">\ud83d\udc49 Wenn sich die Lamellen nicht mehr drehen, die Kette rutscht oder gerissen ist, liegt das Problem meist an der Steuerkette.<\/p>\n<p data-start=\"638\" data-end=\"709\">Die Kette ist robust, flexibel und f\u00fcr den t\u00e4glichen Gebrauch geeignet.<\/p>\n<p data-start=\"711\" data-end=\"840\">\u2714 geeignet f\u00fcr Vertikaljalousien<br data-start=\"743\" data-end=\"746\" \/>\u2714 erm\u00f6glicht das Drehen der Lamellen<br data-start=\"782\" data-end=\"785\" \/>\u2714 einfache Montage und Austausch<br data-start=\"817\" data-end=\"820\" \/>\u2714 flexibel k\u00fcrzbar<\/p>\n<p data-start=\"842\" data-end=\"990\">Technische Parameter:<br data-start=\"863\" data-end=\"866\" \/>\u2022 Kugeldurchmesser: 4,2 mm<br data-start=\"892\" data-end=\"895\" \/>\u2022 Abstand zwischen Kugeln: 7 mm<br data-start=\"926\" data-end=\"929\" \/>\u2022 Verwendung: Vertikaljalousie<br data-start=\"959\" data-end=\"962\" \/>\u2022 Verkaufseinheit: 1 Meter<\/p>\n<p data-start=\"992\" data-end=\"1037\">\ud83d\udccf Verkauf nach Metern:<br data-start=\"1015\" data-end=\"1018\" \/>1 St\u00fcck = 1 Meter<\/p>\n<p data-start=\"1039\" data-end=\"1161\">\u2022 Bei Bestellung von 5 St\u00fcck erhalten Sie 5 Meter am St\u00fcck<br data-start=\"1097\" data-end=\"1100\" \/>\u2022 Bei Bestellungen \u00fcber 100 m kann die Kette geteilt werden<\/p>\n<p data-start=\"1163\" data-end=\"1221\">\ud83d\udc49 Nach der Montage kann die Kette einfach gek\u00fcrzt werden.<\/p>\n<p data-start=\"1223\" data-end=\"1322\">\ud83d\udc49 <strong data-start=\"1226\" data-end=\"1322\">F\u00fcr vollst\u00e4ndige Funktion empfehlen wir auch passenden Mechanismus oder Laufwagen zu pr\u00fcfen.<\/strong><\/p>\n","protected":false},"excerpt":{"rendered":"<p>Steuerkette Vertikaljalousie 4,2 mm \/ m.<br data-start=\"2476\" data-end=\"2479\" \/>F\u00fcr einfaches Drehen der Lamellen.<\/p>\n<p>&nbsp;<\/p>\n","protected":false},"featured_media":24892,"comment_status":"closed","ping_status":"closed","template":"","meta":[],"product_cat":[196],"product_tag":[],"_links":{"self":[{"href":"https:\/\/www.brikol.sk\/de\/wp-json\/wp\/v2\/product\/24737"}],"collection":[{"href":"https:\/\/www.brikol.sk\/de\/wp-json\/wp\/v2\/product"}],"about":[{"href":"https:\/\/www.brikol.sk\/de\/wp-json\/wp\/v2\/types\/product"}],"replies":[{"embeddable":true,"href":"https:\/\/www.brikol.sk\/de\/wp-json\/wp\/v2\/comments?post=24737"}],"wp:featuredmedia":[{"embeddable":true,"href":"https:\/\/www.brikol.sk\/de\/wp-json\/wp\/v2\/media\/24892"}],"wp:attachment":[{"href":"https:\/\/www.brikol.sk\/de\/wp-json\/wp\/v2\/media?parent=24737"}],"wp:term":[{"taxonomy":"product_cat","embeddable":true,"href":"https:\/\/www.brikol.sk\/de\/wp-json\/wp\/v2\/product_cat?post=24737"},{"taxonomy":"product_tag","embeddable":true,"href":"https:\/\/www.brikol.sk\/de\/wp-json\/wp\/v2\/product_tag?post=24737"}],"curies":[{"name":"wp","href":"https:\/\/api.w.org\/{rel}","templated":true}]}}