{"id":24739,"date":"2018-01-17T17:46:36","date_gmt":"2018-01-17T16:46:36","guid":{"rendered":"https:\/\/www.brikol.sk\/produkt\/brzda-drziak-gulickovej-snury-nahradne-diely-na-zaluzie\/"},"modified":"2026-03-26T12:48:43","modified_gmt":"2026-03-26T11:48:43","slug":"kettenhalter-kugelkette-jalousie","status":"publish","type":"product","link":"https:\/\/www.brikol.sk\/de\/produkt\/kettenhalter-kugelkette-jalousie\/","title":{"rendered":"Kettenhalter (Bremse) Kugelkette Jalousie \/ St\u00fcck"},"content":{"rendered":"<p data-start=\"207\" data-end=\"325\">Kettenhalter (Bremse) f\u00fcr Kugelkette von Innenjalousien, geeignet f\u00fcr alle horizontalen Jalousien mit Kettenbedienung.<\/p>\n<p data-start=\"327\" data-end=\"572\">Dieser Kettenhalter Kugelkette Jalousie dient zur Fixierung der Kugelkette nach dem Einstellen der gew\u00fcnschten Position der Jalousie. Die Kugelkette wird einfach in den Halter gedr\u00fcckt, wodurch die Jalousie sicher in der gew\u00fcnschten H\u00f6he bleibt.<\/p>\n<p data-start=\"574\" data-end=\"793\">Ohne Kettenhalter kann es passieren, dass die Jalousie langsam nach unten rutscht oder sich ungewollt bewegt. Der Kettenhalter verhindert dieses Problem zuverl\u00e4ssig und sorgt f\u00fcr eine stabile und sichere Positionierung.<\/p>\n<p data-start=\"795\" data-end=\"971\">Das Bauteil wird direkt am Fensterrahmen oder Fensterfl\u00fcgel montiert. Die Montage ist einfach und kann mit zwei Schrauben durchgef\u00fchrt werden (nicht im Lieferumfang enthalten).<\/p>\n<p data-start=\"973\" data-end=\"1046\"><strong data-start=\"973\" data-end=\"1046\">Erh\u00e4ltlich in folgenden Farben: Wei\u00df, Hellbraun, Dunkelbraun, Silber.<\/strong><\/p>\n<p data-start=\"1048\" data-end=\"1221\">\u2714 passend f\u00fcr alle Jalousien mit Kugelkette<br data-start=\"1091\" data-end=\"1094\" \/>\u2714 fixiert die Kugelkette sicher<br data-start=\"1125\" data-end=\"1128\" \/>\u2714 verhindert das selbstst\u00e4ndige Absinken der Jalousie<br data-start=\"1181\" data-end=\"1184\" \/>\u2714 einfache Montage am Fensterrahmen<\/p>\n<p data-start=\"1223\" data-end=\"1416\">Technische Parameter:<br data-start=\"1244\" data-end=\"1247\" \/>\u2022 Ma\u00dfe (H \u00d7 B): 37 \u00d7 12 mm<br data-start=\"1273\" data-end=\"1276\" \/>\u2022 Verwendung: Kugelkette Jalousie<br data-start=\"1309\" data-end=\"1312\" \/>\u2022 Montage: Fensterrahmen<br data-start=\"1336\" data-end=\"1339\" \/>\u2022 Farben: Wei\u00df, Hellbraun, Dunkelbraun, Silber<br data-start=\"1385\" data-end=\"1388\" \/>\u2022 Verkaufseinheit: 1 St\u00fcck<\/p>\n","protected":false},"excerpt":{"rendered":"<p>Kettenhalter Kugelkette Jalousie \/ St\u00fcck.<br data-start=\"2692\" data-end=\"2695\" \/>Fixiert die Kette und h\u00e4lt die Jalousie in gew\u00fcnschter Position.<\/p>\n","protected":false},"featured_media":23020,"comment_status":"open","ping_status":"closed","template":"","meta":[],"product_cat":[225,226,227,228,229,190,189],"product_tag":[],"_links":{"self":[{"href":"https:\/\/www.brikol.sk\/de\/wp-json\/wp\/v2\/product\/24739"}],"collection":[{"href":"https:\/\/www.brikol.sk\/de\/wp-json\/wp\/v2\/product"}],"about":[{"href":"https:\/\/www.brikol.sk\/de\/wp-json\/wp\/v2\/types\/product"}],"replies":[{"embeddable":true,"href":"https:\/\/www.brikol.sk\/de\/wp-json\/wp\/v2\/comments?post=24739"}],"wp:featuredmedia":[{"embeddable":true,"href":"https:\/\/www.brikol.sk\/de\/wp-json\/wp\/v2\/media\/23020"}],"wp:attachment":[{"href":"https:\/\/www.brikol.sk\/de\/wp-json\/wp\/v2\/media?parent=24739"}],"wp:term":[{"taxonomy":"product_cat","embeddable":true,"href":"https:\/\/www.brikol.sk\/de\/wp-json\/wp\/v2\/product_cat?post=24739"},{"taxonomy":"product_tag","embeddable":true,"href":"https:\/\/www.brikol.sk\/de\/wp-json\/wp\/v2\/product_tag?post=24739"}],"curies":[{"name":"wp","href":"https:\/\/api.w.org\/{rel}","templated":true}]}}