{"id":24755,"date":"2018-01-17T17:46:36","date_gmt":"2018-01-17T16:46:36","guid":{"rendered":"https:\/\/www.brikol.sk\/produkt\/pretrhavacia-spojka-retiazky-child-safety\/"},"modified":"2026-03-26T12:59:05","modified_gmt":"2026-03-26T11:59:05","slug":"sicherheitsverbinder-kugelkette-jalousie","status":"publish","type":"product","link":"https:\/\/www.brikol.sk\/de\/produkt\/sicherheitsverbinder-kugelkette-jalousie\/","title":{"rendered":"Sicherheitsverbinder Kugelkette 3,2 mm Jalousie (Kindersicherung) \/ St\u00fcck"},"content":{"rendered":"<div class=\"tab tab-1\">\n<div class=\"text\">\n<p data-start=\"353\" data-end=\"442\">Sicherheitsverbinder Kugelkette 3,2 mm f\u00fcr Innenjalousien und Rollos mit Kettenbedienung.<\/p>\n<p data-start=\"444\" data-end=\"705\">Dieser Sicherheitsverbinder Kugelkette Jalousie dient nicht nur zum Verbinden der Kugelkette, sondern vor allem als wichtige Kindersicherung. Bei zu hoher Belastung \u00f6ffnet sich der Verbinder automatisch und verhindert so die Bildung einer gef\u00e4hrlichen Schlaufe.<\/p>\n<p data-start=\"707\" data-end=\"921\">Der Sicherheitsmechanismus ist so konzipiert, dass sich die Verbindung bei einer Belastung von ca. 6 kg innerhalb von 5 Sekunden l\u00f6st. Dadurch wird das Risiko von Verletzungen oder Strangulation deutlich reduziert.<\/p>\n<p data-start=\"923\" data-end=\"1220\">Seit dem 1. September 2014 gilt in der gesamten EU die Norm EN 13120, die Hersteller verpflichtet, Ma\u00dfnahmen zum Schutz von Kindern vor gef\u00e4hrlichen Ketten- und Schnurschlaufen zu treffen. Dieser Sicherheitsverbinder erf\u00fcllt diese Anforderungen und ist besonders wichtig in Haushalten mit Kindern.<\/p>\n<p data-start=\"1222\" data-end=\"1420\">Die Montage ist einfach \u2013 die Enden der Kugelkette werden wie bei einer klassischen Verbindung eingesetzt. Im Gegensatz zu einer normalen Verbindung bietet diese Variante jedoch zus\u00e4tzlichen Schutz.<\/p>\n<p data-start=\"1422\" data-end=\"1491\">\ud83d\udc49 Ohne Sicherheitsverbinder besteht ein erh\u00f6htes Risiko bei Kindern.<\/p>\n<p data-start=\"1493\" data-end=\"1598\">Geeignet f\u00fcr alle g\u00e4ngigen Innenjalousien und Rollos mit Kugelkette (au\u00dfer Endlossysteme ohne Verbinder).<\/p>\n<p data-start=\"1600\" data-end=\"1682\"><strong data-start=\"1600\" data-end=\"1682\">Erh\u00e4ltlich in folgenden Farben: Wei\u00df, Hellbraun, Dunkelbraun, Grau, Anthrazit.<\/strong><\/p>\n<p data-start=\"1684\" data-end=\"1828\">\u2714 Sicherheitsfunktion gegen Strangulation<br data-start=\"1725\" data-end=\"1728\" \/>\u2714 \u00f6ffnet sich bei Belastung (ca. 6 kg)<br data-start=\"1766\" data-end=\"1769\" \/>\u2714 erf\u00fcllt EN 13120 Norm<br data-start=\"1792\" data-end=\"1795\" \/>\u2714 passend f\u00fcr Kugelkette 3,2 mm<\/p>\n<p data-start=\"1830\" data-end=\"2018\">Technische Parameter:<br data-start=\"1851\" data-end=\"1854\" \/>\u2022 Durchmesser: 3,2 mm<br data-start=\"1875\" data-end=\"1878\" \/>\u2022 Funktion: Sicherheitsverbinder<br data-start=\"1910\" data-end=\"1913\" \/>\u2022 Norm: EN 13120<br data-start=\"1929\" data-end=\"1932\" \/>\u2022 Farben: Wei\u00df, Hellbraun, Dunkelbraun, Grau, Anthrazit<br data-start=\"1987\" data-end=\"1990\" \/>\u2022 Verkaufseinheit: 1 St\u00fcck<\/p>\n<\/div>\n<\/div>\n","protected":false},"excerpt":{"rendered":"<p>Sicherheitsverbinder Kugelkette 3,2 mm \/ St\u00fcck.<br data-start=\"3584\" data-end=\"3587\" \/>\u00d6ffnet sich bei Belastung und sch\u00fctzt Kinder.<\/p>\n","protected":false},"featured_media":13855,"comment_status":"closed","ping_status":"closed","template":"","meta":[],"product_cat":[225,226,227,228,229,190,189],"product_tag":[],"_links":{"self":[{"href":"https:\/\/www.brikol.sk\/de\/wp-json\/wp\/v2\/product\/24755"}],"collection":[{"href":"https:\/\/www.brikol.sk\/de\/wp-json\/wp\/v2\/product"}],"about":[{"href":"https:\/\/www.brikol.sk\/de\/wp-json\/wp\/v2\/types\/product"}],"replies":[{"embeddable":true,"href":"https:\/\/www.brikol.sk\/de\/wp-json\/wp\/v2\/comments?post=24755"}],"wp:featuredmedia":[{"embeddable":true,"href":"https:\/\/www.brikol.sk\/de\/wp-json\/wp\/v2\/media\/13855"}],"wp:attachment":[{"href":"https:\/\/www.brikol.sk\/de\/wp-json\/wp\/v2\/media?parent=24755"}],"wp:term":[{"taxonomy":"product_cat","embeddable":true,"href":"https:\/\/www.brikol.sk\/de\/wp-json\/wp\/v2\/product_cat?post=24755"},{"taxonomy":"product_tag","embeddable":true,"href":"https:\/\/www.brikol.sk\/de\/wp-json\/wp\/v2\/product_tag?post=24755"}],"curies":[{"name":"wp","href":"https:\/\/api.w.org\/{rel}","templated":true}]}}