{"id":25195,"date":"2026-04-27T14:17:56","date_gmt":"2026-04-27T12:17:56","guid":{"rendered":"https:\/\/www.brikol.sk\/?post_type=product&#038;p=25195"},"modified":"2026-04-27T14:28:59","modified_gmt":"2026-04-27T12:28:59","slug":"kantriegel-wala-219-mm-paar-kopia","status":"publish","type":"product","link":"https:\/\/www.brikol.sk\/de\/produkt\/kantriegel-wala-219-mm-paar-kopia\/","title":{"rendered":"Kantriegel WALA 219 mm \/ Paar (K\u00f3pia)"},"content":{"rendered":"<p>Der WALA T\u00fcrriegel ist f\u00fcr Aluminium- oder Holzt\u00fcren mit gerader Nut bestimmt. Im Lieferumfang enthalten sind auch Rahmen-Gegenst\u00fccke und ein Schraubensatz. <\/p>\n","protected":false},"excerpt":{"rendered":"<p>Der WALA T\u00fcrriegel ist f\u00fcr Aluminium- oder Holzt\u00fcren mit gerader Nut bestimmt. Im Lieferumfang enthalten sind auch Rahmen-Gegenst\u00fccke und ein Schraubensatz. <\/p>\n","protected":false},"featured_media":25203,"comment_status":"open","ping_status":"closed","template":"","meta":[],"product_cat":[188,204],"product_tag":[],"_links":{"self":[{"href":"https:\/\/www.brikol.sk\/de\/wp-json\/wp\/v2\/product\/25195"}],"collection":[{"href":"https:\/\/www.brikol.sk\/de\/wp-json\/wp\/v2\/product"}],"about":[{"href":"https:\/\/www.brikol.sk\/de\/wp-json\/wp\/v2\/types\/product"}],"replies":[{"embeddable":true,"href":"https:\/\/www.brikol.sk\/de\/wp-json\/wp\/v2\/comments?post=25195"}],"wp:featuredmedia":[{"embeddable":true,"href":"https:\/\/www.brikol.sk\/de\/wp-json\/wp\/v2\/media\/25203"}],"wp:attachment":[{"href":"https:\/\/www.brikol.sk\/de\/wp-json\/wp\/v2\/media?parent=25195"}],"wp:term":[{"taxonomy":"product_cat","embeddable":true,"href":"https:\/\/www.brikol.sk\/de\/wp-json\/wp\/v2\/product_cat?post=25195"},{"taxonomy":"product_tag","embeddable":true,"href":"https:\/\/www.brikol.sk\/de\/wp-json\/wp\/v2\/product_tag?post=25195"}],"curies":[{"name":"wp","href":"https:\/\/api.w.org\/{rel}","templated":true}]}}