{"id":1158,"date":"2019-06-21T15:40:51","date_gmt":"2019-06-21T13:40:51","guid":{"rendered":"https:\/\/www.brikol.sk\/?post_type=product&#038;p=1158"},"modified":"2026-04-21T16:19:35","modified_gmt":"2026-04-21T14:19:35","slug":"koncovka-spodneho-profilu-isoline","status":"publish","type":"product","link":"https:\/\/www.brikol.sk\/en\/produkt\/koncovka-spodneho-profilu-isoline\/","title":{"rendered":"Koncovka spodn\u00e9ho profilu ISOLINE biela \/ ks"},"content":{"rendered":"<p><span style=\"font-size: 105%;\"><strong>Koncovka spodn\u00e9ho profilu ISOLINE<\/strong> <\/span><\/p>\n<p><strong>Koncovka na spodn\u00fd profil<\/strong> (li\u0161tu) pre interi\u00e9rov\u00e9 \u017eal\u00fazie ISOLINE m\u00e1 tri otvory na prechod bo\u010dn\u00e9ho <strong><a href=\"https:\/\/www.brikol.sk\/produkt\/silon-zilka-zaluzie-2\/\">vodiacieho sil\u00f3nu<\/a><\/strong> \u017eal\u00fazie. \u00dalohou koncovky je zlep\u0161i\u0165 vedenie spodn\u00e9ho profilu pri manipul\u00e1cii so \u017eal\u00faziami aby sa zabezpe\u010dilo plynul\u00e9 s\u0165ahovanie a vy\u0165ahovanie \u017eal\u00fazie. Z\u00e1rove\u0148 uzatv\u00e1ra spodn\u00fd profil a vedenie sil\u00f3nu na spodnej \u010dasti horizont\u00e1lnej \u017eal\u00fazie.<\/p>\n<p>Plastov\u00fa koncovku spodn\u00e9ho profilu mo\u017eno pou\u017ei\u0165 na pravej aj \u013eavej strane.<\/p>\n","protected":false},"excerpt":{"rendered":"<p>Koncovka spodn\u00e9ho profilu ISOLINE biela, sl\u00fa\u017ei na uzavretie spodn\u00e9ho profilu a vedenie sil\u00f3nu na spodnej \u010dasti horizont\u00e1lnej \u017eal\u00fazie.<\/p>\n","protected":false},"featured_media":6483,"comment_status":"closed","ping_status":"closed","template":"","meta":[],"product_cat":[65,85],"product_tag":[],"_links":{"self":[{"href":"https:\/\/www.brikol.sk\/en\/wp-json\/wp\/v2\/product\/1158"}],"collection":[{"href":"https:\/\/www.brikol.sk\/en\/wp-json\/wp\/v2\/product"}],"about":[{"href":"https:\/\/www.brikol.sk\/en\/wp-json\/wp\/v2\/types\/product"}],"replies":[{"embeddable":true,"href":"https:\/\/www.brikol.sk\/en\/wp-json\/wp\/v2\/comments?post=1158"}],"wp:featuredmedia":[{"embeddable":true,"href":"https:\/\/www.brikol.sk\/en\/wp-json\/wp\/v2\/media\/6483"}],"wp:attachment":[{"href":"https:\/\/www.brikol.sk\/en\/wp-json\/wp\/v2\/media?parent=1158"}],"wp:term":[{"taxonomy":"product_cat","embeddable":true,"href":"https:\/\/www.brikol.sk\/en\/wp-json\/wp\/v2\/product_cat?post=1158"},{"taxonomy":"product_tag","embeddable":true,"href":"https:\/\/www.brikol.sk\/en\/wp-json\/wp\/v2\/product_tag?post=1158"}],"curies":[{"name":"wp","href":"https:\/\/api.w.org\/{rel}","templated":true}]}}