{"id":1450,"date":"2019-11-08T17:14:17","date_gmt":"2019-11-08T16:14:17","guid":{"rendered":"https:\/\/www.brikol.sk\/?post_type=product&#038;p=1450"},"modified":"2026-02-01T13:39:34","modified_gmt":"2026-02-01T12:39:34","slug":"dilatacna-podlozka-pod-zaluzie-isoline-biela-par","status":"publish","type":"product","link":"https:\/\/www.brikol.sk\/en\/produkt\/dilatacna-podlozka-pod-zaluzie-isoline-biela-par\/","title":{"rendered":"Distan\u010dn\u00e1 podlo\u017eka pod \u017eal\u00fazie ISOLINE biela \/ p\u00e1r"},"content":{"rendered":"<p>Biela distan\u010dn\u00e1 podlo\u017eka pre \u017eal\u00fazie ISOLINE. Podlo\u017eka sl\u00fa\u017ei pre okn\u00e1 s \u00fazkou zasklievacou li\u0161tou aby bolo mo\u017en\u00e9 ot\u00e1\u010da\u0165 lamely \u017eal\u00fazie a aby sa zabezpe\u010dila ich funk\u010dnos\u0165.<\/p>\n","protected":false},"excerpt":{"rendered":"<p>Biela distan\u010dn\u00e1 podlo\u017eka pre \u017eal\u00fazie ISOLINE. Podlo\u017eka sl\u00fa\u017ei pre okn\u00e1 s \u00fazkou zasklievacou li\u0161tou aby bolo mo\u017en\u00e9 ot\u00e1\u010da\u0165 lamely \u017eal\u00fazie a aby sa zabezpe\u010dila ich funk\u010dnos\u0165.<\/p>\n","protected":false},"featured_media":6845,"comment_status":"open","ping_status":"closed","template":"","meta":[],"product_cat":[65,85],"product_tag":[],"_links":{"self":[{"href":"https:\/\/www.brikol.sk\/en\/wp-json\/wp\/v2\/product\/1450"}],"collection":[{"href":"https:\/\/www.brikol.sk\/en\/wp-json\/wp\/v2\/product"}],"about":[{"href":"https:\/\/www.brikol.sk\/en\/wp-json\/wp\/v2\/types\/product"}],"replies":[{"embeddable":true,"href":"https:\/\/www.brikol.sk\/en\/wp-json\/wp\/v2\/comments?post=1450"}],"wp:featuredmedia":[{"embeddable":true,"href":"https:\/\/www.brikol.sk\/en\/wp-json\/wp\/v2\/media\/6845"}],"wp:attachment":[{"href":"https:\/\/www.brikol.sk\/en\/wp-json\/wp\/v2\/media?parent=1450"}],"wp:term":[{"taxonomy":"product_cat","embeddable":true,"href":"https:\/\/www.brikol.sk\/en\/wp-json\/wp\/v2\/product_cat?post=1450"},{"taxonomy":"product_tag","embeddable":true,"href":"https:\/\/www.brikol.sk\/en\/wp-json\/wp\/v2\/product_tag?post=1450"}],"curies":[{"name":"wp","href":"https:\/\/api.w.org\/{rel}","templated":true}]}}