{"id":1550,"date":"2019-12-10T10:02:40","date_gmt":"2019-12-10T09:02:40","guid":{"rendered":"https:\/\/www.brikol.sk\/?post_type=product&#038;p=1550"},"modified":"2026-01-08T11:23:08","modified_gmt":"2026-01-08T10:23:08","slug":"samozatvarac-gu-ots-430-strieborny-s-ramienkom","status":"publish","type":"product","link":"https:\/\/www.brikol.sk\/en\/produkt\/samozatvarac-gu-ots-430-strieborny-s-ramienkom\/","title":{"rendered":"Samozatv\u00e1ra\u010d GU OTS 430 s ramienkom \/ ks"},"content":{"rendered":"<div id=\"info-page1349_1\" class=\"tab-page\">\n<h3>Samozatv\u00e1ra\u010d OTS GU 430<\/h3>\n<p>&#8211; ur\u010den\u00fd pre dreven\u00e9, plastov\u00e9, hlin\u00edkov\u00e9, oce\u013eov\u00e9, presklen\u00e9 dvere, ako aj\u00a0 pre dvere protipo\u017eiarne a\u00a0dymotesn\u00e9. Samozatv\u00e1ra\u010d je pou\u017eite\u013en\u00fd obojstranne \u010di na prav\u00fa alebo \u013eav\u00fa stranu, taktie\u017e je ur\u010den\u00fd pre dvere otv\u00e1ran\u00e9 do interi\u00e9ru aj exteri\u00e9ru.<\/p>\n<p>Kvalitn\u00fd nemeck\u00fd zatv\u00e1ra\u010d s variabilnou silou zatv\u00e1rania 2 \u2013 5 a mo\u017enos\u0165 bo\u010dn\u00e9ho nastavenia bez nutnosti premiestnenia zatv\u00e1ra\u010da. M\u00e1 spredu nastavite\u013en\u00e9 ventily \u2013 r\u00fdchlos\u0165 zatv\u00e1rania a koncov\u00fd doraz. Ventily zabezpe\u010duj\u00face rovnomern\u00e9 zatv\u00e1ranie aj pri teplotn\u00fdch v\u00fdkyvoch a ochranu pred pre\u0165a\u017een\u00edm. Samozatv\u00e1ra\u010d je pou\u017eite\u013en\u00fd na maxim\u00e1lnu \u0161\u00edrku dverov\u00fdch kr\u00eddel 1250mm a otvorenie a zatvorenie dver\u00ed do 180\u00b0, pri\u010dom zatv\u00e1ranie je kontrolovan\u00e9 z ka\u017ed\u00e9ho uhla otvorenia.<\/p>\n<p>Ramienko samozatv\u00e1ra\u010da v balen\u00ed je bez aret\u00e1cie.<\/p>\n<p>&nbsp;<\/p>\n<\/div>\n","protected":false},"excerpt":{"rendered":"<h3>Samozatv\u00e1ra\u010d OTS GU 430<\/h3>\n<p>&#8211; ur\u010den\u00fd pre dreven\u00e9, plastov\u00e9, hlin\u00edkov\u00e9, oce\u013eov\u00e9, presklen\u00e9 dvere, ako aj\u00a0 pre dvere protipo\u017eiarne a\u00a0dymotesn\u00e9. Samozatv\u00e1ra\u010d je pou\u017eite\u013en\u00fd obojstranne \u010di na prav\u00fa alebo \u013eav\u00fa stranu, taktie\u017e je ur\u010den\u00fd pre dvere otv\u00e1ran\u00e9 do interi\u00e9ru aj exteri\u00e9ru.<\/p>\n<p>Kvalitn\u00fd nemeck\u00fd zatv\u00e1ra\u010d s variabilnou silou zatv\u00e1rania 2 \u2013 5 a mo\u017enos\u0165 bo\u010dn\u00e9ho nastavenia bez nutnosti premiestnenia zatv\u00e1ra\u010da. M\u00e1 spredu nastavite\u013en\u00e9 ventily \u2013 r\u00fdchlos\u0165 zatv\u00e1rania a koncov\u00fd doraz. Ventily zabezpe\u010duj\u00face rovnomern\u00e9 zatv\u00e1ranie aj pri teplotn\u00fdch v\u00fdkyvoch a ochranu pred pre\u0165a\u017een\u00edm. Samozatv\u00e1ra\u010d je pou\u017eite\u013en\u00fd na maxim\u00e1lnu \u0161\u00edrku dverov\u00fdch kr\u00eddel 1250mm a otvorenie a zatvorenie dver\u00ed do 180\u00b0, pri\u010dom zatv\u00e1ranie je kontrolovan\u00e9 z ka\u017ed\u00e9ho uhla otvorenia.<\/p>\n","protected":false},"featured_media":658,"comment_status":"open","ping_status":"closed","template":"","meta":[],"product_cat":[68,72],"product_tag":[],"_links":{"self":[{"href":"https:\/\/www.brikol.sk\/en\/wp-json\/wp\/v2\/product\/1550"}],"collection":[{"href":"https:\/\/www.brikol.sk\/en\/wp-json\/wp\/v2\/product"}],"about":[{"href":"https:\/\/www.brikol.sk\/en\/wp-json\/wp\/v2\/types\/product"}],"replies":[{"embeddable":true,"href":"https:\/\/www.brikol.sk\/en\/wp-json\/wp\/v2\/comments?post=1550"}],"wp:featuredmedia":[{"embeddable":true,"href":"https:\/\/www.brikol.sk\/en\/wp-json\/wp\/v2\/media\/658"}],"wp:attachment":[{"href":"https:\/\/www.brikol.sk\/en\/wp-json\/wp\/v2\/media?parent=1550"}],"wp:term":[{"taxonomy":"product_cat","embeddable":true,"href":"https:\/\/www.brikol.sk\/en\/wp-json\/wp\/v2\/product_cat?post=1550"},{"taxonomy":"product_tag","embeddable":true,"href":"https:\/\/www.brikol.sk\/en\/wp-json\/wp\/v2\/product_tag?post=1550"}],"curies":[{"name":"wp","href":"https:\/\/api.w.org\/{rel}","templated":true}]}}