{"id":1556,"date":"2020-03-30T12:42:33","date_gmt":"2020-03-30T10:42:33","guid":{"rendered":"https:\/\/www.brikol.sk\/?post_type=product&#038;p=1556"},"modified":"2026-01-08T11:22:28","modified_gmt":"2026-01-08T10:22:28","slug":"ramienko-samozatvaraca-s-aretaciou-gu","status":"publish","type":"product","link":"https:\/\/www.brikol.sk\/en\/produkt\/ramienko-samozatvaraca-s-aretaciou-gu\/","title":{"rendered":"Ramienko samozatv\u00e1ra\u010da s aret\u00e1ciou GU \/ ks"},"content":{"rendered":"<p>Ramienko samozatv\u00e1ra\u010da s aret\u00e1ciou ur\u010den\u00e9 pre samozatv\u00e1ra\u010de GU OTS 210 \/ 430. Ramienko po nastaven\u00ed polohy dr\u017e\u00ed samozatv\u00e1ra\u010d v polohe a nieje potrebn\u00e9 montova\u0165 dodato\u010dn\u00e9 dverov\u00e9 stava\u010de kr\u00eddla dver\u00ed<\/p>\n","protected":false},"excerpt":{"rendered":"<p>Ramienko samozatv\u00e1ra\u010da s aret\u00e1ciou ur\u010den\u00e9 pre samozatv\u00e1ra\u010de GU OTS 210 \/ 430. Ramienko po nastaven\u00ed polohy dr\u017e\u00ed samozatv\u00e1ra\u010d v polohe a nie je potrebn\u00e9 montova\u0165 dodato\u010dn\u00e9 dverov\u00e9 stava\u010de kr\u00eddla dver\u00ed<\/p>\n","protected":false},"featured_media":1557,"comment_status":"open","ping_status":"closed","template":"","meta":[],"product_cat":[68,72],"product_tag":[],"_links":{"self":[{"href":"https:\/\/www.brikol.sk\/en\/wp-json\/wp\/v2\/product\/1556"}],"collection":[{"href":"https:\/\/www.brikol.sk\/en\/wp-json\/wp\/v2\/product"}],"about":[{"href":"https:\/\/www.brikol.sk\/en\/wp-json\/wp\/v2\/types\/product"}],"replies":[{"embeddable":true,"href":"https:\/\/www.brikol.sk\/en\/wp-json\/wp\/v2\/comments?post=1556"}],"wp:featuredmedia":[{"embeddable":true,"href":"https:\/\/www.brikol.sk\/en\/wp-json\/wp\/v2\/media\/1557"}],"wp:attachment":[{"href":"https:\/\/www.brikol.sk\/en\/wp-json\/wp\/v2\/media?parent=1556"}],"wp:term":[{"taxonomy":"product_cat","embeddable":true,"href":"https:\/\/www.brikol.sk\/en\/wp-json\/wp\/v2\/product_cat?post=1556"},{"taxonomy":"product_tag","embeddable":true,"href":"https:\/\/www.brikol.sk\/en\/wp-json\/wp\/v2\/product_tag?post=1556"}],"curies":[{"name":"wp","href":"https:\/\/api.w.org\/{rel}","templated":true}]}}