{"id":1721,"date":"2020-02-28T09:33:44","date_gmt":"2020-02-28T08:33:44","guid":{"rendered":"https:\/\/www.brikol.sk\/?post_type=product&#038;p=1721"},"modified":"2026-04-06T17:34:41","modified_gmt":"2026-04-06T15:34:41","slug":"vedenie-silonu-pre-isoline-biele","status":"publish","type":"product","link":"https:\/\/www.brikol.sk\/en\/produkt\/vedenie-silonu-pre-isoline-biele\/","title":{"rendered":"Vedenie sil\u00f3nu pre Isoline biele \/ ks"},"content":{"rendered":"<p>Vedenie sil\u00f3nu pre vrchn\u00fd nosn\u00edk isoline, vedenie sl\u00fa\u017ei na ochr\u00e1nenie sil\u00f3nu pred oderom v kovovom nosn\u00edku horizont\u00e1lnej \u017eal\u00fazie Isoline.<\/p>\n","protected":false},"excerpt":{"rendered":"<p>Vedenie sil\u00f3nu pre vrchn\u00fd nosn\u00edk isoline, vedenie sl\u00fa\u017ei na ochr\u00e1nenie sil\u00f3nu pred oderom v kovovom nosn\u00edku horizont\u00e1lnej \u017eal\u00fazie Isoline.<\/p>\n","protected":false},"featured_media":6839,"comment_status":"open","ping_status":"closed","template":"","meta":[],"product_cat":[65,85],"product_tag":[],"_links":{"self":[{"href":"https:\/\/www.brikol.sk\/en\/wp-json\/wp\/v2\/product\/1721"}],"collection":[{"href":"https:\/\/www.brikol.sk\/en\/wp-json\/wp\/v2\/product"}],"about":[{"href":"https:\/\/www.brikol.sk\/en\/wp-json\/wp\/v2\/types\/product"}],"replies":[{"embeddable":true,"href":"https:\/\/www.brikol.sk\/en\/wp-json\/wp\/v2\/comments?post=1721"}],"wp:featuredmedia":[{"embeddable":true,"href":"https:\/\/www.brikol.sk\/en\/wp-json\/wp\/v2\/media\/6839"}],"wp:attachment":[{"href":"https:\/\/www.brikol.sk\/en\/wp-json\/wp\/v2\/media?parent=1721"}],"wp:term":[{"taxonomy":"product_cat","embeddable":true,"href":"https:\/\/www.brikol.sk\/en\/wp-json\/wp\/v2\/product_cat?post=1721"},{"taxonomy":"product_tag","embeddable":true,"href":"https:\/\/www.brikol.sk\/en\/wp-json\/wp\/v2\/product_tag?post=1721"}],"curies":[{"name":"wp","href":"https:\/\/api.w.org\/{rel}","templated":true}]}}