{"id":20632,"date":"2025-01-22T09:15:40","date_gmt":"2025-01-22T08:15:40","guid":{"rendered":"https:\/\/www.brikol.sk\/?post_type=product&#038;p=20632"},"modified":"2025-03-26T17:36:07","modified_gmt":"2025-03-26T16:36:07","slug":"vozik-vertikaly-pre-plastovu-distanciu-ks-priesvitna","status":"publish","type":"product","link":"https:\/\/www.brikol.sk\/en\/produkt\/vozik-vertikaly-pre-plastovu-distanciu-ks-priesvitna\/","title":{"rendered":"Voz\u00edk vertik\u00e1ly pre plastov\u00fa distanciu \/ ks priesvitn\u00e1"},"content":{"rendered":"<p>Voz\u00edk vertik\u00e1ly do vrchn\u00e9ho profilu vertik\u00e1lnej \u017eal\u00fazie ur\u010den\u00fd pre plastov\u00e9 distancie.<\/p>\n<p>&nbsp;<\/p>\n","protected":false},"excerpt":{"rendered":"<p>Voz\u00edk vertik\u00e1ly ur\u010den\u00fd do vrchn\u00e9ho profilu vertik\u00e1lnej \u017eal\u00fazie na ktor\u00fd sa ve\u0161aj\u00fa jednotliv\u00e9 lamely \u017eal\u00fazie.<\/p>\n","protected":false},"featured_media":20640,"comment_status":"closed","ping_status":"closed","template":"","meta":[],"product_cat":[66],"product_tag":[],"_links":{"self":[{"href":"https:\/\/www.brikol.sk\/en\/wp-json\/wp\/v2\/product\/20632"}],"collection":[{"href":"https:\/\/www.brikol.sk\/en\/wp-json\/wp\/v2\/product"}],"about":[{"href":"https:\/\/www.brikol.sk\/en\/wp-json\/wp\/v2\/types\/product"}],"replies":[{"embeddable":true,"href":"https:\/\/www.brikol.sk\/en\/wp-json\/wp\/v2\/comments?post=20632"}],"wp:featuredmedia":[{"embeddable":true,"href":"https:\/\/www.brikol.sk\/en\/wp-json\/wp\/v2\/media\/20640"}],"wp:attachment":[{"href":"https:\/\/www.brikol.sk\/en\/wp-json\/wp\/v2\/media?parent=20632"}],"wp:term":[{"taxonomy":"product_cat","embeddable":true,"href":"https:\/\/www.brikol.sk\/en\/wp-json\/wp\/v2\/product_cat?post=20632"},{"taxonomy":"product_tag","embeddable":true,"href":"https:\/\/www.brikol.sk\/en\/wp-json\/wp\/v2\/product_tag?post=20632"}],"curies":[{"name":"wp","href":"https:\/\/api.w.org\/{rel}","templated":true}]}}