{"id":2138,"date":"2020-05-14T14:21:36","date_gmt":"2020-05-14T12:21:36","guid":{"rendered":"https:\/\/www.brikol.sk\/?post_type=product&#038;p=2138"},"modified":"2026-04-15T17:12:40","modified_gmt":"2026-04-15T15:12:40","slug":"protikus-balkonovej-zapadky-aubi-siegenia","status":"publish","type":"product","link":"https:\/\/www.brikol.sk\/en\/produkt\/protikus-balkonovej-zapadky-aubi-siegenia\/","title":{"rendered":"Protikus balk\u00f3novej z\u00e1padky aubi siegenia \/ ks"},"content":{"rendered":"<p>Protikus ku<strong><a href=\"https:\/\/www.brikol.sk\/produkt\/balkonova-zapadka-siegenia\/\"> balk\u00f3novej z\u00e1padke aubi siegenia<\/a><\/strong> ur\u010den\u00fd na \u0161tulpov\u00e9 dvere okut\u00e9 nov\u00fdm kovan\u00edm aubi siegenia titan.<\/p>\n<p>Protikus m\u00e1 v sebe kol\u00edky. Kol\u00edky zapasuj\u00fa na pas\u00edvnu \u010das\u0165 kr\u00eddla s kovan\u00edm ktor\u00e9 m\u00e1 pripraven\u00e9 dierky na vsadenie tohto dielu. Pri mont\u00e1\u017ei diel pripevn\u00edte jednou skrutkou ktor\u00e1 je s\u00fa\u010das\u0165ou balenia.<\/p>\n<p>&nbsp;<\/p>\n<p>&nbsp;<\/p>\n","protected":false},"excerpt":{"rendered":"<p>Protikus ku<strong><a href=\"https:\/\/www.brikol.sk\/produkt\/balkonova-zapadka-siegenia\/\"> balk\u00f3novej z\u00e1padke aubi siegenia<\/a><\/strong> ur\u010den\u00fd na \u0161tulpov\u00e9 dvere okut\u00e9 nov\u00fdm kovan\u00edm aubi siegenia titan. Protikus m\u00e1 v sebe vodiace kol\u00edky, na pas\u00edvnej \u010dasti kr\u00eddla sa nach\u00e1dza kovanie kde s\u00fa pripraven\u00e9 dierky na vsadenie tohto dielu.<\/p>\n","protected":false},"featured_media":8082,"comment_status":"open","ping_status":"closed","template":"","meta":[],"product_cat":[68,211,90],"product_tag":[],"_links":{"self":[{"href":"https:\/\/www.brikol.sk\/en\/wp-json\/wp\/v2\/product\/2138"}],"collection":[{"href":"https:\/\/www.brikol.sk\/en\/wp-json\/wp\/v2\/product"}],"about":[{"href":"https:\/\/www.brikol.sk\/en\/wp-json\/wp\/v2\/types\/product"}],"replies":[{"embeddable":true,"href":"https:\/\/www.brikol.sk\/en\/wp-json\/wp\/v2\/comments?post=2138"}],"wp:featuredmedia":[{"embeddable":true,"href":"https:\/\/www.brikol.sk\/en\/wp-json\/wp\/v2\/media\/8082"}],"wp:attachment":[{"href":"https:\/\/www.brikol.sk\/en\/wp-json\/wp\/v2\/media?parent=2138"}],"wp:term":[{"taxonomy":"product_cat","embeddable":true,"href":"https:\/\/www.brikol.sk\/en\/wp-json\/wp\/v2\/product_cat?post=2138"},{"taxonomy":"product_tag","embeddable":true,"href":"https:\/\/www.brikol.sk\/en\/wp-json\/wp\/v2\/product_tag?post=2138"}],"curies":[{"name":"wp","href":"https:\/\/api.w.org\/{rel}","templated":true}]}}