{"id":262,"date":"2018-01-17T17:46:36","date_gmt":"2018-01-17T16:46:36","guid":{"rendered":"http:\/\/www.brikol.sk\/produkt\/gombik-pre-sp-c-19x8\/"},"modified":"2026-03-24T13:30:01","modified_gmt":"2026-03-24T12:30:01","slug":"gombik-pre-spodny-profil-zaluzie","status":"publish","type":"product","link":"https:\/\/www.brikol.sk\/en\/produkt\/gombik-pre-spodny-profil-zaluzie\/","title":{"rendered":"Gomb\u00edk pre SP C 19&#215;8"},"content":{"rendered":"<p>Tento gomb\u00edk je navrhnut\u00fd na spo\u013eahliv\u00e9 uchytenie rebr\u00ed\u010dka v spodnom profile \u017eal\u00fazi\u00ed <b>K-system<\/b>. Zabezpe\u010duje, \u017ee rebr\u00ed\u010dek zostane na svojom mieste, \u010do prispieva k bezprobl\u00e9mov\u00e9mu fungovaniu a estetick\u00e9mu vzh\u013eadu va\u0161ich \u017eal\u00fazi\u00ed.<\/p>\n<p><b>Technick\u00e9 parametre:<\/b><\/p>\n<ul>\n<li><b>Ur\u010denie:<\/b> Gomb\u00edk je ur\u010den\u00fd pre spodn\u00fd profil s rozmermi <b>19 x 8 mm<\/b>.<\/li>\n<li><b>Kompatibilita:<\/b> Ide\u00e1lne pre \u017eal\u00fazie od v\u00fdrobcu K-system.<\/li>\n<li><b>Funkcia:<\/b> Upev\u0148uje rebr\u00ed\u010dek v spodnej \u010dasti profilu.<\/li>\n<\/ul>\n<p><b>Farebn\u00e9 varianty:<\/b><\/p>\n<p>Produkt je dostupn\u00fd v piatich farebn\u00fdch prevedeniach, aby sa hodil k r\u00f4znym typom \u017eal\u00fazi\u00ed a interi\u00e9rov:<\/p>\n<ul>\n<li>Biela<\/li>\n<li>Svetlo hned\u00e1<\/li>\n<li>Tmavohned\u00e1<\/li>\n<li>Siv\u00e1<\/li>\n<li>Priesvitn\u00e1<\/li>\n<\/ul>\n<p><b>Pou\u017eitie:<\/b><\/p>\n<p>V\u010faka presn\u00fdm rozmerom a jednoduchej in\u0161tal\u00e1cii je tento gomb\u00edk ide\u00e1lnym rie\u0161en\u00edm pre r\u00fdchlu opravu alebo \u00fadr\u017ebu va\u0161ich \u017eal\u00fazi\u00ed doma. Je navrhnut\u00fd tak, aby zapadol presne do profilu, \u010d\u00edm minimalizuje riziko po\u0161kodenia.<\/p>\n","protected":false},"excerpt":{"rendered":"<p>Gomb\u00edk pre spodn\u00fd profil \u017eal\u00fazie K-system. Gomb\u00edk sl\u00fa\u017ei na fixovanie rebr\u00ed\u010dku v spodnej \u010dasti. Gomb\u00edk je pre profil 19&#215;8 mm<\/p>\n","protected":false},"featured_media":6496,"comment_status":"closed","ping_status":"closed","template":"","meta":[],"product_cat":[65],"product_tag":[],"_links":{"self":[{"href":"https:\/\/www.brikol.sk\/en\/wp-json\/wp\/v2\/product\/262"}],"collection":[{"href":"https:\/\/www.brikol.sk\/en\/wp-json\/wp\/v2\/product"}],"about":[{"href":"https:\/\/www.brikol.sk\/en\/wp-json\/wp\/v2\/types\/product"}],"replies":[{"embeddable":true,"href":"https:\/\/www.brikol.sk\/en\/wp-json\/wp\/v2\/comments?post=262"}],"wp:featuredmedia":[{"embeddable":true,"href":"https:\/\/www.brikol.sk\/en\/wp-json\/wp\/v2\/media\/6496"}],"wp:attachment":[{"href":"https:\/\/www.brikol.sk\/en\/wp-json\/wp\/v2\/media?parent=262"}],"wp:term":[{"taxonomy":"product_cat","embeddable":true,"href":"https:\/\/www.brikol.sk\/en\/wp-json\/wp\/v2\/product_cat?post=262"},{"taxonomy":"product_tag","embeddable":true,"href":"https:\/\/www.brikol.sk\/en\/wp-json\/wp\/v2\/product_tag?post=262"}],"curies":[{"name":"wp","href":"https:\/\/api.w.org\/{rel}","templated":true}]}}