{"id":270,"date":"2018-01-17T17:46:41","date_gmt":"2018-01-17T16:46:41","guid":{"rendered":"http:\/\/www.brikol.sk\/produkt\/spojka-gulickovej-snury-ks\/"},"modified":"2026-04-22T22:44:18","modified_gmt":"2026-04-22T20:44:18","slug":"velka-spojka-gulickovej-snury","status":"publish","type":"product","link":"https:\/\/www.brikol.sk\/en\/produkt\/velka-spojka-gulickovej-snury\/","title":{"rendered":"Spojka guli\u010dkovej \u0161n\u00fary ve\u013ek\u00e1 \/ ks"},"content":{"rendered":"<p>Spojka guli\u010dkovej \u0161n\u00fary vhodn\u00e1 aj pre vertik\u00e1lne \u017eal\u00fazie aj pre horizont\u00e1lne \u017eal\u00fazie. Ovl\u00e1dan\u00e9 <span style=\"text-decoration: underline;\"><strong><a href=\"https:\/\/www.brikol.sk\/produkt\/gulickova-snura-retiazka-42-mm-m\/\">retiazkou s priemerom 4,2 mm<\/a> aj <a href=\"https:\/\/www.brikol.sk\/produkt\/gulickova-snura-retiazka-na-zaluzie-nahradne-diely-na-zaluzie\/\">retiazkou s priemerom 3,2 mm.<\/a><br \/>\n<\/strong><\/span><\/p>\n<p>Konce guli\u010dkovej retiazky sa jednoducho vlo\u017eia proti sebe do dr\u00e1\u017eok spojky a uzatvoria sa. Spojka sa zacvakne a ve\u013emi pevne dr\u017e\u00ed konce guli\u010dkovej retiazky.<\/p>\n<p>&nbsp;<\/p>\n<p>&nbsp;<\/p>\n","protected":false},"excerpt":{"rendered":"<p>Spojka guli\u010dkovej \u0161n\u00fary je vhodn\u00e1\u00a0 pre vertik\u00e1lne \u017eal\u00fazie aj pre horizont\u00e1lne \u017eal\u00fazie s <strong><a href=\"https:\/\/www.brikol.sk\/produkt\/gulickova-snura-retiazka-42-mm-m\/\">retiazkou s priemerom 4,2 mm<\/a> aj <a href=\"https:\/\/www.brikol.sk\/produkt\/gulickova-snura-retiazka-na-zaluzie-nahradne-diely-na-zaluzie\/\">retiazkou s priemerom 3,2 mm.<\/a><br \/>\n<\/strong><\/p>\n","protected":false},"featured_media":24907,"comment_status":"closed","ping_status":"closed","template":"","meta":[],"product_cat":[65,87,85,84,86,88,96,66],"product_tag":[],"_links":{"self":[{"href":"https:\/\/www.brikol.sk\/en\/wp-json\/wp\/v2\/product\/270"}],"collection":[{"href":"https:\/\/www.brikol.sk\/en\/wp-json\/wp\/v2\/product"}],"about":[{"href":"https:\/\/www.brikol.sk\/en\/wp-json\/wp\/v2\/types\/product"}],"replies":[{"embeddable":true,"href":"https:\/\/www.brikol.sk\/en\/wp-json\/wp\/v2\/comments?post=270"}],"wp:featuredmedia":[{"embeddable":true,"href":"https:\/\/www.brikol.sk\/en\/wp-json\/wp\/v2\/media\/24907"}],"wp:attachment":[{"href":"https:\/\/www.brikol.sk\/en\/wp-json\/wp\/v2\/media?parent=270"}],"wp:term":[{"taxonomy":"product_cat","embeddable":true,"href":"https:\/\/www.brikol.sk\/en\/wp-json\/wp\/v2\/product_cat?post=270"},{"taxonomy":"product_tag","embeddable":true,"href":"https:\/\/www.brikol.sk\/en\/wp-json\/wp\/v2\/product_tag?post=270"}],"curies":[{"name":"wp","href":"https:\/\/api.w.org\/{rel}","templated":true}]}}