{"id":280,"date":"2018-01-17T17:46:41","date_gmt":"2018-01-17T16:46:41","guid":{"rendered":"http:\/\/www.brikol.sk\/produkt\/detska-poistka-biela-ks\/"},"modified":"2026-01-08T10:10:51","modified_gmt":"2026-01-08T09:10:51","slug":"detska-poistka-biela-na-okno","status":"publish","type":"product","link":"https:\/\/www.brikol.sk\/en\/produkt\/detska-poistka-biela-na-okno\/","title":{"rendered":"Detsk\u00e1 poistka na okno biela \/ ks"},"content":{"rendered":"<p>Detsk\u00e1 poistka na okno sa d\u00e1 uzamkn\u00fa\u0165 a v uzamknutom stave je okno mo\u017en\u00e9 otvori\u0165 len na v\u00fdklopku, \u010d\u00edm zabr\u00e1nite tomu aby va\u0161e die\u0165a vypadlo z okna. Pri odomknut\u00ed detsk\u00fa poistku potiahnete a okno viete otvori\u0165 v plnom rozsahu \u010di u\u017e na \u00fadr\u017ebu alebo intenz\u00edvne vetranie. Detsk\u00e1 poistka na okno biela sa montuje zvn\u00fatra na spodok okna<\/p>\n","protected":false},"excerpt":{"rendered":"<p>Detsk\u00e1 poistka sa d\u00e1 uzamkn\u00fa\u0165 a v uzamknutom stave je okno mo\u017en\u00e9 otvori\u0165 len na v\u00fdklopku, \u010d\u00edm zabr\u00e1nite tomu aby va\u0161e die\u0165a vypadlo z okna. Pri odomknut\u00ed detsk\u00fa poistku potiahnete a okno viete otvori\u0165 v plnom rozsahu \u010di u\u017e na \u00fadr\u017ebu alebo intenz\u00edvne vetranie. Detsk\u00e1 poistka na okno biela sa montuje zvn\u00fatra na spodok okna<\/p>\n","protected":false},"featured_media":7772,"comment_status":"closed","ping_status":"closed","template":"","meta":[],"product_cat":[68,211,95],"product_tag":[],"_links":{"self":[{"href":"https:\/\/www.brikol.sk\/en\/wp-json\/wp\/v2\/product\/280"}],"collection":[{"href":"https:\/\/www.brikol.sk\/en\/wp-json\/wp\/v2\/product"}],"about":[{"href":"https:\/\/www.brikol.sk\/en\/wp-json\/wp\/v2\/types\/product"}],"replies":[{"embeddable":true,"href":"https:\/\/www.brikol.sk\/en\/wp-json\/wp\/v2\/comments?post=280"}],"wp:featuredmedia":[{"embeddable":true,"href":"https:\/\/www.brikol.sk\/en\/wp-json\/wp\/v2\/media\/7772"}],"wp:attachment":[{"href":"https:\/\/www.brikol.sk\/en\/wp-json\/wp\/v2\/media?parent=280"}],"wp:term":[{"taxonomy":"product_cat","embeddable":true,"href":"https:\/\/www.brikol.sk\/en\/wp-json\/wp\/v2\/product_cat?post=280"},{"taxonomy":"product_tag","embeddable":true,"href":"https:\/\/www.brikol.sk\/en\/wp-json\/wp\/v2\/product_tag?post=280"}],"curies":[{"name":"wp","href":"https:\/\/api.w.org\/{rel}","templated":true}]}}