{"id":290,"date":"2018-01-17T17:46:47","date_gmt":"2018-01-17T16:46:47","guid":{"rendered":"http:\/\/www.brikol.sk\/produkt\/udrzbovy-set-laminovane-okna-ks\/"},"modified":"2026-01-08T11:35:01","modified_gmt":"2026-01-08T10:35:01","slug":"udrzbovy-set-laminovane-okna-udrzba-a-servis-okien","status":"publish","type":"product","link":"https:\/\/www.brikol.sk\/en\/produkt\/udrzbovy-set-laminovane-okna-udrzba-a-servis-okien\/","title":{"rendered":"\u00dadr\u017ebov\u00fd set laminovan\u00e9 okn\u00e1 \/ ks"},"content":{"rendered":"<p>V na\u0161om \u00fadr\u017ebovom sete pre farebn\u00e9 okn\u00e1 n\u00e1jdete v\u0161etko potrebn\u00e9 na vy\u010distenie va\u0161ich okien a n\u00e1sledn\u00fa \u00fadr\u017ebu tesnenia a kovania. S\u00fa\u010das\u0165ou balenia je n\u00e1vod, ktor\u00fd v\u00e1s in\u0161truuje ako na spr\u00e1vnu \u00fadr\u017ebu okna.<\/p>\n","protected":false},"excerpt":{"rendered":"<p>V na\u0161om \u00fadr\u017ebovom sete pre okn\u00e1 n\u00e1jdete v\u0161etko potrebn\u00e9 na vy\u010distenie va\u0161ich okien a n\u00e1sledn\u00fa \u00fadr\u017ebu tesnenia a kovania. S\u00fa\u010das\u0165ou balenia je n\u00e1vod, ktor\u00fd v\u00e1s in\u0161truuje ako na spr\u00e1vnu \u00fadr\u017ebu okna.<br \/>\nObsah balenia:<br \/>\n1 x \u010distiaci prostriedok na r\u00e1my s handri\u010dkou<br \/>\n1 x olej na kovanie<br \/>\n3 x hubka na tesnenie napusten\u00e1 olejom<\/p>\n","protected":false},"featured_media":559,"comment_status":"closed","ping_status":"closed","template":"","meta":[],"product_cat":[68,212],"product_tag":[],"_links":{"self":[{"href":"https:\/\/www.brikol.sk\/en\/wp-json\/wp\/v2\/product\/290"}],"collection":[{"href":"https:\/\/www.brikol.sk\/en\/wp-json\/wp\/v2\/product"}],"about":[{"href":"https:\/\/www.brikol.sk\/en\/wp-json\/wp\/v2\/types\/product"}],"replies":[{"embeddable":true,"href":"https:\/\/www.brikol.sk\/en\/wp-json\/wp\/v2\/comments?post=290"}],"wp:featuredmedia":[{"embeddable":true,"href":"https:\/\/www.brikol.sk\/en\/wp-json\/wp\/v2\/media\/559"}],"wp:attachment":[{"href":"https:\/\/www.brikol.sk\/en\/wp-json\/wp\/v2\/media?parent=290"}],"wp:term":[{"taxonomy":"product_cat","embeddable":true,"href":"https:\/\/www.brikol.sk\/en\/wp-json\/wp\/v2\/product_cat?post=290"},{"taxonomy":"product_tag","embeddable":true,"href":"https:\/\/www.brikol.sk\/en\/wp-json\/wp\/v2\/product_tag?post=290"}],"curies":[{"name":"wp","href":"https:\/\/api.w.org\/{rel}","templated":true}]}}