{"id":293,"date":"2018-01-17T17:46:47","date_gmt":"2018-01-17T16:46:47","guid":{"rendered":"http:\/\/www.brikol.sk\/produkt\/klucka-na-plastove-okno-hoppe-biela\/"},"modified":"2026-03-31T08:51:36","modified_gmt":"2026-03-31T06:51:36","slug":"okenna-klucka-atlanta","status":"publish","type":"product","link":"https:\/\/www.brikol.sk\/en\/produkt\/okenna-klucka-atlanta\/","title":{"rendered":"K\u013eu\u010dka na okno ATLANTA \/ ks"},"content":{"rendered":"<p><strong>Okenn\u00e1 k\u013eu\u010dka Hoppe Atlanta Secustic<br \/>\n<\/strong><\/p>\n<p>Kvalitn\u00e1 univerz\u00e1lna okenn\u00e1 k\u013eu\u010dka Hoppe Atlanta Secustic ur\u010den\u00e1 pre plastov\u00e9, hlin\u00edkov\u00e9 aj dreven\u00e9 okn\u00e1. Rozmer \u0161tvorhranu je 45\/7 mm. K\u013eu\u010dka je chr\u00e1nen\u00e1 patentovan\u00fdm blokovac\u00edm mechanizmom zabra\u0148uj\u00facim manipul\u00e1ciou k\u013eu\u010dky zvonku za pomoci kovania.<\/p>\n<p>Okenn\u00e1 k\u013eu\u010dka Hoppe Atlanta Secustik sp\u013a\u0148a po\u017eiadavky pod\u013ea normy AhS RAL-RG607\/13. Pri ot\u00e1\u010dan\u00ed k\u013eu\u010dkou Secustik\u00ae o 180\u00b0 z uzatvorenej polohy do v\u00fdklopnej polohy blokovac\u00ed mechanizmus zapad\u00e1 s po\u010dute\u013en\u00fdm cvaknut\u00edm do \u0161peci\u00e1lnych dr\u00e1\u017eok &#8211; to znamen\u00e1 po\u010dute\u013en\u00fa v\u00fdhodu v bezpe\u010dnosti va\u0161ich okien.<\/p>\n<p><strong>TECHNICK\u00c9 INFORM\u00c1CIE:<\/strong><br \/>\nOto\u010dn\u00e1 krytka s pln\u00fdm prekryt\u00edm upev\u0148ovac\u00edch skrutiek, plastov\u00e1 rozeta s podporn\u00fdmi mont\u00e1\u017enymi v\u00fdstupkami 10mm, pln\u00fd \u0161tvorhran 7 mm dlh\u00fd 32-42 mm, aret\u00e1cia s presn\u00fdm nastaven\u00edm polohy 45 stup\u0148ov, s upev\u0148ovac\u00edmi skrutkami M5 .<\/p>\n<p>Farebn\u00e9 prevedenie :<\/p>\n<ul>\n<li>Biela<\/li>\n<li>Tmavohned\u00e1<\/li>\n<li>Bronz<\/li>\n<\/ul>\n<p>Jednoduch\u00e1 v\u00fdmena starej k\u013eu\u010dky za nov\u00fa. Pri v\u00fdmene V\u00e1m posta\u010d\u00ed iba \u0161raubov\u00e1k.<\/p>\n<p><span style=\"color: #ff0000;\"><strong>N\u00e1vod na v\u00fdmenu k\u013eu\u010dky<\/strong><\/span><\/p>\n<p><a href=\"https:\/\/www.brikol.sk\/wp-content\/uploads\/2023\/03\/Vymena-okennej-klucky.pdf\">V\u00fdmena okennej k\u013eu\u010dky\u00a0<\/a><\/p>\n<ol>\n<li>madlo starej k\u013eu\u010dky oto\u010d\u00edme do vodorovnej polohy ( poloha otvoren\u00e9ho okna)<\/li>\n<li>oto\u010dte vrchn\u00fa krytku na k\u013eu\u010dke ( pomocou dvoch prstov hore a dole krytku trochu nadvihneme a pooto\u010d\u00edme<br \/>\ndo vodorovnej polohy, \u010d\u00edm odkryjeme skrutky)<\/li>\n<li>skrutky vyto\u010d\u00edme pomocou \u0161raubov\u00e1ku a vyberieme star\u00fa k\u013eu\u010dku z kr\u00eddla okna von<\/li>\n<li>nov\u00fa k\u013eu\u010dku najprv v ruke oto\u010d\u00edme do vodorovnej polohy a tak ju vlo\u017e\u00edme do otvorov na kr\u00eddle okna<\/li>\n<li>prikr\u00fatime skrutky, a krytkou ich zakryjeme<\/li>\n<\/ol>\n","protected":false},"excerpt":{"rendered":"<p>Kvalitn\u00e1 univerz\u00e1lna k\u013eu\u010dka Hoppe Atlanta Secustic ur\u010den\u00e1 pre plastov\u00e9, hlin\u00edkov\u00e9 aj dreven\u00e9 okn\u00e1. Rozmer \u0161tvorhranu je 45\/7 mm. K\u013eu\u010dka je chr\u00e1nen\u00e1 patentovan\u00fdm blokovac\u00edm mechanizmom zabra\u0148uj\u00facim manipul\u00e1ciou k\u013eu\u010dky zvonku za pomoci kovania<\/p>\n<p>&nbsp;<\/p>\n<p>&nbsp;<\/p>\n","protected":false},"featured_media":7766,"comment_status":"closed","ping_status":"closed","template":"","meta":[],"product_cat":[82,213],"product_tag":[],"_links":{"self":[{"href":"https:\/\/www.brikol.sk\/en\/wp-json\/wp\/v2\/product\/293"}],"collection":[{"href":"https:\/\/www.brikol.sk\/en\/wp-json\/wp\/v2\/product"}],"about":[{"href":"https:\/\/www.brikol.sk\/en\/wp-json\/wp\/v2\/types\/product"}],"replies":[{"embeddable":true,"href":"https:\/\/www.brikol.sk\/en\/wp-json\/wp\/v2\/comments?post=293"}],"wp:featuredmedia":[{"embeddable":true,"href":"https:\/\/www.brikol.sk\/en\/wp-json\/wp\/v2\/media\/7766"}],"wp:attachment":[{"href":"https:\/\/www.brikol.sk\/en\/wp-json\/wp\/v2\/media?parent=293"}],"wp:term":[{"taxonomy":"product_cat","embeddable":true,"href":"https:\/\/www.brikol.sk\/en\/wp-json\/wp\/v2\/product_cat?post=293"},{"taxonomy":"product_tag","embeddable":true,"href":"https:\/\/www.brikol.sk\/en\/wp-json\/wp\/v2\/product_tag?post=293"}],"curies":[{"name":"wp","href":"https:\/\/api.w.org\/{rel}","templated":true}]}}