{"id":3111,"date":"2021-02-03T10:51:16","date_gmt":"2021-02-03T09:51:16","guid":{"rendered":"https:\/\/www.brikol.sk\/?post_type=product&#038;p=3111"},"modified":"2026-04-15T07:22:16","modified_gmt":"2026-04-15T05:22:16","slug":"tesnenie-sulko-panorama","status":"publish","type":"product","link":"https:\/\/www.brikol.sk\/en\/produkt\/tesnenie-sulko-panorama\/","title":{"rendered":"Tesnenie sulko-panor\u00e1ma \/ m"},"content":{"rendered":"<div id=\"tesnenie-sulko\">\n<p><strong>Tesnenie sulko-panorama<\/strong><\/p>\n<p>Univerz\u00e1lne tesnenie sulko-panorama je<strong> n\u00e1hradou za Va\u0161e star\u00e9 u\u017e netesniace tesnenie na plastov\u00fdch okn\u00e1ch a dver\u00e1ch<\/strong>.<\/p>\n<p>Mont\u00e1\u017e a v\u00fdmena je jednoduch\u00e1.<\/p>\n<p>Budeme potrebova\u0165:<\/p>\n<ul>\n<li>ostr\u00fd no\u017e\u00edk, najlep\u0161ie l\u00e1mac\u00ed,<\/li>\n<li><a href=\"https:\/\/www.brikol.sk\/produkt\/noznice-pre-sikme-rezy\/\">no\u017enice<\/a> na tesnenie<\/li>\n<li><a href=\"https:\/\/www.brikol.sk\/produkt\/sekundove-lepidlo-na-tesnenie\/\">sekundov\u00e9 lepidlo<\/a><\/li>\n<\/ul>\n<p>Star\u00e9 tesnenie sa mus\u00ed z dr\u00e1\u017eky vytiahnu\u0165. V tom pr\u00edpade, \u017ee tesnenie v dr\u00e1\u017eke m\u00e1me nalepen\u00e9 tak ho potrebujeme odreza\u0165 ostr\u00fdm no\u017e\u00edkom. Tesnenie m\u00f4\u017ee by\u0165 nato\u013eko star\u00e9, \u017ee nem\u00e1 \u017eiadnu pru\u017enos\u0165 a z dr\u00e1\u017eky ide vybra\u0165 \u0165a\u017e\u0161ie. Preto ho z nej mus\u00edte vyreza\u0165 von aby sa dr\u00e1\u017eka \u00faplne uvo\u013enila. Prekontrolujete dr\u00e1\u017eku a uist\u00edte sa, \u017ee v nej neostalo star\u00e9 tesnenie. N\u00e1sledne po uvo\u013enen\u00ed dr\u00e1\u017eky po starom tesnen\u00ed sa vsunie nov\u00e9 tesnenie. Koniec tesnenia pokia\u013e sa sp\u00e1ja z druh\u00fdm koncom tesnenia zastrih\u00e1vame do uhlu aby sa tieto dva konce pekne spojili. Rohy tesnenie odpor\u00fa\u010dame zlepi\u0165 <a href=\"https:\/\/www.brikol.sk\/produkt\/sekundove-lepidlo-na-tesnenie\/\">sekundov\u00fdm lepidlom<\/a>, aby ste sa vyhli pos\u00favaniu tesnenia a to plnilo svoju funkciu.<\/p>\n<p><strong>Pokia\u013e si nie ste ist\u00fd v\u00fdberom tesnenia odpor\u00fa\u010dame<a href=\"https:\/\/www.brikol.sk\/produkt\/vzorkovnik-tesneni\/\"> vzorkovn\u00edk tesnen\u00ed<\/a>, ktor\u00fd v\u00e1m pri v\u00fdbere pom\u00f4\u017ee.<\/strong><\/p>\n<p>Tovar zasielame balen\u00fd na cel\u00e9 metre. V pr\u00edpade v\u00e4\u010d\u0161ej objedn\u00e1vky nad 100 m tesnenie rozde\u013eujeme kv\u00f4li lep\u0161ej manipul\u00e1cii.<br \/>\nNapr. pri objedn\u00e1vke 5 kusov v\u00e1m bude poslan\u00fdch 5 metrov.<\/p>\n<p>Pre spr\u00e1vnu \u00fadr\u017ebu tesnenia odpor\u00fa\u010dame aspo\u0148 raz ro\u010dne tesnenie premaza\u0165<strong><span style=\"color: #3366ff;\"><a style=\"color: #3366ff;\" href=\"https:\/\/www.brikol.sk\/produkt\/silikonovy-s-hubkou-udrzba-servis-okna\/\"> Silik\u00f3nov\u00fdm olejom s hubkou<\/a>,<\/span><\/strong> aby si \u010do najdlh\u0161ie zachovalo svoje vlastnosti a funk\u010dnos\u0165.<\/p>\n<p>Video n\u00e1vod na v\u00fdmenu tesnenia <a href=\"https:\/\/www.youtube.com\/watch?v=Kp8Lf5EfUcA\"><span style=\"color: #000080;\"><strong>TU<\/strong><\/span><\/a><\/p>\n<\/div>\n","protected":false},"excerpt":{"rendered":"<p>Ttesnenie sulko, pre plastov\u00e9 okn\u00e1 je vhodn\u00e9 takmer do ka\u017ed\u00e9ho typu. Tesnenie je z materi\u00e1lu EPDM 60\u00b0 ShA.<\/p>\n<p>Tesnenie je<strong> n\u00e1hradou za Va\u0161e star\u00e9 u\u017e netesniace tesnenie<\/strong>.<a href=\"#tesnenie-sulko\"><strong><span style=\"color: #0000ff;\">Viac v popise<\/span><\/strong><\/a><\/p>\n<p>&nbsp;<\/p>\n<p>&nbsp;<\/p>\n","protected":false},"featured_media":6310,"comment_status":"open","ping_status":"closed","template":"","meta":[],"product_cat":[73,201],"product_tag":[],"_links":{"self":[{"href":"https:\/\/www.brikol.sk\/en\/wp-json\/wp\/v2\/product\/3111"}],"collection":[{"href":"https:\/\/www.brikol.sk\/en\/wp-json\/wp\/v2\/product"}],"about":[{"href":"https:\/\/www.brikol.sk\/en\/wp-json\/wp\/v2\/types\/product"}],"replies":[{"embeddable":true,"href":"https:\/\/www.brikol.sk\/en\/wp-json\/wp\/v2\/comments?post=3111"}],"wp:featuredmedia":[{"embeddable":true,"href":"https:\/\/www.brikol.sk\/en\/wp-json\/wp\/v2\/media\/6310"}],"wp:attachment":[{"href":"https:\/\/www.brikol.sk\/en\/wp-json\/wp\/v2\/media?parent=3111"}],"wp:term":[{"taxonomy":"product_cat","embeddable":true,"href":"https:\/\/www.brikol.sk\/en\/wp-json\/wp\/v2\/product_cat?post=3111"},{"taxonomy":"product_tag","embeddable":true,"href":"https:\/\/www.brikol.sk\/en\/wp-json\/wp\/v2\/product_tag?post=3111"}],"curies":[{"name":"wp","href":"https:\/\/api.w.org\/{rel}","templated":true}]}}