{"id":3416,"date":"2021-03-16T11:51:46","date_gmt":"2021-03-16T10:51:46","guid":{"rendered":"https:\/\/www.brikol.sk\/?post_type=product&#038;p=3416"},"modified":"2026-02-10T14:23:07","modified_gmt":"2026-02-10T13:23:07","slug":"balkonove-madielko-oble","status":"publish","type":"product","link":"https:\/\/www.brikol.sk\/en\/produkt\/balkonove-madielko-oble\/","title":{"rendered":"Kovov\u00e9 balk\u00f3nov\u00e9 madielko obl\u00e9 (\u00fachytka) \/ ks"},"content":{"rendered":"<p><strong>Balk\u00f3nov\u00e9 madielko obl\u00e9 (\u00fachytka)<\/strong> pre plastov\u00e9, hlin\u00edkov\u00e9 a dreven\u00e9 okn\u00e1.<\/p>\n<p>Balk\u00f3nov\u00e9 madielko &#8211; ur\u010den\u00e9 na mont\u00e1\u017e z exteri\u00e9ru aby ste balk\u00f3n za sebou mohli bez probl\u00e9mov privrie\u0165.<\/p>\n<p>Madielko vyroben\u00e9 z kovu a upraven\u00e9 pr\u00e1\u0161kovanou vypa\u013eovanou ral farbou.<\/p>\n<p>Mont\u00e1\u017e pomocou skrutiek (s\u00fa\u010das\u0165 balenia)<\/p>\n<p>Farebn\u00e9 prevedenie:<\/p>\n<ul>\n<li>Biela<\/li>\n<li>Bronz<\/li>\n<li>Titan<\/li>\n<li>Antracit<\/li>\n<\/ul>\n","protected":false},"excerpt":{"rendered":"<p>Balk\u00f3nov\u00e9 madielko (\u00fachytka) pre plastov\u00e9, hlin\u00edkov\u00e9 a dreven\u00e9 okn\u00e1. Balk\u00f3nov\u00e9 madielko je ur\u010den\u00e9 na mont\u00e1\u017e z exteri\u00e9ru aby ste balk\u00f3n za sebou mohli privrie\u0165.<\/p>\n","protected":false},"featured_media":3422,"comment_status":"closed","ping_status":"closed","template":"","meta":[],"product_cat":[212,82,215],"product_tag":[],"_links":{"self":[{"href":"https:\/\/www.brikol.sk\/en\/wp-json\/wp\/v2\/product\/3416"}],"collection":[{"href":"https:\/\/www.brikol.sk\/en\/wp-json\/wp\/v2\/product"}],"about":[{"href":"https:\/\/www.brikol.sk\/en\/wp-json\/wp\/v2\/types\/product"}],"replies":[{"embeddable":true,"href":"https:\/\/www.brikol.sk\/en\/wp-json\/wp\/v2\/comments?post=3416"}],"wp:featuredmedia":[{"embeddable":true,"href":"https:\/\/www.brikol.sk\/en\/wp-json\/wp\/v2\/media\/3422"}],"wp:attachment":[{"href":"https:\/\/www.brikol.sk\/en\/wp-json\/wp\/v2\/media?parent=3416"}],"wp:term":[{"taxonomy":"product_cat","embeddable":true,"href":"https:\/\/www.brikol.sk\/en\/wp-json\/wp\/v2\/product_cat?post=3416"},{"taxonomy":"product_tag","embeddable":true,"href":"https:\/\/www.brikol.sk\/en\/wp-json\/wp\/v2\/product_tag?post=3416"}],"curies":[{"name":"wp","href":"https:\/\/api.w.org\/{rel}","templated":true}]}}