{"id":3476,"date":"2021-03-22T14:56:24","date_gmt":"2021-03-22T13:56:24","guid":{"rendered":"https:\/\/www.brikol.sk\/?post_type=product&#038;p=3476"},"modified":"2026-04-25T17:45:13","modified_gmt":"2026-04-25T15:45:13","slug":"dverova-zastrc-wala-wsn","status":"publish","type":"product","link":"https:\/\/www.brikol.sk\/en\/produkt\/dverova-zastrc-wala-wsn\/","title":{"rendered":"Dverov\u00e1 z\u00e1str\u010d WALA WSN 23 mm kr\u00e1tka 145 mm \/ p\u00e1r"},"content":{"rendered":"<p>Dverov\u00e1 z\u00e1str\u010d WALA ur\u010den\u00e1 pre hlin\u00edkov\u00e9 alebo dreven\u00e9 dvere s rovnou dr\u00e1\u017ekou. S\u00fa\u010das\u0165ou balenia s\u00fa aj r\u00e1mov\u00e9 protikusy a sada skrutiek.<br \/>\nD\u013a\u017eka dverovej z\u00e1str\u010de je 145 mm, \u0161\u00edrka 22 mm, v\u00fd\u0161ka 8,5 mm<\/p>\n<p>D\u013a\u017eka vysunutej dverovej z\u00e1str\u010de je 23 mm<\/p>\n","protected":false},"excerpt":{"rendered":"<p>Dverov\u00e1 z\u00e1str\u010d WALA ur\u010den\u00e1 pre hlin\u00edkov\u00e9 alebo dreven\u00e9 dvere s rovnou dr\u00e1\u017ekou. S\u00fa\u010das\u0165ou balenia s\u00fa aj r\u00e1mov\u00e9 protikusy a sada skrutiek.<br \/>\nD\u013a\u017eka dverovej z\u00e1str\u010de je 145 mm, \u0161\u00edrka 22 mm, v\u00fd\u0161ka 8,5 mm<\/p>\n<p>D\u013a\u017eka vysunutej dverovej z\u00e1str\u010de je 23 mm<\/p>\n","protected":false},"featured_media":3481,"comment_status":"open","ping_status":"closed","template":"","meta":[],"product_cat":[68,72],"product_tag":[],"_links":{"self":[{"href":"https:\/\/www.brikol.sk\/en\/wp-json\/wp\/v2\/product\/3476"}],"collection":[{"href":"https:\/\/www.brikol.sk\/en\/wp-json\/wp\/v2\/product"}],"about":[{"href":"https:\/\/www.brikol.sk\/en\/wp-json\/wp\/v2\/types\/product"}],"replies":[{"embeddable":true,"href":"https:\/\/www.brikol.sk\/en\/wp-json\/wp\/v2\/comments?post=3476"}],"wp:featuredmedia":[{"embeddable":true,"href":"https:\/\/www.brikol.sk\/en\/wp-json\/wp\/v2\/media\/3481"}],"wp:attachment":[{"href":"https:\/\/www.brikol.sk\/en\/wp-json\/wp\/v2\/media?parent=3476"}],"wp:term":[{"taxonomy":"product_cat","embeddable":true,"href":"https:\/\/www.brikol.sk\/en\/wp-json\/wp\/v2\/product_cat?post=3476"},{"taxonomy":"product_tag","embeddable":true,"href":"https:\/\/www.brikol.sk\/en\/wp-json\/wp\/v2\/product_tag?post=3476"}],"curies":[{"name":"wp","href":"https:\/\/api.w.org\/{rel}","templated":true}]}}