{"id":3675,"date":"2021-04-13T12:24:49","date_gmt":"2021-04-13T10:24:49","guid":{"rendered":"https:\/\/www.brikol.sk\/?post_type=product&#038;p=3675"},"modified":"2026-01-08T11:22:00","modified_gmt":"2026-01-08T10:22:00","slug":"krytky-pantov-joker-biele","status":"publish","type":"product","link":"https:\/\/www.brikol.sk\/en\/produkt\/krytky-pantov-joker-biele\/","title":{"rendered":"Krytky p\u00e1ntov JOKER biele \/ sada"},"content":{"rendered":"<p>Plastov\u00e9 krytky p\u00e1ntov JOKER. V sade sa nach\u00e1dzaj\u00fa 4 ks krytiek.<\/p>\n","protected":false},"excerpt":{"rendered":"<p>Plastov\u00e9 krytky na dvern\u00e9 p\u00e1nty JOKER. V sade sa nach\u00e1dzaj\u00fa 4 ks krytiek.<\/p>\n","protected":false},"featured_media":8117,"comment_status":"open","ping_status":"closed","template":"","meta":[],"product_cat":[68,72],"product_tag":[],"_links":{"self":[{"href":"https:\/\/www.brikol.sk\/en\/wp-json\/wp\/v2\/product\/3675"}],"collection":[{"href":"https:\/\/www.brikol.sk\/en\/wp-json\/wp\/v2\/product"}],"about":[{"href":"https:\/\/www.brikol.sk\/en\/wp-json\/wp\/v2\/types\/product"}],"replies":[{"embeddable":true,"href":"https:\/\/www.brikol.sk\/en\/wp-json\/wp\/v2\/comments?post=3675"}],"wp:featuredmedia":[{"embeddable":true,"href":"https:\/\/www.brikol.sk\/en\/wp-json\/wp\/v2\/media\/8117"}],"wp:attachment":[{"href":"https:\/\/www.brikol.sk\/en\/wp-json\/wp\/v2\/media?parent=3675"}],"wp:term":[{"taxonomy":"product_cat","embeddable":true,"href":"https:\/\/www.brikol.sk\/en\/wp-json\/wp\/v2\/product_cat?post=3675"},{"taxonomy":"product_tag","embeddable":true,"href":"https:\/\/www.brikol.sk\/en\/wp-json\/wp\/v2\/product_tag?post=3675"}],"curies":[{"name":"wp","href":"https:\/\/api.w.org\/{rel}","templated":true}]}}