{"id":4307,"date":"2021-09-16T15:25:26","date_gmt":"2021-09-16T13:25:26","guid":{"rendered":"https:\/\/www.brikol.sk\/?post_type=product&#038;p=4307"},"modified":"2026-01-08T08:43:51","modified_gmt":"2026-01-08T07:43:51","slug":"krytka-pritlacneho-pantu-biela","status":"publish","type":"product","link":"https:\/\/www.brikol.sk\/en\/produkt\/krytka-pritlacneho-pantu-biela\/","title":{"rendered":"Krytka pr\u00edtla\u010dn\u00e9ho p\u00e1ntu \/ sada"},"content":{"rendered":"<p>Krytka pr\u00edtla\u010dn\u00e9ho p\u00e1ntu obsahuje 1r\u00e1mov\u00fa krytku a 1 krytku kr\u00eddlov\u00fa. Krytky sa nas\u00favaj\u00fa na diel pr\u00edtla\u010dn\u00e9ho z\u00e1vesu .<\/p>\n<p>&nbsp;<\/p>\n<p>&nbsp;<\/p>\n","protected":false},"excerpt":{"rendered":"<p>Krytka pr\u00edtla\u010dn\u00e9ho p\u00e1ntu<\/p>\n","protected":false},"featured_media":7776,"comment_status":"open","ping_status":"closed","template":"","meta":[],"product_cat":[68,211,92,212],"product_tag":[],"_links":{"self":[{"href":"https:\/\/www.brikol.sk\/en\/wp-json\/wp\/v2\/product\/4307"}],"collection":[{"href":"https:\/\/www.brikol.sk\/en\/wp-json\/wp\/v2\/product"}],"about":[{"href":"https:\/\/www.brikol.sk\/en\/wp-json\/wp\/v2\/types\/product"}],"replies":[{"embeddable":true,"href":"https:\/\/www.brikol.sk\/en\/wp-json\/wp\/v2\/comments?post=4307"}],"wp:featuredmedia":[{"embeddable":true,"href":"https:\/\/www.brikol.sk\/en\/wp-json\/wp\/v2\/media\/7776"}],"wp:attachment":[{"href":"https:\/\/www.brikol.sk\/en\/wp-json\/wp\/v2\/media?parent=4307"}],"wp:term":[{"taxonomy":"product_cat","embeddable":true,"href":"https:\/\/www.brikol.sk\/en\/wp-json\/wp\/v2\/product_cat?post=4307"},{"taxonomy":"product_tag","embeddable":true,"href":"https:\/\/www.brikol.sk\/en\/wp-json\/wp\/v2\/product_tag?post=4307"}],"curies":[{"name":"wp","href":"https:\/\/api.w.org\/{rel}","templated":true}]}}