{"id":4346,"date":"2021-09-23T13:05:25","date_gmt":"2021-09-23T11:05:25","guid":{"rendered":"https:\/\/www.brikol.sk\/?post_type=product&#038;p=4346"},"modified":"2026-01-08T09:40:57","modified_gmt":"2026-01-08T08:40:57","slug":"prievlak-zo-spiralou","status":"publish","type":"product","link":"https:\/\/www.brikol.sk\/en\/produkt\/prievlak-zo-spiralou\/","title":{"rendered":"Prievlak so \u0161pir\u00e1lou 10 cm \/ ks"},"content":{"rendered":"<p>Prievlak sa pou\u017e\u00edva na medzisklen\u00e9 \u017eal\u00fazie, sl\u00fa\u017ei na prevle\u010denie ovl\u00e1dania (\u0161n\u00farky a tiahla).<br \/>\nPripevnen\u00e1 dvoma skrutkami (klin\u010deky) do hornej \u010dasti okna.<br \/>\nPru\u017eina vedie \u0161n\u00farku vy\u0165ahovania, tak aby bol zaisten\u00fd hladk\u00fd chod, otvor nad pru\u017einou sl\u00fa\u017ei na vyvedenie boudenu, ku ktor\u00e9mu sa prip\u00e1ja tiahlo \u017eal\u00fazie.<\/p>\n<p>V\u00fd\u0161ka 44 mm, \u0161\u00edrka 16 mm, d\u013a\u017eka pri\u017einy 100 mm<\/p>\n<p>skrutky nie su s\u00fa\u010das\u0165 balenia<\/p>\n","protected":false},"excerpt":{"rendered":"<p>Prievlak sa pou\u017e\u00edva na medzisklen\u00e9 \u017eal\u00fazie, sl\u00fa\u017ei na prevle\u010denie ovl\u00e1dania (\u0161n\u00farky a tiahla). Pripevnen\u00e1 dvoma skrutkami (klin\u010deky) do hornej \u010dasti okna. Pru\u017eina vedie \u0161n\u00farku vy\u0165ahovania, tak aby bol zaisten\u00fd hladk\u00fd chod, otvor nad pru\u017einou sl\u00fa\u017ei na vyvedenie boudenu, ku ktor\u00e9mu sa prip\u00e1ja tiahlo \u017eal\u00fazie. V\u00fd\u0161ka 44 mm, \u0161\u00edrka 16 mm, d\u013a\u017eka pri\u017einy 100 mm skrutky [&hellip;]\n","protected":false},"featured_media":7058,"comment_status":"open","ping_status":"closed","template":"","meta":[],"product_cat":[65,88],"product_tag":[],"_links":{"self":[{"href":"https:\/\/www.brikol.sk\/en\/wp-json\/wp\/v2\/product\/4346"}],"collection":[{"href":"https:\/\/www.brikol.sk\/en\/wp-json\/wp\/v2\/product"}],"about":[{"href":"https:\/\/www.brikol.sk\/en\/wp-json\/wp\/v2\/types\/product"}],"replies":[{"embeddable":true,"href":"https:\/\/www.brikol.sk\/en\/wp-json\/wp\/v2\/comments?post=4346"}],"wp:featuredmedia":[{"embeddable":true,"href":"https:\/\/www.brikol.sk\/en\/wp-json\/wp\/v2\/media\/7058"}],"wp:attachment":[{"href":"https:\/\/www.brikol.sk\/en\/wp-json\/wp\/v2\/media?parent=4346"}],"wp:term":[{"taxonomy":"product_cat","embeddable":true,"href":"https:\/\/www.brikol.sk\/en\/wp-json\/wp\/v2\/product_cat?post=4346"},{"taxonomy":"product_tag","embeddable":true,"href":"https:\/\/www.brikol.sk\/en\/wp-json\/wp\/v2\/product_tag?post=4346"}],"curies":[{"name":"wp","href":"https:\/\/api.w.org\/{rel}","templated":true}]}}